{"id":21351,"date":"2022-04-14T16:49:13","date_gmt":"2022-04-14T14:49:13","guid":{"rendered":"http:\/\/www.campaniaincammino.it\/?page_id=21351"},"modified":"2022-05-06T17:17:59","modified_gmt":"2022-05-06T15:17:59","slug":"trekking-lungo-le-coste","status":"publish","type":"page","link":"https:\/\/www.campaniaincammino.it\/de\/trekking-lungo-le-coste\/","title":{"rendered":"Trekking entlang der K\u00fcsten"},"content":{"rendered":"<div data-elementor-type=\"wp-page\" data-elementor-id=\"21351\" class=\"elementor elementor-21351\" data-elementor-settings=\"[]\">\n\t\t\t\t\t\t<div class=\"elementor-inner\">\n\t\t\t\t\t\t\t<div class=\"elementor-section-wrap\">\n\t\t\t\t\t\t\t<section class=\"elementor-section elementor-top-section elementor-element elementor-element-0c99607 elementor-section-boxed elementor-section-height-default elementor-section-height-default\" data-id=\"0c99607\" data-element_type=\"section\" data-settings=\"{&quot;jet_parallax_layout_list&quot;:[]}\">\n\t\t\t\t\t\t<div class=\"elementor-container elementor-column-gap-default\">\n\t\t\t\t\t\t\t<div class=\"elementor-row\">\n\t\t\t\t\t<div class=\"elementor-column elementor-col-50 elementor-top-column elementor-element elementor-element-8ca0dbe\" data-id=\"8ca0dbe\" data-element_type=\"column\">\n\t\t\t<div class=\"elementor-column-wrap elementor-element-populated\">\n\t\t\t\t\t\t\t<div class=\"elementor-widget-wrap\">\n\t\t\t\t\t\t<div class=\"elementor-element elementor-element-6249292 dt-sc-custom-heading dt-sc-custom-underline-decor elementor-widget elementor-widget-heading\" data-id=\"6249292\" data-element_type=\"widget\" data-widget_type=\"heading.default\">\n\t\t\t\t<div class=\"elementor-widget-container\">\n\t\t\t<h3 class=\"elementor-heading-title elementor-size-default\">Trekking entlang der K\u00fcsten<\/h3>\t\t<\/div>\n\t\t\t\t<\/div>\n\t\t\t\t<div class=\"elementor-element elementor-element-dca68f3 elementor-widget elementor-widget-text-editor\" data-id=\"dca68f3\" data-element_type=\"widget\" data-widget_type=\"text-editor.default\">\n\t\t\t\t<div class=\"elementor-widget-container\">\n\t\t\t\t\t\t\t\t<div class=\"elementor-text-editor elementor-clearfix\">\n\t\t\t\t<p>Trekking mit Blick auf das Meer mit seinen bezaubernden Routen entlang der italienischen K\u00fcsten ist ein magisches Erlebnis. Licht und W\u00e4rme pr\u00e4gen das Klima der K\u00fcstengebiete; Die gesunde Luft und die milden Temperaturen in der kalten Jahreszeit machen die blau-gr\u00fcnen Routen, die man zu Fu\u00df zur\u00fccklegen muss, noch au\u00dfergew\u00f6hnlicher, um ihre ganze nat\u00fcrliche Sch\u00f6nheit zu genie\u00dfen. \u00dcberall dort, wo es ein K\u00fcstendorf gibt, ist die Atmosph\u00e4re perfekt, um auch mit dem Geist zu reisen.<\/p>\t\t\t\t\t<\/div>\n\t\t\t\t\t\t<\/div>\n\t\t\t\t<\/div>\n\t\t\t\t\t\t<\/div>\n\t\t\t\t\t<\/div>\n\t\t<\/div>\n\t\t\t\t<div class=\"elementor-column elementor-col-50 elementor-top-column elementor-element elementor-element-3df0da5\" data-id=\"3df0da5\" data-element_type=\"column\">\n\t\t\t<div class=\"elementor-column-wrap elementor-element-populated\">\n\t\t\t\t\t\t\t<div class=\"elementor-widget-wrap\">\n\t\t\t\t\t\t<div class=\"elementor-element elementor-element-2926124 elementor-position-right dt-sc-custom-activities-image-decor animated-slow elementor-vertical-align-top elementor-invisible elementor-widget elementor-widget-image-box\" data-id=\"2926124\" data-element_type=\"widget\" data-settings=\"{&quot;_animation&quot;:&quot;fadeIn&quot;}\" data-widget_type=\"image-box.default\">\n\t\t\t\t<div class=\"elementor-widget-container\">\n\t\t\t<div class=\"elementor-image-box-wrapper\"><figure class=\"elementor-image-box-img\"><img loading=\"lazy\" decoding=\"async\" width=\"1200\" height=\"800\" src=\"https:\/\/www.campaniaincammino.it\/wp-content\/uploads\/2022\/04\/img-big-trekking-lungo-le-coste.jpg\" class=\"attachment-full size-full\" alt=\"\" \/><\/figure><\/div>\t\t<\/div>\n\t\t\t\t<\/div>\n\t\t\t\t\t\t<\/div>\n\t\t\t\t\t<\/div>\n\t\t<\/div>\n\t\t\t\t\t\t\t\t<\/div>\n\t\t\t\t\t<\/div>\n\t\t<\/section>\n\t\t\t\t<section class=\"elementor-section elementor-top-section elementor-element elementor-element-1a53445 elementor-section-stretched elementor-section-boxed elementor-section-height-default elementor-section-height-default\" data-id=\"1a53445\" data-element_type=\"section\" data-settings=\"{&quot;stretch_section&quot;:&quot;section-stretched&quot;,&quot;jet_parallax_layout_list&quot;:[{&quot;jet_parallax_layout_image&quot;:{&quot;url&quot;:&quot;&quot;,&quot;id&quot;:&quot;&quot;},&quot;_id&quot;:&quot;f5b285c&quot;,&quot;jet_parallax_layout_image_tablet&quot;:{&quot;url&quot;:&quot;&quot;,&quot;id&quot;:&quot;&quot;},&quot;jet_parallax_layout_image_mobile&quot;:{&quot;url&quot;:&quot;&quot;,&quot;id&quot;:&quot;&quot;},&quot;jet_parallax_layout_speed&quot;:{&quot;unit&quot;:&quot;%&quot;,&quot;size&quot;:50,&quot;sizes&quot;:[]},&quot;jet_parallax_layout_type&quot;:&quot;scroll&quot;,&quot;jet_parallax_layout_direction&quot;:null,&quot;jet_parallax_layout_fx_direction&quot;:null,&quot;jet_parallax_layout_z_index&quot;:&quot;&quot;,&quot;jet_parallax_layout_bg_x&quot;:50,&quot;jet_parallax_layout_bg_x_tablet&quot;:&quot;&quot;,&quot;jet_parallax_layout_bg_x_mobile&quot;:&quot;&quot;,&quot;jet_parallax_layout_bg_y&quot;:50,&quot;jet_parallax_layout_bg_y_tablet&quot;:&quot;&quot;,&quot;jet_parallax_layout_bg_y_mobile&quot;:&quot;&quot;,&quot;jet_parallax_layout_bg_size&quot;:&quot;auto&quot;,&quot;jet_parallax_layout_bg_size_tablet&quot;:&quot;&quot;,&quot;jet_parallax_layout_bg_size_mobile&quot;:&quot;&quot;,&quot;jet_parallax_layout_animation_prop&quot;:&quot;transform&quot;,&quot;jet_parallax_layout_on&quot;:[&quot;desktop&quot;,&quot;tablet&quot;]}],&quot;background_background&quot;:&quot;classic&quot;}\">\n\t\t\t\t\t\t<div class=\"elementor-container elementor-column-gap-no\">\n\t\t\t\t\t\t\t<div class=\"elementor-row\">\n\t\t\t\t\t<div class=\"elementor-column elementor-col-100 elementor-top-column elementor-element elementor-element-3e42c7a\" data-id=\"3e42c7a\" data-element_type=\"column\">\n\t\t\t<div class=\"elementor-column-wrap elementor-element-populated\">\n\t\t\t\t\t\t\t<div class=\"elementor-widget-wrap\">\n\t\t\t\t\t\t<div class=\"elementor-element elementor-element-ed7142e elementor-widget elementor-widget-spacer\" data-id=\"ed7142e\" data-element_type=\"widget\" data-widget_type=\"spacer.default\">\n\t\t\t\t<div class=\"elementor-widget-container\">\n\t\t\t\t\t<div class=\"elementor-spacer\">\n\t\t\t<div class=\"elementor-spacer-inner\"><\/div>\n\t\t<\/div>\n\t\t\t\t<\/div>\n\t\t\t\t<\/div>\n\t\t\t\t<div class=\"elementor-element elementor-element-a4b47b6 dt-sc-custom-advance-carousel elementor-widget elementor-widget-jet-carousel\" data-id=\"a4b47b6\" data-element_type=\"widget\" data-settings=\"{&quot;slides_to_show&quot;:&quot;3&quot;,&quot;slides_to_scroll&quot;:&quot;1&quot;}\" data-widget_type=\"jet-carousel.default\">\n\t\t\t\t<div class=\"elementor-widget-container\">\n\t\t\t<div class=\"elementor-jet-carousel jet-elements\"><div class=\"jet-carousel-wrap\">\n\t<div class=\"jet-carousel\" data-slider_options=\"{&quot;autoplaySpeed&quot;:5000,&quot;autoplay&quot;:true,&quot;infinite&quot;:true,&quot;centerMode&quot;:false,&quot;pauseOnHover&quot;:false,&quot;speed&quot;:500,&quot;arrows&quot;:true,&quot;dots&quot;:false,&quot;variableWidth&quot;:false,&quot;prevArrow&quot;:&quot;.jet-carousel__prev-arrow-a4b47b6&quot;,&quot;nextArrow&quot;:&quot;.jet-carousel__next-arrow-a4b47b6&quot;,&quot;rtl&quot;:false,&quot;fractionNav&quot;:false}\" dir=\"ltr\">\n\t<div class=\"elementor-slick-slider\">\n\n<div class=\"jet-carousel__item\">\n\t<div class=\"jet-carousel__item-inner\"><a href=\"http:\/\/www.campaniaincammino.it\/wp-content\/uploads\/2022\/04\/img-gallery-trekking-lungo-le-coste-01.jpg\" class=\"jet-carousel__item-link\" data-elementor-open-lightbox=\"yes\" data-elementor-lightbox-slideshow=\"a4b47b6\"><img decoding=\"async\" src=\"http:\/\/www.campaniaincammino.it\/wp-content\/uploads\/2022\/04\/img-gallery-trekking-lungo-le-coste-01.jpg\" class=\"jet-carousel__item-img\" alt=\"img-gallery-trekking-lungo-le-coste-01\" loading=\"lazy\"><\/a><div class=\"jet-carousel__content\"><\/div><\/div>\n<\/div>\n\n<div class=\"jet-carousel__item\">\n\t<div class=\"jet-carousel__item-inner\"><a href=\"http:\/\/www.campaniaincammino.it\/wp-content\/uploads\/2022\/04\/img-gallery-trekking-lungo-le-coste-02.jpg\" class=\"jet-carousel__item-link\" data-elementor-open-lightbox=\"yes\" data-elementor-lightbox-slideshow=\"a4b47b6\"><img decoding=\"async\" src=\"http:\/\/www.campaniaincammino.it\/wp-content\/uploads\/2022\/04\/img-gallery-trekking-lungo-le-coste-02.jpg\" class=\"jet-carousel__item-img\" alt=\"img-gallery-trekking-lungo-le-coste-02\" loading=\"lazy\"><\/a><div class=\"jet-carousel__content\"><\/div><\/div>\n<\/div>\n\n<div class=\"jet-carousel__item\">\n\t<div class=\"jet-carousel__item-inner\"><a href=\"http:\/\/www.campaniaincammino.it\/wp-content\/uploads\/2022\/04\/img-gallery-trekking-lungo-le-coste-04.jpg\" class=\"jet-carousel__item-link\" data-elementor-open-lightbox=\"yes\" data-elementor-lightbox-slideshow=\"a4b47b6\"><img decoding=\"async\" src=\"http:\/\/www.campaniaincammino.it\/wp-content\/uploads\/2022\/04\/img-gallery-trekking-lungo-le-coste-04.jpg\" class=\"jet-carousel__item-img\" alt=\"img-gallery-trekking-lungo-le-coste-04\" loading=\"lazy\"><\/a><div class=\"jet-carousel__content\"><\/div><\/div>\n<\/div>\n\n<div class=\"jet-carousel__item\">\n\t<div class=\"jet-carousel__item-inner\"><a href=\"http:\/\/www.campaniaincammino.it\/wp-content\/uploads\/2022\/04\/img-gallery-trekking-lungo-le-coste-05.jpg\" class=\"jet-carousel__item-link\" data-elementor-open-lightbox=\"yes\" data-elementor-lightbox-slideshow=\"a4b47b6\"><img decoding=\"async\" src=\"http:\/\/www.campaniaincammino.it\/wp-content\/uploads\/2022\/04\/img-gallery-trekking-lungo-le-coste-05.jpg\" class=\"jet-carousel__item-img\" alt=\"img-gallery-trekking-lungo-le-coste-05\" loading=\"lazy\"><\/a><div class=\"jet-carousel__content\"><\/div><\/div>\n<\/div>\n\n<div class=\"jet-carousel__item\">\n\t<div class=\"jet-carousel__item-inner\"><a href=\"http:\/\/www.campaniaincammino.it\/wp-content\/uploads\/2022\/04\/img-gallery-trekking-lungo-le-coste-06.jpg\" class=\"jet-carousel__item-link\" data-elementor-open-lightbox=\"yes\" data-elementor-lightbox-slideshow=\"a4b47b6\"><img decoding=\"async\" src=\"http:\/\/www.campaniaincammino.it\/wp-content\/uploads\/2022\/04\/img-gallery-trekking-lungo-le-coste-06.jpg\" class=\"jet-carousel__item-img\" alt=\"img-gallery-trekking-lungo-le-coste-06\" loading=\"lazy\"><\/a><div class=\"jet-carousel__content\"><\/div><\/div>\n<\/div>\n\n<div class=\"jet-carousel__item\">\n\t<div class=\"jet-carousel__item-inner\"><a href=\"http:\/\/www.campaniaincammino.it\/wp-content\/uploads\/2022\/04\/img-gallery-trekking-lungo-le-coste-03.jpg\" class=\"jet-carousel__item-link\" data-elementor-open-lightbox=\"yes\" data-elementor-lightbox-slideshow=\"a4b47b6\"><img decoding=\"async\" src=\"http:\/\/www.campaniaincammino.it\/wp-content\/uploads\/2022\/04\/img-gallery-trekking-lungo-le-coste-03.jpg\" class=\"jet-carousel__item-img\" alt=\"img-gallery-trekking-lungo-le-coste-03\" loading=\"lazy\"><\/a><div class=\"jet-carousel__content\"><\/div><\/div>\n<\/div>\n<\/div><div class=\"jet-carousel__prev-arrow-a4b47b6 jet-arrow prev-arrow\"><i aria-hidden=\"true\" class=\"fas fa-arrow-left\"><\/i><\/div><div class=\"jet-carousel__next-arrow-a4b47b6 jet-arrow next-arrow\"><i aria-hidden=\"true\" class=\"fas fa-arrow-right\"><\/i><\/div><\/div>\n<\/div>\n<\/div>\t\t<\/div>\n\t\t\t\t<\/div>\n\t\t\t\t<div class=\"elementor-element elementor-element-b9153b3 elementor-widget elementor-widget-spacer\" data-id=\"b9153b3\" data-element_type=\"widget\" data-widget_type=\"spacer.default\">\n\t\t\t\t<div class=\"elementor-widget-container\">\n\t\t\t\t\t<div class=\"elementor-spacer\">\n\t\t\t<div class=\"elementor-spacer-inner\"><\/div>\n\t\t<\/div>\n\t\t\t\t<\/div>\n\t\t\t\t<\/div>\n\t\t\t\t\t\t<\/div>\n\t\t\t\t\t<\/div>\n\t\t<\/div>\n\t\t\t\t\t\t\t\t<\/div>\n\t\t\t\t\t<\/div>\n\t\t<\/section>\n\t\t\t\t\t\t<\/div>\n\t\t\t\t\t\t<\/div>\n\t\t\t\t\t<\/div>","protected":false},"excerpt":{"rendered":"<p>Trekking lungo le Coste Il trekking vista mare, con i suoi incantevoli itinerari lungo le coste italiane, \u00e8 un\u2019esperienza magica. La luce e il tepore caratterizzano il clima delle zone costiere; l\u2019aria salubre le temperature miti nelle stagioni fredde rendono ancora pi\u00f9 straordinari gli itinerari verdazzurri da percorrere a piedi per poter godere di tutta [&hellip;]<\/p>","protected":false},"author":1,"featured_media":21524,"parent":0,"menu_order":0,"comment_status":"closed","ping_status":"closed","template":"","meta":{"_exactmetrics_skip_tracking":false,"_exactmetrics_sitenote_active":false,"_exactmetrics_sitenote_note":"","_exactmetrics_sitenote_category":0,"footnotes":""},"class_list":["post-21351","page","type-page","status-publish","has-post-thumbnail","hentry"],"yoast_head":"<!-- This site is optimized with the Yoast SEO plugin v25.3 - https:\/\/yoast.com\/wordpress\/plugins\/seo\/ -->\n<title>Trekking lungo le Coste - Campania in Cammino<\/title>\n<meta name=\"description\" content=\"Il trekking vista mare, con i suoi incantevoli itinerari lungo le coste italiane, \u00e8 un\u2019esperienza magica. La luce e il tepore caratterizzano il clima delle zone costiere\" \/>\n<meta name=\"robots\" content=\"index, follow, max-snippet:-1, max-image-preview:large, max-video-preview:-1\" \/>\n<link rel=\"canonical\" href=\"https:\/\/www.campaniaincammino.it\/de\/trekking-lungo-le-coste\/\" \/>\n<meta property=\"og:locale\" content=\"de_DE\" \/>\n<meta property=\"og:type\" content=\"article\" \/>\n<meta property=\"og:title\" content=\"Trekking lungo le Coste - Campania in Cammino\" \/>\n<meta property=\"og:description\" content=\"Il trekking vista mare, con i suoi incantevoli itinerari lungo le coste italiane, \u00e8 un\u2019esperienza magica. La luce e il tepore caratterizzano il clima delle zone costiere\" \/>\n<meta property=\"og:url\" content=\"https:\/\/www.campaniaincammino.it\/de\/trekking-lungo-le-coste\/\" \/>\n<meta property=\"og:site_name\" content=\"Campania in Cammino\" \/>\n<meta property=\"article:publisher\" content=\"https:\/\/www.facebook.com\/campania.in.cammino.official\" \/>\n<meta property=\"article:modified_time\" content=\"2022-05-06T15:17:59+00:00\" \/>\n<meta property=\"og:image\" content=\"https:\/\/www.campaniaincammino.it\/wp-content\/uploads\/2022\/04\/img-slide-trekking-lungo-le-coste.jpg\" \/>\n\t<meta property=\"og:image:width\" content=\"1920\" \/>\n\t<meta property=\"og:image:height\" content=\"766\" \/>\n\t<meta property=\"og:image:type\" content=\"image\/jpeg\" \/>\n<meta name=\"twitter:card\" content=\"summary_large_image\" \/>\n<meta name=\"twitter:label1\" content=\"Gesch\u00e4tzte Lesezeit\" \/>\n\t<meta name=\"twitter:data1\" content=\"2\u00a0Minuten\" \/>\n<script type=\"application\/ld+json\" class=\"yoast-schema-graph\">{\"@context\":\"https:\/\/schema.org\",\"@graph\":[{\"@type\":\"WebPage\",\"@id\":\"https:\/\/www.campaniaincammino.it\/trekking-lungo-le-coste\/\",\"url\":\"https:\/\/www.campaniaincammino.it\/trekking-lungo-le-coste\/\",\"name\":\"Trekking lungo le Coste - Campania in Cammino\",\"isPartOf\":{\"@id\":\"https:\/\/www.campaniaincammino.it\/#website\"},\"primaryImageOfPage\":{\"@id\":\"https:\/\/www.campaniaincammino.it\/trekking-lungo-le-coste\/#primaryimage\"},\"image\":{\"@id\":\"https:\/\/www.campaniaincammino.it\/trekking-lungo-le-coste\/#primaryimage\"},\"thumbnailUrl\":\"https:\/\/www.campaniaincammino.it\/wp-content\/uploads\/2022\/04\/img-slide-trekking-lungo-le-coste.jpg\",\"datePublished\":\"2022-04-14T14:49:13+00:00\",\"dateModified\":\"2022-05-06T15:17:59+00:00\",\"description\":\"Il trekking vista mare, con i suoi incantevoli itinerari lungo le coste italiane, \u00e8 un\u2019esperienza magica. La luce e il tepore caratterizzano il clima delle zone costiere\",\"breadcrumb\":{\"@id\":\"https:\/\/www.campaniaincammino.it\/trekking-lungo-le-coste\/#breadcrumb\"},\"inLanguage\":\"de\",\"potentialAction\":[{\"@type\":\"ReadAction\",\"target\":[\"https:\/\/www.campaniaincammino.it\/trekking-lungo-le-coste\/\"]}]},{\"@type\":\"ImageObject\",\"inLanguage\":\"de\",\"@id\":\"https:\/\/www.campaniaincammino.it\/trekking-lungo-le-coste\/#primaryimage\",\"url\":\"https:\/\/www.campaniaincammino.it\/wp-content\/uploads\/2022\/04\/img-slide-trekking-lungo-le-coste.jpg\",\"contentUrl\":\"https:\/\/www.campaniaincammino.it\/wp-content\/uploads\/2022\/04\/img-slide-trekking-lungo-le-coste.jpg\",\"width\":1920,\"height\":766},{\"@type\":\"BreadcrumbList\",\"@id\":\"https:\/\/www.campaniaincammino.it\/trekking-lungo-le-coste\/#breadcrumb\",\"itemListElement\":[{\"@type\":\"ListItem\",\"position\":1,\"name\":\"Home\",\"item\":\"https:\/\/www.campaniaincammino.it\/\"},{\"@type\":\"ListItem\",\"position\":2,\"name\":\"Trekking lungo le Coste\"}]},{\"@type\":\"WebSite\",\"@id\":\"https:\/\/www.campaniaincammino.it\/#website\",\"url\":\"https:\/\/www.campaniaincammino.it\/\",\"name\":\"Campania in Cammino\",\"description\":\"\",\"publisher\":{\"@id\":\"https:\/\/www.campaniaincammino.it\/#organization\"},\"potentialAction\":[{\"@type\":\"SearchAction\",\"target\":{\"@type\":\"EntryPoint\",\"urlTemplate\":\"https:\/\/www.campaniaincammino.it\/?s={search_term_string}\"},\"query-input\":{\"@type\":\"PropertyValueSpecification\",\"valueRequired\":true,\"valueName\":\"search_term_string\"}}],\"inLanguage\":\"de\"},{\"@type\":\"Organization\",\"@id\":\"https:\/\/www.campaniaincammino.it\/#organization\",\"name\":\"Campania in Cammino\",\"url\":\"https:\/\/www.campaniaincammino.it\/\",\"logo\":{\"@type\":\"ImageObject\",\"inLanguage\":\"de\",\"@id\":\"https:\/\/www.campaniaincammino.it\/#\/schema\/logo\/image\/\",\"url\":\"http:\/\/www.campaniaincammino.it\/wp-content\/uploads\/2021\/07\/logo-campaniaincammino.png\",\"contentUrl\":\"http:\/\/www.campaniaincammino.it\/wp-content\/uploads\/2021\/07\/logo-campaniaincammino.png\",\"width\":500,\"height\":200,\"caption\":\"Campania in Cammino\"},\"image\":{\"@id\":\"https:\/\/www.campaniaincammino.it\/#\/schema\/logo\/image\/\"},\"sameAs\":[\"https:\/\/www.facebook.com\/campania.in.cammino.official\",\"https:\/\/www.instagram.com\/campania_incammino\/\"]}]}<\/script>\n<!-- \/ Yoast SEO plugin. -->","yoast_head_json":{"title":"Trekking lungo le Coste - Campania in Cammino","description":"Il trekking vista mare, con i suoi incantevoli itinerari lungo le coste italiane, \u00e8 un\u2019esperienza magica. La luce e il tepore caratterizzano il clima delle zone costiere","robots":{"index":"index","follow":"follow","max-snippet":"max-snippet:-1","max-image-preview":"max-image-preview:large","max-video-preview":"max-video-preview:-1"},"canonical":"https:\/\/www.campaniaincammino.it\/de\/trekking-lungo-le-coste\/","og_locale":"de_DE","og_type":"article","og_title":"Trekking lungo le Coste - Campania in Cammino","og_description":"Il trekking vista mare, con i suoi incantevoli itinerari lungo le coste italiane, \u00e8 un\u2019esperienza magica. La luce e il tepore caratterizzano il clima delle zone costiere","og_url":"https:\/\/www.campaniaincammino.it\/de\/trekking-lungo-le-coste\/","og_site_name":"Campania in Cammino","article_publisher":"https:\/\/www.facebook.com\/campania.in.cammino.official","article_modified_time":"2022-05-06T15:17:59+00:00","og_image":[{"width":1920,"height":766,"url":"https:\/\/www.campaniaincammino.it\/wp-content\/uploads\/2022\/04\/img-slide-trekking-lungo-le-coste.jpg","type":"image\/jpeg"}],"twitter_card":"summary_large_image","twitter_misc":{"Gesch\u00e4tzte Lesezeit":"2\u00a0Minuten"},"schema":{"@context":"https:\/\/schema.org","@graph":[{"@type":"WebPage","@id":"https:\/\/www.campaniaincammino.it\/trekking-lungo-le-coste\/","url":"https:\/\/www.campaniaincammino.it\/trekking-lungo-le-coste\/","name":"Trekking lungo le Coste - Campania in Cammino","isPartOf":{"@id":"https:\/\/www.campaniaincammino.it\/#website"},"primaryImageOfPage":{"@id":"https:\/\/www.campaniaincammino.it\/trekking-lungo-le-coste\/#primaryimage"},"image":{"@id":"https:\/\/www.campaniaincammino.it\/trekking-lungo-le-coste\/#primaryimage"},"thumbnailUrl":"https:\/\/www.campaniaincammino.it\/wp-content\/uploads\/2022\/04\/img-slide-trekking-lungo-le-coste.jpg","datePublished":"2022-04-14T14:49:13+00:00","dateModified":"2022-05-06T15:17:59+00:00","description":"Il trekking vista mare, con i suoi incantevoli itinerari lungo le coste italiane, \u00e8 un\u2019esperienza magica. La luce e il tepore caratterizzano il clima delle zone costiere","breadcrumb":{"@id":"https:\/\/www.campaniaincammino.it\/trekking-lungo-le-coste\/#breadcrumb"},"inLanguage":"de","potentialAction":[{"@type":"ReadAction","target":["https:\/\/www.campaniaincammino.it\/trekking-lungo-le-coste\/"]}]},{"@type":"ImageObject","inLanguage":"de","@id":"https:\/\/www.campaniaincammino.it\/trekking-lungo-le-coste\/#primaryimage","url":"https:\/\/www.campaniaincammino.it\/wp-content\/uploads\/2022\/04\/img-slide-trekking-lungo-le-coste.jpg","contentUrl":"https:\/\/www.campaniaincammino.it\/wp-content\/uploads\/2022\/04\/img-slide-trekking-lungo-le-coste.jpg","width":1920,"height":766},{"@type":"BreadcrumbList","@id":"https:\/\/www.campaniaincammino.it\/trekking-lungo-le-coste\/#breadcrumb","itemListElement":[{"@type":"ListItem","position":1,"name":"Home","item":"https:\/\/www.campaniaincammino.it\/"},{"@type":"ListItem","position":2,"name":"Trekking lungo le Coste"}]},{"@type":"WebSite","@id":"https:\/\/www.campaniaincammino.it\/#website","url":"https:\/\/www.campaniaincammino.it\/","name":"Campania in Cammino","description":"","publisher":{"@id":"https:\/\/www.campaniaincammino.it\/#organization"},"potentialAction":[{"@type":"SearchAction","target":{"@type":"EntryPoint","urlTemplate":"https:\/\/www.campaniaincammino.it\/?s={search_term_string}"},"query-input":{"@type":"PropertyValueSpecification","valueRequired":true,"valueName":"search_term_string"}}],"inLanguage":"de"},{"@type":"Organization","@id":"https:\/\/www.campaniaincammino.it\/#organization","name":"Campania in Cammino","url":"https:\/\/www.campaniaincammino.it\/","logo":{"@type":"ImageObject","inLanguage":"de","@id":"https:\/\/www.campaniaincammino.it\/#\/schema\/logo\/image\/","url":"http:\/\/www.campaniaincammino.it\/wp-content\/uploads\/2021\/07\/logo-campaniaincammino.png","contentUrl":"http:\/\/www.campaniaincammino.it\/wp-content\/uploads\/2021\/07\/logo-campaniaincammino.png","width":500,"height":200,"caption":"Campania in Cammino"},"image":{"@id":"https:\/\/www.campaniaincammino.it\/#\/schema\/logo\/image\/"},"sameAs":["https:\/\/www.facebook.com\/campania.in.cammino.official","https:\/\/www.instagram.com\/campania_incammino\/"]}]}},"_links":{"self":[{"href":"https:\/\/www.campaniaincammino.it\/de\/wp-json\/wp\/v2\/pages\/21351","targetHints":{"allow":["GET"]}}],"collection":[{"href":"https:\/\/www.campaniaincammino.it\/de\/wp-json\/wp\/v2\/pages"}],"about":[{"href":"https:\/\/www.campaniaincammino.it\/de\/wp-json\/wp\/v2\/types\/page"}],"author":[{"embeddable":true,"href":"https:\/\/www.campaniaincammino.it\/de\/wp-json\/wp\/v2\/users\/1"}],"replies":[{"embeddable":true,"href":"https:\/\/www.campaniaincammino.it\/de\/wp-json\/wp\/v2\/comments?post=21351"}],"version-history":[{"count":22,"href":"https:\/\/www.campaniaincammino.it\/de\/wp-json\/wp\/v2\/pages\/21351\/revisions"}],"predecessor-version":[{"id":22238,"href":"https:\/\/www.campaniaincammino.it\/de\/wp-json\/wp\/v2\/pages\/21351\/revisions\/22238"}],"wp:featuredmedia":[{"embeddable":true,"href":"https:\/\/www.campaniaincammino.it\/de\/wp-json\/wp\/v2\/media\/21524"}],"wp:attachment":[{"href":"https:\/\/www.campaniaincammino.it\/de\/wp-json\/wp\/v2\/media?parent=21351"}],"curies":[{"name":"wp","href":"https:\/\/api.w.org\/{rel}","templated":true}]}}