{"id":22337,"date":"2022-05-24T11:35:41","date_gmt":"2022-05-24T09:35:41","guid":{"rendered":"http:\/\/www.campaniaincammino.it\/?page_id=22337"},"modified":"2022-05-24T11:47:08","modified_gmt":"2022-05-24T09:47:08","slug":"news","status":"publish","type":"page","link":"https:\/\/www.campaniaincammino.it\/de\/news\/","title":{"rendered":"Nachrichten"},"content":{"rendered":"<div data-elementor-type=\"wp-page\" data-elementor-id=\"22337\" class=\"elementor elementor-22337\" data-elementor-settings=\"[]\">\n\t\t\t\t\t\t<div class=\"elementor-inner\">\n\t\t\t\t\t\t\t<div class=\"elementor-section-wrap\">\n\t\t\t\t\t\t\t<section class=\"elementor-section elementor-top-section elementor-element elementor-element-a989845 elementor-section-stretched elementor-section-boxed elementor-section-height-default elementor-section-height-default\" data-id=\"a989845\" data-element_type=\"section\" data-settings=\"{&quot;stretch_section&quot;:&quot;section-stretched&quot;,&quot;jet_parallax_layout_list&quot;:[{&quot;jet_parallax_layout_image&quot;:{&quot;url&quot;:&quot;&quot;,&quot;id&quot;:&quot;&quot;},&quot;_id&quot;:&quot;bf45409&quot;,&quot;jet_parallax_layout_image_tablet&quot;:{&quot;url&quot;:&quot;&quot;,&quot;id&quot;:&quot;&quot;},&quot;jet_parallax_layout_image_mobile&quot;:{&quot;url&quot;:&quot;&quot;,&quot;id&quot;:&quot;&quot;},&quot;jet_parallax_layout_speed&quot;:{&quot;unit&quot;:&quot;%&quot;,&quot;size&quot;:50,&quot;sizes&quot;:[]},&quot;jet_parallax_layout_type&quot;:&quot;scroll&quot;,&quot;jet_parallax_layout_direction&quot;:null,&quot;jet_parallax_layout_fx_direction&quot;:null,&quot;jet_parallax_layout_z_index&quot;:&quot;&quot;,&quot;jet_parallax_layout_bg_x&quot;:50,&quot;jet_parallax_layout_bg_x_tablet&quot;:&quot;&quot;,&quot;jet_parallax_layout_bg_x_mobile&quot;:&quot;&quot;,&quot;jet_parallax_layout_bg_y&quot;:50,&quot;jet_parallax_layout_bg_y_tablet&quot;:&quot;&quot;,&quot;jet_parallax_layout_bg_y_mobile&quot;:&quot;&quot;,&quot;jet_parallax_layout_bg_size&quot;:&quot;auto&quot;,&quot;jet_parallax_layout_bg_size_tablet&quot;:&quot;&quot;,&quot;jet_parallax_layout_bg_size_mobile&quot;:&quot;&quot;,&quot;jet_parallax_layout_animation_prop&quot;:&quot;transform&quot;,&quot;jet_parallax_layout_on&quot;:[&quot;desktop&quot;,&quot;tablet&quot;]}]}\">\n\t\t\t\t\t\t<div class=\"elementor-container elementor-column-gap-no\">\n\t\t\t\t\t\t\t<div class=\"elementor-row\">\n\t\t\t\t\t<div class=\"elementor-column elementor-col-100 elementor-top-column elementor-element elementor-element-c3ad35a\" data-id=\"c3ad35a\" data-element_type=\"column\">\n\t\t\t<div class=\"elementor-column-wrap elementor-element-populated\">\n\t\t\t\t\t\t\t<div class=\"elementor-widget-wrap\">\n\t\t\t\t\t\t<div class=\"elementor-element elementor-element-79faa2c e-transform e-transform e-transform elementor-widget widget elementor-widget-dt-blog-posts\" data-id=\"79faa2c\" data-element_type=\"widget\" data-settings=\"{&quot;_transform_rotateZ_effect&quot;:{&quot;unit&quot;:&quot;px&quot;,&quot;size&quot;:&quot;&quot;,&quot;sizes&quot;:[]},&quot;_transform_rotateZ_effect_tablet&quot;:{&quot;unit&quot;:&quot;px&quot;,&quot;size&quot;:&quot;&quot;,&quot;sizes&quot;:[]},&quot;_transform_rotateZ_effect_mobile&quot;:{&quot;unit&quot;:&quot;px&quot;,&quot;size&quot;:&quot;&quot;,&quot;sizes&quot;:[]},&quot;_transform_translateX_effect&quot;:{&quot;unit&quot;:&quot;px&quot;,&quot;size&quot;:&quot;&quot;,&quot;sizes&quot;:[]},&quot;_transform_translateX_effect_tablet&quot;:{&quot;unit&quot;:&quot;px&quot;,&quot;size&quot;:&quot;&quot;,&quot;sizes&quot;:[]},&quot;_transform_translateX_effect_mobile&quot;:{&quot;unit&quot;:&quot;px&quot;,&quot;size&quot;:&quot;&quot;,&quot;sizes&quot;:[]},&quot;_transform_translateY_effect&quot;:{&quot;unit&quot;:&quot;px&quot;,&quot;size&quot;:&quot;&quot;,&quot;sizes&quot;:[]},&quot;_transform_translateY_effect_tablet&quot;:{&quot;unit&quot;:&quot;px&quot;,&quot;size&quot;:&quot;&quot;,&quot;sizes&quot;:[]},&quot;_transform_translateY_effect_mobile&quot;:{&quot;unit&quot;:&quot;px&quot;,&quot;size&quot;:&quot;&quot;,&quot;sizes&quot;:[]},&quot;_transform_scale_effect&quot;:{&quot;unit&quot;:&quot;px&quot;,&quot;size&quot;:&quot;&quot;,&quot;sizes&quot;:[]},&quot;_transform_scale_effect_tablet&quot;:{&quot;unit&quot;:&quot;px&quot;,&quot;size&quot;:&quot;&quot;,&quot;sizes&quot;:[]},&quot;_transform_scale_effect_mobile&quot;:{&quot;unit&quot;:&quot;px&quot;,&quot;size&quot;:&quot;&quot;,&quot;sizes&quot;:[]}}\" data-widget_type=\"dt-blog-posts.default\">\n\t\t\t\t<div class=\"elementor-widget-container\">\n\t\t\t<div class=\"dt-sc-posts-list-wrapper\" ><div class='tpl-blog-holder  apply-isotope'><div class='grid-sizer  entry-list-layout dt-sc-simple-style entry-left-thumb dt-sc-scalein-hover dt-sc-fixed-overlay column dt-sc-one-column dt-sc-post-entry'><\/div><div class=\"entry-list-layout dt-sc-simple-style entry-left-thumb dt-sc-scalein-hover dt-sc-fixed-overlay column dt-sc-one-column dt-sc-post-entry\"><!-- #post-22755 --><article id=\"post-22755\" class=\"post-22755 post type-post status-publish format-standard has-post-thumbnail hentry category-news blog-entry\">\n\n\n\t<!-- Featured Image -->\n\t<div class=\"entry-thumb\">\n\t\t\n<div class=\"blog-image\"><a style=\"background-image:url(https:\/\/www.campaniaincammino.it\/wp-content\/uploads\/2022\/11\/img-news-03.jpg)\" href=\"https:\/\/www.campaniaincammino.it\/de\/scopri-le-nostre-nuove-esperienze\/\" title=\"Permalink to Scopri le nostre nuove esperienze\"><\/a><\/div>\n        <\/div><!-- Featured Image -->\n<!-- Entry Date -->\n<div class=\"entry-date\">\n\t3\u00a0Jahren ago<\/div><!-- Entry Date -->\n<!-- Entry Title -->\n<div class=\"entry-title\">\n\t<h4>    \t<a href=\"https:\/\/www.campaniaincammino.it\/de\/scopri-le-nostre-nuove-esperienze\/\" title=\"Permalink to Scopri le nostre nuove esperienze\">Entdecken Sie unsere neuen Erfahrungen<\/a>\n\t<\/h4>\n<\/div><!-- Entry Title -->\n\t<div class=\"entry-body\"><p>Campania in Cammino ha aggiornato la sezione dedicata alle esperienze avventurose e non da vivere sui sentieri della nostra Regione. Tutte le proposte sono personalizzabili. Per scoprire le nostre proposte visita il seguente link:...<\/p><\/div>\n\n<!-- Entry Button --><div class=\"entry-button\"><a href=\"https:\/\/www.campaniaincammino.it\/de\/scopri-le-nostre-nuove-esperienze\/\" title=\"Entdecken Sie unsere neuen Erfahrungen\" class=\"dt-sc-button\">Alles lesen \u00bb<span class=\"dticon-long-arrow-right\"><\/span><\/a><\/div><!-- Entry Button --><\/article><!-- #post-22755 --><\/div><div class=\"entry-list-layout dt-sc-simple-style entry-left-thumb dt-sc-scalein-hover dt-sc-fixed-overlay column dt-sc-one-column dt-sc-post-entry\"><!-- #post-22748 --><article id=\"post-22748\" class=\"post-22748 post type-post status-publish format-standard has-post-thumbnail hentry category-news blog-entry\">\n\n\n\t<!-- Featured Image -->\n\t<div class=\"entry-thumb\">\n\t\t\n<div class=\"blog-image\"><a style=\"background-image:url(https:\/\/www.campaniaincammino.it\/wp-content\/uploads\/2022\/11\/img-news-02.jpg)\" href=\"https:\/\/www.campaniaincammino.it\/de\/pubblicato-il-catalogo-dei-tour-didattici\/\" title=\"Permalink to Pubblicato il catalogo dei tour didattici\"><\/a><\/div>\n        <\/div><!-- Featured Image -->\n<!-- Entry Date -->\n<div class=\"entry-date\">\n\t3\u00a0Jahren ago<\/div><!-- Entry Date -->\n<!-- Entry Title -->\n<div class=\"entry-title\">\n\t<h4>    \t<a href=\"https:\/\/www.campaniaincammino.it\/de\/pubblicato-il-catalogo-dei-tour-didattici\/\" title=\"Permalink to Pubblicato il catalogo dei tour didattici\">Der Katalog der Bildungsreisen ist erschienen<\/a>\n\t<\/h4>\n<\/div><!-- Entry Title -->\n\t<div class=\"entry-body\"><p>Campania in Cammino \u00e8 lieta di presentare le proprie proposte di Tour Didattici dedicate a tutti gli istituti, di ogni ordine e grado per l\u2019Anno Scolastico 2022\/2023. Tutte le proposte sono personalizzabili. I tour...<\/p><\/div>\n\n<!-- Entry Button --><div class=\"entry-button\"><a href=\"https:\/\/www.campaniaincammino.it\/de\/pubblicato-il-catalogo-dei-tour-didattici\/\" title=\"Der Katalog der Bildungsreisen ist erschienen\" class=\"dt-sc-button\">Alles lesen \u00bb<span class=\"dticon-long-arrow-right\"><\/span><\/a><\/div><!-- Entry Button --><\/article><!-- #post-22748 --><\/div><div class=\"entry-list-layout dt-sc-simple-style entry-left-thumb dt-sc-scalein-hover dt-sc-fixed-overlay column dt-sc-one-column dt-sc-post-entry\"><!-- #post-20931 --><article id=\"post-20931\" class=\"post-20931 post type-post status-publish format-standard has-post-thumbnail hentry category-news blog-entry\">\n\n\n\t<!-- Featured Image -->\n\t<div class=\"entry-thumb\">\n\t\t\n<div class=\"blog-image\"><a style=\"background-image:url(https:\/\/www.campaniaincammino.it\/wp-content\/uploads\/2022\/05\/img-news-01.jpg)\" href=\"https:\/\/www.campaniaincammino.it\/de\/nuovi-appuntamenti-in-arrivo\/\" title=\"Permalink to Nuovi appuntamenti in arrivo\"><\/a><\/div>\n        <\/div><!-- Featured Image -->\n<!-- Entry Date -->\n<div class=\"entry-date\">\n\t4\u00a0Jahren ago<\/div><!-- Entry Date -->\n<!-- Entry Title -->\n<div class=\"entry-title\">\n\t<h4>    \t<a href=\"https:\/\/www.campaniaincammino.it\/de\/nuovi-appuntamenti-in-arrivo\/\" title=\"Permalink to Nuovi appuntamenti in arrivo\">Neue Termine auf dem Weg<\/a>\n\t<\/h4>\n<\/div><!-- Entry Title -->\n\t<div class=\"entry-body\"><p>Nach dem Erfolg der Grand Tour in den Phlegr\u00e4ischen Feldern plant Campania in Cammino neue Outdoor-Events in den kampanischen Provinzen. Die urbanen und au\u00dferst\u00e4dtischen Trekkingtouren werden mit Verkostungen und Shows kombiniert. Mach weiter...<\/p><\/div>\n\n<!-- Entry Button --><div class=\"entry-button\"><a href=\"https:\/\/www.campaniaincammino.it\/de\/nuovi-appuntamenti-in-arrivo\/\" title=\"Neue Termine auf dem Weg\" class=\"dt-sc-button\">Alles lesen \u00bb<span class=\"dticon-long-arrow-right\"><\/span><\/a><\/div><!-- Entry Button --><\/article><!-- #post-20931 --><\/div><\/div><div class=\"pagination blog-pagination\"><\/div><\/div>\t\t<\/div>\n\t\t\t\t<\/div>\n\t\t\t\t\t\t<\/div>\n\t\t\t\t\t<\/div>\n\t\t<\/div>\n\t\t\t\t\t\t\t\t<\/div>\n\t\t\t\t\t<\/div>\n\t\t<\/section>\n\t\t\t\t\t\t<\/div>\n\t\t\t\t\t\t<\/div>\n\t\t\t\t\t<\/div>","protected":false},"excerpt":{"rendered":"<p>Nach dem Erfolg der Grand Tour in den Phlegr\u00e4ischen Feldern plant Campania in Cammino neue Outdoor-Events in den kampanischen Provinzen. Die st\u00e4dtischen und au\u00dferst\u00e4dtischen Trekkingtouren werden mit Verkostungen und Shows kombiniert. Folgen Sie uns weiterhin, um \u00fcber alle Neuigkeiten auf dem Laufenden zu bleiben.<\/p>","protected":false},"author":1,"featured_media":0,"parent":0,"menu_order":0,"comment_status":"closed","ping_status":"closed","template":"","meta":{"_exactmetrics_skip_tracking":false,"_exactmetrics_sitenote_active":false,"_exactmetrics_sitenote_note":"","_exactmetrics_sitenote_category":0,"footnotes":""},"class_list":["post-22337","page","type-page","status-publish","hentry","blog-entry","format-standard"],"yoast_head":"<!-- This site is optimized with the Yoast SEO plugin v25.3 - https:\/\/yoast.com\/wordpress\/plugins\/seo\/ -->\n<title>News - Campania in Cammino<\/title>\n<meta name=\"robots\" content=\"index, follow, max-snippet:-1, max-image-preview:large, max-video-preview:-1\" \/>\n<link rel=\"canonical\" href=\"https:\/\/www.campaniaincammino.it\/de\/news\/\" \/>\n<meta property=\"og:locale\" content=\"de_DE\" \/>\n<meta property=\"og:type\" content=\"article\" \/>\n<meta property=\"og:title\" content=\"News - Campania in Cammino\" \/>\n<meta property=\"og:description\" content=\"Dopo il successo del Grand Tour nei Campi Flegrei, Campania in Cammino sta programmando nuovi appuntamenti all\u2019aria aperta nelle provincie campane. Alle passeggiate di trekking urbano ed extra-urbano saranno abbinate degustazioni e spettacoli. Continua a seguirci per restare sempre aggiornato su tutte le novit\u00e0.\" \/>\n<meta property=\"og:url\" content=\"https:\/\/www.campaniaincammino.it\/de\/news\/\" \/>\n<meta property=\"og:site_name\" content=\"Campania in Cammino\" \/>\n<meta property=\"article:publisher\" content=\"https:\/\/www.facebook.com\/campania.in.cammino.official\" \/>\n<meta property=\"article:modified_time\" content=\"2022-05-24T09:47:08+00:00\" \/>\n<meta property=\"og:image\" content=\"http:\/\/www.campaniaincammino.it\/wp-content\/uploads\/2020\/06\/blog-010.jpg\" \/>\n<meta name=\"twitter:card\" content=\"summary_large_image\" \/>\n<meta name=\"twitter:label1\" content=\"Gesch\u00e4tzte Lesezeit\" \/>\n\t<meta name=\"twitter:data1\" content=\"1\u00a0Minute\" \/>\n<script type=\"application\/ld+json\" class=\"yoast-schema-graph\">{\"@context\":\"https:\/\/schema.org\",\"@graph\":[{\"@type\":\"WebPage\",\"@id\":\"https:\/\/www.campaniaincammino.it\/news\/\",\"url\":\"https:\/\/www.campaniaincammino.it\/news\/\",\"name\":\"News - Campania in Cammino\",\"isPartOf\":{\"@id\":\"https:\/\/www.campaniaincammino.it\/#website\"},\"primaryImageOfPage\":{\"@id\":\"https:\/\/www.campaniaincammino.it\/news\/#primaryimage\"},\"image\":{\"@id\":\"https:\/\/www.campaniaincammino.it\/news\/#primaryimage\"},\"thumbnailUrl\":\"http:\/\/www.campaniaincammino.it\/wp-content\/uploads\/2020\/06\/blog-010.jpg\",\"datePublished\":\"2022-05-24T09:35:41+00:00\",\"dateModified\":\"2022-05-24T09:47:08+00:00\",\"breadcrumb\":{\"@id\":\"https:\/\/www.campaniaincammino.it\/news\/#breadcrumb\"},\"inLanguage\":\"de\",\"potentialAction\":[{\"@type\":\"ReadAction\",\"target\":[\"https:\/\/www.campaniaincammino.it\/news\/\"]}]},{\"@type\":\"ImageObject\",\"inLanguage\":\"de\",\"@id\":\"https:\/\/www.campaniaincammino.it\/news\/#primaryimage\",\"url\":\"http:\/\/www.campaniaincammino.it\/wp-content\/uploads\/2020\/06\/blog-010.jpg\",\"contentUrl\":\"http:\/\/www.campaniaincammino.it\/wp-content\/uploads\/2020\/06\/blog-010.jpg\"},{\"@type\":\"BreadcrumbList\",\"@id\":\"https:\/\/www.campaniaincammino.it\/news\/#breadcrumb\",\"itemListElement\":[{\"@type\":\"ListItem\",\"position\":1,\"name\":\"Home\",\"item\":\"https:\/\/www.campaniaincammino.it\/\"},{\"@type\":\"ListItem\",\"position\":2,\"name\":\"News\"}]},{\"@type\":\"WebSite\",\"@id\":\"https:\/\/www.campaniaincammino.it\/#website\",\"url\":\"https:\/\/www.campaniaincammino.it\/\",\"name\":\"Campania in Cammino\",\"description\":\"\",\"publisher\":{\"@id\":\"https:\/\/www.campaniaincammino.it\/#organization\"},\"potentialAction\":[{\"@type\":\"SearchAction\",\"target\":{\"@type\":\"EntryPoint\",\"urlTemplate\":\"https:\/\/www.campaniaincammino.it\/?s={search_term_string}\"},\"query-input\":{\"@type\":\"PropertyValueSpecification\",\"valueRequired\":true,\"valueName\":\"search_term_string\"}}],\"inLanguage\":\"de\"},{\"@type\":\"Organization\",\"@id\":\"https:\/\/www.campaniaincammino.it\/#organization\",\"name\":\"Campania in Cammino\",\"url\":\"https:\/\/www.campaniaincammino.it\/\",\"logo\":{\"@type\":\"ImageObject\",\"inLanguage\":\"de\",\"@id\":\"https:\/\/www.campaniaincammino.it\/#\/schema\/logo\/image\/\",\"url\":\"http:\/\/www.campaniaincammino.it\/wp-content\/uploads\/2021\/07\/logo-campaniaincammino.png\",\"contentUrl\":\"http:\/\/www.campaniaincammino.it\/wp-content\/uploads\/2021\/07\/logo-campaniaincammino.png\",\"width\":500,\"height\":200,\"caption\":\"Campania in Cammino\"},\"image\":{\"@id\":\"https:\/\/www.campaniaincammino.it\/#\/schema\/logo\/image\/\"},\"sameAs\":[\"https:\/\/www.facebook.com\/campania.in.cammino.official\",\"https:\/\/www.instagram.com\/campania_incammino\/\"]}]}<\/script>\n<!-- \/ Yoast SEO plugin. -->","yoast_head_json":{"title":"News - Campania in Cammino","robots":{"index":"index","follow":"follow","max-snippet":"max-snippet:-1","max-image-preview":"max-image-preview:large","max-video-preview":"max-video-preview:-1"},"canonical":"https:\/\/www.campaniaincammino.it\/de\/news\/","og_locale":"de_DE","og_type":"article","og_title":"News - Campania in Cammino","og_description":"Dopo il successo del Grand Tour nei Campi Flegrei, Campania in Cammino sta programmando nuovi appuntamenti all\u2019aria aperta nelle provincie campane. Alle passeggiate di trekking urbano ed extra-urbano saranno abbinate degustazioni e spettacoli. Continua a seguirci per restare sempre aggiornato su tutte le novit\u00e0.","og_url":"https:\/\/www.campaniaincammino.it\/de\/news\/","og_site_name":"Campania in Cammino","article_publisher":"https:\/\/www.facebook.com\/campania.in.cammino.official","article_modified_time":"2022-05-24T09:47:08+00:00","og_image":[{"url":"http:\/\/www.campaniaincammino.it\/wp-content\/uploads\/2020\/06\/blog-010.jpg","type":"","width":"","height":""}],"twitter_card":"summary_large_image","twitter_misc":{"Gesch\u00e4tzte Lesezeit":"1\u00a0Minute"},"schema":{"@context":"https:\/\/schema.org","@graph":[{"@type":"WebPage","@id":"https:\/\/www.campaniaincammino.it\/news\/","url":"https:\/\/www.campaniaincammino.it\/news\/","name":"News - Campania in Cammino","isPartOf":{"@id":"https:\/\/www.campaniaincammino.it\/#website"},"primaryImageOfPage":{"@id":"https:\/\/www.campaniaincammino.it\/news\/#primaryimage"},"image":{"@id":"https:\/\/www.campaniaincammino.it\/news\/#primaryimage"},"thumbnailUrl":"http:\/\/www.campaniaincammino.it\/wp-content\/uploads\/2020\/06\/blog-010.jpg","datePublished":"2022-05-24T09:35:41+00:00","dateModified":"2022-05-24T09:47:08+00:00","breadcrumb":{"@id":"https:\/\/www.campaniaincammino.it\/news\/#breadcrumb"},"inLanguage":"de","potentialAction":[{"@type":"ReadAction","target":["https:\/\/www.campaniaincammino.it\/news\/"]}]},{"@type":"ImageObject","inLanguage":"de","@id":"https:\/\/www.campaniaincammino.it\/news\/#primaryimage","url":"http:\/\/www.campaniaincammino.it\/wp-content\/uploads\/2020\/06\/blog-010.jpg","contentUrl":"http:\/\/www.campaniaincammino.it\/wp-content\/uploads\/2020\/06\/blog-010.jpg"},{"@type":"BreadcrumbList","@id":"https:\/\/www.campaniaincammino.it\/news\/#breadcrumb","itemListElement":[{"@type":"ListItem","position":1,"name":"Home","item":"https:\/\/www.campaniaincammino.it\/"},{"@type":"ListItem","position":2,"name":"News"}]},{"@type":"WebSite","@id":"https:\/\/www.campaniaincammino.it\/#website","url":"https:\/\/www.campaniaincammino.it\/","name":"Campania in Cammino","description":"","publisher":{"@id":"https:\/\/www.campaniaincammino.it\/#organization"},"potentialAction":[{"@type":"SearchAction","target":{"@type":"EntryPoint","urlTemplate":"https:\/\/www.campaniaincammino.it\/?s={search_term_string}"},"query-input":{"@type":"PropertyValueSpecification","valueRequired":true,"valueName":"search_term_string"}}],"inLanguage":"de"},{"@type":"Organization","@id":"https:\/\/www.campaniaincammino.it\/#organization","name":"Campania in Cammino","url":"https:\/\/www.campaniaincammino.it\/","logo":{"@type":"ImageObject","inLanguage":"de","@id":"https:\/\/www.campaniaincammino.it\/#\/schema\/logo\/image\/","url":"http:\/\/www.campaniaincammino.it\/wp-content\/uploads\/2021\/07\/logo-campaniaincammino.png","contentUrl":"http:\/\/www.campaniaincammino.it\/wp-content\/uploads\/2021\/07\/logo-campaniaincammino.png","width":500,"height":200,"caption":"Campania in Cammino"},"image":{"@id":"https:\/\/www.campaniaincammino.it\/#\/schema\/logo\/image\/"},"sameAs":["https:\/\/www.facebook.com\/campania.in.cammino.official","https:\/\/www.instagram.com\/campania_incammino\/"]}]}},"_links":{"self":[{"href":"https:\/\/www.campaniaincammino.it\/de\/wp-json\/wp\/v2\/pages\/22337","targetHints":{"allow":["GET"]}}],"collection":[{"href":"https:\/\/www.campaniaincammino.it\/de\/wp-json\/wp\/v2\/pages"}],"about":[{"href":"https:\/\/www.campaniaincammino.it\/de\/wp-json\/wp\/v2\/types\/page"}],"author":[{"embeddable":true,"href":"https:\/\/www.campaniaincammino.it\/de\/wp-json\/wp\/v2\/users\/1"}],"replies":[{"embeddable":true,"href":"https:\/\/www.campaniaincammino.it\/de\/wp-json\/wp\/v2\/comments?post=22337"}],"version-history":[{"count":11,"href":"https:\/\/www.campaniaincammino.it\/de\/wp-json\/wp\/v2\/pages\/22337\/revisions"}],"predecessor-version":[{"id":22350,"href":"https:\/\/www.campaniaincammino.it\/de\/wp-json\/wp\/v2\/pages\/22337\/revisions\/22350"}],"wp:attachment":[{"href":"https:\/\/www.campaniaincammino.it\/de\/wp-json\/wp\/v2\/media?parent=22337"}],"curies":[{"name":"wp","href":"https:\/\/api.w.org\/{rel}","templated":true}]}}