{"id":22546,"date":"2022-06-21T14:31:19","date_gmt":"2022-06-21T12:31:19","guid":{"rendered":"http:\/\/www.campaniaincammino.it\/?page_id=22546"},"modified":"2022-06-21T14:51:20","modified_gmt":"2022-06-21T12:51:20","slug":"termini-condizioni","status":"publish","type":"page","link":"https:\/\/www.campaniaincammino.it\/de\/termini-condizioni\/","title":{"rendered":"Terms &amp; Bedingungen"},"content":{"rendered":"<div data-elementor-type=\"wp-page\" data-elementor-id=\"22546\" class=\"elementor elementor-22546\" data-elementor-settings=\"[]\">\n\t\t\t\t\t\t<div class=\"elementor-inner\">\n\t\t\t\t\t\t\t<div class=\"elementor-section-wrap\">\n\t\t\t\t\t\t\t<section class=\"elementor-section elementor-top-section elementor-element elementor-element-367d0b05 elementor-section-boxed elementor-section-height-default elementor-section-height-default\" data-id=\"367d0b05\" data-element_type=\"section\" data-settings=\"{&quot;jet_parallax_layout_list&quot;:[]}\">\n\t\t\t\t\t\t<div class=\"elementor-container elementor-column-gap-default\">\n\t\t\t\t\t\t\t<div class=\"elementor-row\">\n\t\t\t\t\t<div class=\"elementor-column elementor-col-100 elementor-top-column elementor-element elementor-element-242bda00\" data-id=\"242bda00\" data-element_type=\"column\">\n\t\t\t<div class=\"elementor-column-wrap elementor-element-populated\">\n\t\t\t\t\t\t\t<div class=\"elementor-widget-wrap\">\n\t\t\t\t\t\t<div class=\"elementor-element elementor-element-73e0488 elementor-widget elementor-widget-text-editor\" data-id=\"73e0488\" data-element_type=\"widget\" data-widget_type=\"text-editor.default\">\n\t\t\t\t<div class=\"elementor-widget-container\">\n\t\t\t\t\t\t\t\t<div class=\"elementor-text-editor elementor-clearfix\">\n\t\t\t\t<h3 id=\"j_id_1q_4z:modalTitle\" class=\"c-modal__header u-font-weight--bold u-font-size--middle mb-20\">Terms &amp; Bedingungen<\/h3><div id=\"privacy_policy\" class=\"privacy_policy\"><p>Jede Stornierung der vom Kunden gew\u00fcnschten Dienstleistungen muss mindestens 24 Stunden vor dem vereinbarten Termin mitgeteilt werden. Nur in diesem Fall wird der gesamte Reisepreis erstattet. In allen anderen F\u00e4llen wird nichts f\u00e4llig.<br \/>Das Unternehmen beh\u00e4lt sich das Recht vor, Reiserouten und \/ oder Fahrpl\u00e4ne aufgrund h\u00f6herer Gewalt (widrige Wetterbedingungen, raue See usw.) zu \u00e4ndern.<br \/>Das Unternehmen ist nicht verantwortlich f\u00fcr Schlie\u00dfungen von Museen, arch\u00e4ologischen St\u00e4tten und ist nicht verantwortlich f\u00fcr Streiks, Versp\u00e4tungen, Unregelm\u00e4\u00dfigkeiten im Stadtverkehr oder anderer Art, Sch\u00e4den durch Dritte oder h\u00f6here Gewalt.<br \/>Das Unternehmen ist nicht verantwortlich f\u00fcr \u00c4nderungen der Preise von Inputs oder Erh\u00f6hungen der Dienstleistungskosten. F\u00fcr den Fall, dass solche au\u00dfergew\u00f6hnlichen Umst\u00e4nde die Ausf\u00fchrung der Dienstleistung verbieten, erstattet das Unternehmen dem Kunden das gesamte gezahlte Geld, jedoch keine andere Entsch\u00e4digung.<br \/>Das Unternehmen ist nicht verantwortlich f\u00fcr den Verlust oder Diebstahl von G\u00e4steeigentum w\u00e4hrend der Touren.<\/p><p><strong>DER PREIS EINES AUSFLUGS BEINHALTET: was im Einzelproduktblatt angegeben ist.<\/strong><\/p><\/div><h3>\u00a0<\/h3><h3 id=\"j_id_1q_4z:modalTitle\" class=\"c-modal__header u-font-weight--bold u-font-size--middle mb-20\">Stornierungsbedingungen f\u00fcr Buchungen<\/h3><div id=\"privacy_policy\" class=\"privacy_policy\">Die Zahlung f\u00fcr die angeforderte Dienstleistung wird 3 Tage vor der Dienstleistung von der im Buchungsvorgang angegebenen Kreditkarte abgebucht. Bis zu diesem Datum und dieser Uhrzeit handelt es sich nicht um eine Einzahlung. Nach Ablauf der Frist von 3 Tagen vor der \u00dcberweisung ist diese auch bei Nichtausf\u00fchrung zu bezahlen. F\u00fcr den Fall, dass die Buchung des Transfers in weniger als 3 Tagen erfolgen sollte, erfolgt die Zahlung sofort. Der Kunde kann seine Reservierung bis sp\u00e4testens 3 Tage nach Leistungsbeginn v\u00f6llig kostenfrei stornieren. Stornierungen, die nach dieser Frist eingehen, unterliegen der Zahlung der Kosten f\u00fcr die Dienstleistung. Die Stornierung der Reservierung muss per E-Mail erfolgen. CO.A.VE best\u00e4tigt diese K\u00fcndigung per E-Mail. Falls Sie die E-Mail zur Best\u00e4tigung der Stornierung des Dienstes nicht erhalten, wenden Sie sich an das Buchungsb\u00fcro CO.A.VE.<br \/>DIE DIENSTLEISTUNGEN WERDEN MIT VORAUSZAHLUNG ODER VOLLST\u00c4NDIGER ANZAHLUNG PER KREDITKARTE, Bank\u00fcberweisung oder Bargeld akzeptiert.<br \/>Die Leistungen k\u00f6nnen 18 Stunden vor der ANFORDERUNG VON POLITIKDATEN ZUR STORNIERUNG gebucht werden:<\/div><ul><li class=\"privacy_policy\"><strong>VOLLE R\u00dcCKERSTATTUNG 24 STUNDEN VOR DATUM DER DIENSTLEISTUNG.<\/strong><\/li><li class=\"privacy_policy\"><strong>R\u00dcCKERSTATTUNG von 50 % oder KAUTION 12 Stunden vor dem SERVICE-Datum.<\/strong><\/li><li class=\"privacy_policy\"><strong>ES IST ZWINGEND PFLICHT, EINEN SERVICE PER E-MAIL ZU K\u00dcNDIGEN.<\/strong><\/li><\/ul>\t\t\t\t\t<\/div>\n\t\t\t\t\t\t<\/div>\n\t\t\t\t<\/div>\n\t\t\t\t\t\t<\/div>\n\t\t\t\t\t<\/div>\n\t\t<\/div>\n\t\t\t\t\t\t\t\t<\/div>\n\t\t\t\t\t<\/div>\n\t\t<\/section>\n\t\t\t\t\t\t<\/div>\n\t\t\t\t\t\t<\/div>\n\t\t\t\t\t<\/div>","protected":false},"excerpt":{"rendered":"<p>Termini e condizioni d\u2019uso Un\u2019eventuale cancellazione dei servizi richiesti dal cliente deve essere notificata almeno 24 ore prima della data concordata. Solo in questo caso l\u2019intero costo del tour sar\u00e0 rimborsato. In tutti gli altri casi, nulla sar\u00e0 dovuto. La Societ\u00e0 si riserva il diritto di modificare itinerari e \/ o orari per cause di [&hellip;]<\/p>","protected":false},"author":1,"featured_media":22554,"parent":0,"menu_order":0,"comment_status":"closed","ping_status":"closed","template":"","meta":{"_exactmetrics_skip_tracking":false,"_exactmetrics_sitenote_active":false,"_exactmetrics_sitenote_note":"","_exactmetrics_sitenote_category":0,"footnotes":""},"class_list":["post-22546","page","type-page","status-publish","has-post-thumbnail","hentry"],"yoast_head":"<!-- This site is optimized with the Yoast SEO plugin v25.3 - https:\/\/yoast.com\/wordpress\/plugins\/seo\/ -->\n<title>Termini &amp; Condizioni - Campania in Cammino<\/title>\n<meta name=\"description\" content=\"Termini e condizioni d\u2019uso - Un\u2019eventuale cancellazione dei servizi richiesti dal cliente deve essere notificata almeno 24 ore prima della data concordata. Solo in questo caso l\u2019intero costo del tour sar\u00e0 rimborsato.\" \/>\n<meta name=\"robots\" content=\"index, follow, max-snippet:-1, max-image-preview:large, max-video-preview:-1\" \/>\n<link rel=\"canonical\" href=\"https:\/\/www.campaniaincammino.it\/de\/termini-condizioni\/\" \/>\n<meta property=\"og:locale\" content=\"de_DE\" \/>\n<meta property=\"og:type\" content=\"article\" \/>\n<meta property=\"og:title\" content=\"Termini &amp; Condizioni - Campania in Cammino\" \/>\n<meta property=\"og:description\" content=\"Termini e condizioni d\u2019uso - Un\u2019eventuale cancellazione dei servizi richiesti dal cliente deve essere notificata almeno 24 ore prima della data concordata. Solo in questo caso l\u2019intero costo del tour sar\u00e0 rimborsato.\" \/>\n<meta property=\"og:url\" content=\"https:\/\/www.campaniaincammino.it\/de\/termini-condizioni\/\" \/>\n<meta property=\"og:site_name\" content=\"Campania in Cammino\" \/>\n<meta property=\"article:publisher\" content=\"https:\/\/www.facebook.com\/campania.in.cammino.official\" \/>\n<meta property=\"article:modified_time\" content=\"2022-06-21T12:51:20+00:00\" \/>\n<meta property=\"og:image\" content=\"https:\/\/www.campaniaincammino.it\/wp-content\/uploads\/2022\/06\/img-slide-termini-e-condizioni.jpg\" \/>\n\t<meta property=\"og:image:width\" content=\"1920\" \/>\n\t<meta property=\"og:image:height\" content=\"766\" \/>\n\t<meta property=\"og:image:type\" content=\"image\/jpeg\" \/>\n<meta name=\"twitter:card\" content=\"summary_large_image\" \/>\n<meta name=\"twitter:label1\" content=\"Gesch\u00e4tzte Lesezeit\" \/>\n\t<meta name=\"twitter:data1\" content=\"3\u00a0Minuten\" \/>\n<script type=\"application\/ld+json\" class=\"yoast-schema-graph\">{\"@context\":\"https:\/\/schema.org\",\"@graph\":[{\"@type\":\"WebPage\",\"@id\":\"https:\/\/www.campaniaincammino.it\/termini-condizioni\/\",\"url\":\"https:\/\/www.campaniaincammino.it\/termini-condizioni\/\",\"name\":\"Termini & Condizioni - Campania in Cammino\",\"isPartOf\":{\"@id\":\"https:\/\/www.campaniaincammino.it\/#website\"},\"primaryImageOfPage\":{\"@id\":\"https:\/\/www.campaniaincammino.it\/termini-condizioni\/#primaryimage\"},\"image\":{\"@id\":\"https:\/\/www.campaniaincammino.it\/termini-condizioni\/#primaryimage\"},\"thumbnailUrl\":\"https:\/\/www.campaniaincammino.it\/wp-content\/uploads\/2022\/06\/img-slide-termini-e-condizioni.jpg\",\"datePublished\":\"2022-06-21T12:31:19+00:00\",\"dateModified\":\"2022-06-21T12:51:20+00:00\",\"description\":\"Termini e condizioni d\u2019uso - Un\u2019eventuale cancellazione dei servizi richiesti dal cliente deve essere notificata almeno 24 ore prima della data concordata. Solo in questo caso l\u2019intero costo del tour sar\u00e0 rimborsato.\",\"breadcrumb\":{\"@id\":\"https:\/\/www.campaniaincammino.it\/termini-condizioni\/#breadcrumb\"},\"inLanguage\":\"de\",\"potentialAction\":[{\"@type\":\"ReadAction\",\"target\":[\"https:\/\/www.campaniaincammino.it\/termini-condizioni\/\"]}]},{\"@type\":\"ImageObject\",\"inLanguage\":\"de\",\"@id\":\"https:\/\/www.campaniaincammino.it\/termini-condizioni\/#primaryimage\",\"url\":\"https:\/\/www.campaniaincammino.it\/wp-content\/uploads\/2022\/06\/img-slide-termini-e-condizioni.jpg\",\"contentUrl\":\"https:\/\/www.campaniaincammino.it\/wp-content\/uploads\/2022\/06\/img-slide-termini-e-condizioni.jpg\",\"width\":1920,\"height\":766},{\"@type\":\"BreadcrumbList\",\"@id\":\"https:\/\/www.campaniaincammino.it\/termini-condizioni\/#breadcrumb\",\"itemListElement\":[{\"@type\":\"ListItem\",\"position\":1,\"name\":\"Home\",\"item\":\"https:\/\/www.campaniaincammino.it\/\"},{\"@type\":\"ListItem\",\"position\":2,\"name\":\"Termini &#038; Condizioni\"}]},{\"@type\":\"WebSite\",\"@id\":\"https:\/\/www.campaniaincammino.it\/#website\",\"url\":\"https:\/\/www.campaniaincammino.it\/\",\"name\":\"Campania in Cammino\",\"description\":\"\",\"publisher\":{\"@id\":\"https:\/\/www.campaniaincammino.it\/#organization\"},\"potentialAction\":[{\"@type\":\"SearchAction\",\"target\":{\"@type\":\"EntryPoint\",\"urlTemplate\":\"https:\/\/www.campaniaincammino.it\/?s={search_term_string}\"},\"query-input\":{\"@type\":\"PropertyValueSpecification\",\"valueRequired\":true,\"valueName\":\"search_term_string\"}}],\"inLanguage\":\"de\"},{\"@type\":\"Organization\",\"@id\":\"https:\/\/www.campaniaincammino.it\/#organization\",\"name\":\"Campania in Cammino\",\"url\":\"https:\/\/www.campaniaincammino.it\/\",\"logo\":{\"@type\":\"ImageObject\",\"inLanguage\":\"de\",\"@id\":\"https:\/\/www.campaniaincammino.it\/#\/schema\/logo\/image\/\",\"url\":\"http:\/\/www.campaniaincammino.it\/wp-content\/uploads\/2021\/07\/logo-campaniaincammino.png\",\"contentUrl\":\"http:\/\/www.campaniaincammino.it\/wp-content\/uploads\/2021\/07\/logo-campaniaincammino.png\",\"width\":500,\"height\":200,\"caption\":\"Campania in Cammino\"},\"image\":{\"@id\":\"https:\/\/www.campaniaincammino.it\/#\/schema\/logo\/image\/\"},\"sameAs\":[\"https:\/\/www.facebook.com\/campania.in.cammino.official\",\"https:\/\/www.instagram.com\/campania_incammino\/\"]}]}<\/script>\n<!-- \/ Yoast SEO plugin. -->","yoast_head_json":{"title":"Termini & Condizioni - Campania in Cammino","description":"Termini e condizioni d\u2019uso - Un\u2019eventuale cancellazione dei servizi richiesti dal cliente deve essere notificata almeno 24 ore prima della data concordata. Solo in questo caso l\u2019intero costo del tour sar\u00e0 rimborsato.","robots":{"index":"index","follow":"follow","max-snippet":"max-snippet:-1","max-image-preview":"max-image-preview:large","max-video-preview":"max-video-preview:-1"},"canonical":"https:\/\/www.campaniaincammino.it\/de\/termini-condizioni\/","og_locale":"de_DE","og_type":"article","og_title":"Termini & Condizioni - Campania in Cammino","og_description":"Termini e condizioni d\u2019uso - Un\u2019eventuale cancellazione dei servizi richiesti dal cliente deve essere notificata almeno 24 ore prima della data concordata. Solo in questo caso l\u2019intero costo del tour sar\u00e0 rimborsato.","og_url":"https:\/\/www.campaniaincammino.it\/de\/termini-condizioni\/","og_site_name":"Campania in Cammino","article_publisher":"https:\/\/www.facebook.com\/campania.in.cammino.official","article_modified_time":"2022-06-21T12:51:20+00:00","og_image":[{"width":1920,"height":766,"url":"https:\/\/www.campaniaincammino.it\/wp-content\/uploads\/2022\/06\/img-slide-termini-e-condizioni.jpg","type":"image\/jpeg"}],"twitter_card":"summary_large_image","twitter_misc":{"Gesch\u00e4tzte Lesezeit":"3\u00a0Minuten"},"schema":{"@context":"https:\/\/schema.org","@graph":[{"@type":"WebPage","@id":"https:\/\/www.campaniaincammino.it\/termini-condizioni\/","url":"https:\/\/www.campaniaincammino.it\/termini-condizioni\/","name":"Termini & Condizioni - Campania in Cammino","isPartOf":{"@id":"https:\/\/www.campaniaincammino.it\/#website"},"primaryImageOfPage":{"@id":"https:\/\/www.campaniaincammino.it\/termini-condizioni\/#primaryimage"},"image":{"@id":"https:\/\/www.campaniaincammino.it\/termini-condizioni\/#primaryimage"},"thumbnailUrl":"https:\/\/www.campaniaincammino.it\/wp-content\/uploads\/2022\/06\/img-slide-termini-e-condizioni.jpg","datePublished":"2022-06-21T12:31:19+00:00","dateModified":"2022-06-21T12:51:20+00:00","description":"Termini e condizioni d\u2019uso - Un\u2019eventuale cancellazione dei servizi richiesti dal cliente deve essere notificata almeno 24 ore prima della data concordata. Solo in questo caso l\u2019intero costo del tour sar\u00e0 rimborsato.","breadcrumb":{"@id":"https:\/\/www.campaniaincammino.it\/termini-condizioni\/#breadcrumb"},"inLanguage":"de","potentialAction":[{"@type":"ReadAction","target":["https:\/\/www.campaniaincammino.it\/termini-condizioni\/"]}]},{"@type":"ImageObject","inLanguage":"de","@id":"https:\/\/www.campaniaincammino.it\/termini-condizioni\/#primaryimage","url":"https:\/\/www.campaniaincammino.it\/wp-content\/uploads\/2022\/06\/img-slide-termini-e-condizioni.jpg","contentUrl":"https:\/\/www.campaniaincammino.it\/wp-content\/uploads\/2022\/06\/img-slide-termini-e-condizioni.jpg","width":1920,"height":766},{"@type":"BreadcrumbList","@id":"https:\/\/www.campaniaincammino.it\/termini-condizioni\/#breadcrumb","itemListElement":[{"@type":"ListItem","position":1,"name":"Home","item":"https:\/\/www.campaniaincammino.it\/"},{"@type":"ListItem","position":2,"name":"Termini &#038; Condizioni"}]},{"@type":"WebSite","@id":"https:\/\/www.campaniaincammino.it\/#website","url":"https:\/\/www.campaniaincammino.it\/","name":"Campania in Cammino","description":"","publisher":{"@id":"https:\/\/www.campaniaincammino.it\/#organization"},"potentialAction":[{"@type":"SearchAction","target":{"@type":"EntryPoint","urlTemplate":"https:\/\/www.campaniaincammino.it\/?s={search_term_string}"},"query-input":{"@type":"PropertyValueSpecification","valueRequired":true,"valueName":"search_term_string"}}],"inLanguage":"de"},{"@type":"Organization","@id":"https:\/\/www.campaniaincammino.it\/#organization","name":"Campania in Cammino","url":"https:\/\/www.campaniaincammino.it\/","logo":{"@type":"ImageObject","inLanguage":"de","@id":"https:\/\/www.campaniaincammino.it\/#\/schema\/logo\/image\/","url":"http:\/\/www.campaniaincammino.it\/wp-content\/uploads\/2021\/07\/logo-campaniaincammino.png","contentUrl":"http:\/\/www.campaniaincammino.it\/wp-content\/uploads\/2021\/07\/logo-campaniaincammino.png","width":500,"height":200,"caption":"Campania in Cammino"},"image":{"@id":"https:\/\/www.campaniaincammino.it\/#\/schema\/logo\/image\/"},"sameAs":["https:\/\/www.facebook.com\/campania.in.cammino.official","https:\/\/www.instagram.com\/campania_incammino\/"]}]}},"_links":{"self":[{"href":"https:\/\/www.campaniaincammino.it\/de\/wp-json\/wp\/v2\/pages\/22546","targetHints":{"allow":["GET"]}}],"collection":[{"href":"https:\/\/www.campaniaincammino.it\/de\/wp-json\/wp\/v2\/pages"}],"about":[{"href":"https:\/\/www.campaniaincammino.it\/de\/wp-json\/wp\/v2\/types\/page"}],"author":[{"embeddable":true,"href":"https:\/\/www.campaniaincammino.it\/de\/wp-json\/wp\/v2\/users\/1"}],"replies":[{"embeddable":true,"href":"https:\/\/www.campaniaincammino.it\/de\/wp-json\/wp\/v2\/comments?post=22546"}],"version-history":[{"count":9,"href":"https:\/\/www.campaniaincammino.it\/de\/wp-json\/wp\/v2\/pages\/22546\/revisions"}],"predecessor-version":[{"id":22557,"href":"https:\/\/www.campaniaincammino.it\/de\/wp-json\/wp\/v2\/pages\/22546\/revisions\/22557"}],"wp:featuredmedia":[{"embeddable":true,"href":"https:\/\/www.campaniaincammino.it\/de\/wp-json\/wp\/v2\/media\/22554"}],"wp:attachment":[{"href":"https:\/\/www.campaniaincammino.it\/de\/wp-json\/wp\/v2\/media?parent=22546"}],"curies":[{"name":"wp","href":"https:\/\/api.w.org\/{rel}","templated":true}]}}