{"id":3,"date":"2021-07-02T12:13:21","date_gmt":"2021-07-02T12:13:21","guid":{"rendered":"http:\/\/www.campaniaincammino.it\/?page_id=3"},"modified":"2022-05-31T10:06:44","modified_gmt":"2022-05-31T08:06:44","slug":"privacy-policy","status":"publish","type":"page","link":"https:\/\/www.campaniaincammino.it\/de\/privacy-policy\/","title":{"rendered":"Datenschutz-Bestimmungen"},"content":{"rendered":"<div data-elementor-type=\"wp-page\" data-elementor-id=\"3\" class=\"elementor elementor-3\" data-elementor-settings=\"[]\">\n\t\t\t\t\t\t<div class=\"elementor-inner\">\n\t\t\t\t\t\t\t<div class=\"elementor-section-wrap\">\n\t\t\t\t\t\t\t<section class=\"elementor-section elementor-top-section elementor-element elementor-element-367d0b05 elementor-section-boxed elementor-section-height-default elementor-section-height-default\" data-id=\"367d0b05\" data-element_type=\"section\" data-settings=\"{&quot;jet_parallax_layout_list&quot;:[]}\">\n\t\t\t\t\t\t<div class=\"elementor-container elementor-column-gap-default\">\n\t\t\t\t\t\t\t<div class=\"elementor-row\">\n\t\t\t\t\t<div class=\"elementor-column elementor-col-100 elementor-top-column elementor-element elementor-element-242bda00\" data-id=\"242bda00\" data-element_type=\"column\">\n\t\t\t<div class=\"elementor-column-wrap elementor-element-populated\">\n\t\t\t\t\t\t\t<div class=\"elementor-widget-wrap\">\n\t\t\t\t\t\t<div class=\"elementor-element elementor-element-73e0488 elementor-widget elementor-widget-text-editor\" data-id=\"73e0488\" data-element_type=\"widget\" data-widget_type=\"text-editor.default\">\n\t\t\t\t<div class=\"elementor-widget-container\">\n\t\t\t\t\t\t\t\t<div class=\"elementor-text-editor elementor-clearfix\">\n\t\t\t\t<h3 id=\"j_id_1q_4z:modalTitle\" class=\"c-modal__header u-font-weight--bold u-font-size--middle mb-20\">Politica sulla privacy<\/h3>\n<div>\u00a0<\/div>\n<div id=\"privacy_policy\" class=\"privacy_policy\">Privacy Informativa La presente informativa viene resa da Jump, con sede legale in Via Cesare Cant\u00f9 12, 47891 Dogana (RSM) COE: SM 26792 in qualit\u00e0 di Titolare del trattamento. I dati raccolti sono trattati conformemente ai principi di correttezza, liceit\u00e0, trasparenza e di tutela della riservatezza e dei diritti di ogni interessato. Il trattamento dei dati avviene con modalit\u00e0 manuali, telematiche e informatiche. Sono adottate misure di sicurezza atte ad evitare i rischi di accesso non autorizzato, di distruzione o perdita, di trattamento non consentito ovvero non conforme alle finalit\u00e0 della raccolta. Il conferimento dei dati personali risulta obbligatorio limitatamente ai soli dati strettamente necessari ad instaurare il rapporto finalizzato all\u2019erogazione dei relativi servizi, nonch\u00e9 a perfezionare la registrazione al sistema Jump. Tale conferimento costituisce requisito necessario e la sua assenza implica l\u2019impossibilit\u00e0 di instaurare il rapporto commerciale con l\u2019erogazione dei relativi servizi, oltre che a perfezionare la registrazione al sistema Jump. Categorie di dati personali trattati Jump tratter\u00e0 i seguenti dati personali: \u2022 Dati anagrafici, indirizzo di residenza o domicilio e recapiti (quali telefono ed indirizzo e-mail); \u2022 Dati bancari e\/o di pagamento; \u2022 Dati relativi a transazioni, importi, sconti e vantaggi usufruiti dai Clienti. \u2022 Dati relativi alla profilazione delle preferenze, scelte e abitudini. Finalit\u00e0 e base giuridica del trattamento I dati forniti sono trattati per le seguenti finalit\u00e0: \u2022 adempimento degli obblighi di legge, degli scopi istituzionali previsti da Jump e ivi consultabili; \u2022 gestione del rapporto ed erogazione dei servizi previsti dalle rispettive tipologie di prodotto; \u2022 invio di comunicazioni informative, istituzionali e promozionali relative aservizi e prodotti previo consenso; \u2022 invio da parte di partner di comunicazioni commerciali relative a propri prodotti e servizi dopo che, previo consenso, ha comunicato i dati personali ai suddetti partner; \u2022 profilazione, previo consenso, delle preferenze, scelte ed abitudini per migliorare la comunicazione, i servizi forniti, e realizzare proposte commerciali da parte di Jump ovvero di partner in linea con gli interessi e i gusti dell\u2019interessato. La base giuridica del trattamento \u00e8 identificata con la registrazione al sistema Jump e\/o il rapporto commerciale con l\u2019erogazione dei relativi servizi. Categorie di soggetti terzi a cui i dati possono essere comunicati Per l\u2019esecuzione del contratto e l\u2019adempimento di obblighi di legge, Jump potr\u00e0 comunicare i dati personali alle seguenti categorie di soggetti: \u2022 soggetti che svolgono per conto di servizi di natura tecnica ed organizzativa; \u2022 studi, consulenti e societ\u00e0 nell&#8217;ambito di rapporti di assistenza e consulenza; \u2022 autorit\u00e0 pubbliche, laddove ne ricorrano i presupposti. Tali soggetti tratteranno i dati in qualit\u00e0 di Titolari del trattamento o di Responsabili del trattamento per conto di Jump. . L\u2019elenco aggiornato dei Responsabili del trattamento \u00e8 reperibile attraverso apposita richiesta formulata via e-mail info@jumptravel.it Categorie di soggetti terzi a cui i dati possono essere comunicati per finalit\u00e0 commerciali Per l\u2019invio di comunicazioni commerciali ovvero per la profilazione [\u2026.], previo consenso, potr\u00e0 comunicare i dati personali alle seguenti categorie di soggetti: \u2022 enti o aziende con cui sono stipulati accordi e\/o convenzioni, \u2022 ulteriori soggetti che ne abbiano titolo. Durata del trattamento e periodo di conservazione I dati saranno trattati solamente per il tempo necessario per le finalit\u00e0 elencate. Periodi di utilizzo e conservazione dei dati personali con riferimento alle differenti finalit\u00e0 di trattamento \u2022 dati trattati per l\u2019esecuzione del rapporto commerciale e per i servizi sottesi saranno conservati da Jump per l\u2019intera durata del rapporto medesimo nonch\u00e9 per un periodo di 10 anni successivo allo scioglimento del rapporto, salvo sorga l\u2019esigenza di una ulteriore conservazione, per consentire a Jump la difesa dei propri diritti; \u2022 dati trattati per l\u2019adempimento di obblighi di legge saranno conservati da Jump nei limiti previsti dalla legge. \u2022 i dati saranno trattati per l\u2019invio di comunicazioni informative, istituzionali e promozionali e fino all\u2019eventuale revoca del consenso prestato per siffatto scopo; \u2022 i dati saranno oggetto di invio a partner commerciali per l\u2019invio di comunicazioni commerciali e fino all\u2019eventuale revoca del consenso prestato per siffatto scopo; \u2022 i dati trattati per finalit\u00e0 di profilazione saranno conservati per 12 mesi, e salvo revoca del consenso prestato per siffatto scopo. Diritti di accesso, cancellazione, limitazione e portabilit\u00e0 Agli interessati sono riconosciuti i diritti di cui agli artt. da 15 a 20 del GDPR. A titolo meramente esemplificativo, ogni interessato potr\u00e0: \u2022 chiedere ed ottenere la conferma che sia o meno in corso un trattamento di dati personali che lo riguardano; \u2022 qualora un trattamento sia in corso, ottenere l\u2019accesso ai dati personali nonch\u00e9 alle informazioni relative al trattamento, oltre che richiedere una copia dei dati personali; \u2022 ottenere la rettifica dei dati personali inesatti e l\u2019integrazione dei dati personali incompleti; \u2022 ottenere, nell\u2019ipotesi in cui sussista una delle condizioni previste dall\u2019art. 17 del GDPR, la cancellazione dei dati personali che lo riguardano; \u2022 ottenere, nelle fattispecie previste dall\u2019art. 18 del GDPR, la limitazione del trattamento; \u2022 ricevere i dati personali che lo riguardano in un formato strutturato, di uso comune e leggibile da dispositivo automatico, nonch\u00e9 richiedere la loro trasmissione ad un altro titolare, qualora tecnicamente fattibile. Diritto di opposizione Ogni interessato ha diritto di opporsi in qualsiasi momento al trattamento dei propri dati personali effettuato per il perseguimento di un legittimo interesse del Titolare. In ipotesi di opposizione, i dati personali non saranno pi\u00f9 oggetto di trattamento, bens\u00ec a condizione che non sussistano motivi legittimi per procedere al trattamento che prevalgono sugli interessi, sui diritti e sulle libert\u00e0 dell\u2019interessato oppure per l\u2019accertamento, l\u2019esercizio o la difesa di un diritto in sede giudiziaria. Diritto di revoca del consenso Qualora sia richiesto il consenso per il trattamento dei dati personali, ogni interessato potr\u00e0, altres\u00ec, revocare in qualsiasi momento il consenso gi\u00e0 prestato. Il consenso pu\u00f2 essere revocato, scrivendo una comunicazione e-mail info@jumptravel.it Diritto di opposizione e di revoca del consenso in relazione al trattamento effettuato per finalit\u00e0 di marketing Con specifico riferimento al trattamento dei dati per le finalit\u00e0 terza, quarta e quinta, di cui al suindicato paragrafo \u201cFinalit\u00e0 e base giuridica del trattamento\u201d, ogni interessato potr\u00e0 revocare in ogni momento il consenso eventualmente prestato ovvero opporsi al trattamento, mediante opportuna istanza formulata a mezzo e-mail, ed inviata all\u2019indirizzo info@jumptravel.it L\u2019opposizione al trattamento esercitata attraverso siffatte modalit\u00e0 si estende anche all\u2019invio di comunicazioni commerciali per mezzo del servizio postale ovvero di chiamate telefoniche con operatore, fatta salva la possibilit\u00e0 di esercitare tale diritto in parte, opponendosi ad esempio al solo trattamento effettuato attraverso sistemi automatizzati di comunicazione. Diritto di proporre reclamo al Garante Ogni interessato potr\u00e0 proporre reclamo al Garante per la Protezione dei Dati Personali nell\u2019ipotesi in cui ritenga che siano stati violati i diritti di cui risulta titolare ai sensi del GDPR, conformemente alle modalit\u00e0 indicate sul portale internet del Garante, accessibile all\u2019indirizzo: www.garanteprivacy.it. Gratuit\u00e0 per l\u2019esercizio dei diritti L\u2019esercizio dei diritti dell\u2019interessato \u00e8 gratuito. Minori di 18 anni Se il soggetto che conferisce i dati abbia un&#8217;et\u00e0 inferiore ai 18 anni, tale trattamento risulter\u00e0 lecito soltanto se e nella misura in cui tale consenso sia prestato ovvero autorizzato da almeno uno dei titolari della responsabilit\u00e0 genitoriale, per il quale sono acquisiti i dati identificativi e copia del documento di riconoscimento.<\/div>\t\t\t\t\t<\/div>\n\t\t\t\t\t\t<\/div>\n\t\t\t\t<\/div>\n\t\t\t\t\t\t<\/div>\n\t\t\t\t\t<\/div>\n\t\t<\/div>\n\t\t\t\t\t\t\t\t<\/div>\n\t\t\t\t\t<\/div>\n\t\t<\/section>\n\t\t\t\t\t\t<\/div>\n\t\t\t\t\t\t<\/div>\n\t\t\t\t\t<\/div>","protected":false},"excerpt":{"rendered":"<p>Politica sulla privacy Privacy Informativa La presente informativa viene resa da Jump, con sede legale in Via Cesare Cant\u00f9 12, 47891 Dogana (RSM) COE: SM 26792 in qualit\u00e0 di Titolare del trattamento. I dati raccolti sono trattati conformemente ai principi di correttezza, liceit\u00e0, trasparenza e di tutela della riservatezza e dei diritti di ogni interessato. [&hellip;]<\/p>","protected":false},"author":1,"featured_media":22460,"parent":0,"menu_order":0,"comment_status":"closed","ping_status":"open","template":"","meta":{"_exactmetrics_skip_tracking":false,"_exactmetrics_sitenote_active":false,"_exactmetrics_sitenote_note":"","_exactmetrics_sitenote_category":0,"footnotes":""},"class_list":["post-3","page","type-page","status-publish","has-post-thumbnail","hentry"],"yoast_head":"<!-- This site is optimized with the Yoast SEO plugin v25.3 - https:\/\/yoast.com\/wordpress\/plugins\/seo\/ -->\n<title>Privacy Policy - Campania in Cammino<\/title>\n<meta name=\"description\" content=\"Privacy Informativa La presente informativa viene resa da Jump, con sede legale in Via Cesare Cant\u00f9 12, 47891 Dogana (RSM) COE: SM 26792 in qualit\u00e0 di Titolare del trattamento.\" \/>\n<meta name=\"robots\" content=\"index, follow, max-snippet:-1, max-image-preview:large, max-video-preview:-1\" \/>\n<link rel=\"canonical\" href=\"https:\/\/www.campaniaincammino.it\/de\/privacy-policy\/\" \/>\n<meta property=\"og:locale\" content=\"de_DE\" \/>\n<meta property=\"og:type\" content=\"article\" \/>\n<meta property=\"og:title\" content=\"Privacy Policy - Campania in Cammino\" \/>\n<meta property=\"og:description\" content=\"Privacy Informativa La presente informativa viene resa da Jump, con sede legale in Via Cesare Cant\u00f9 12, 47891 Dogana (RSM) COE: SM 26792 in qualit\u00e0 di Titolare del trattamento.\" \/>\n<meta property=\"og:url\" content=\"https:\/\/www.campaniaincammino.it\/de\/privacy-policy\/\" \/>\n<meta property=\"og:site_name\" content=\"Campania in Cammino\" \/>\n<meta property=\"article:publisher\" content=\"https:\/\/www.facebook.com\/campania.in.cammino.official\" \/>\n<meta property=\"article:modified_time\" content=\"2022-05-31T08:06:44+00:00\" \/>\n<meta property=\"og:image\" content=\"https:\/\/www.campaniaincammino.it\/wp-content\/uploads\/2022\/05\/img-slide-privacy-policy.jpg\" \/>\n\t<meta property=\"og:image:width\" content=\"1920\" \/>\n\t<meta property=\"og:image:height\" content=\"766\" \/>\n\t<meta property=\"og:image:type\" content=\"image\/jpeg\" \/>\n<meta name=\"twitter:card\" content=\"summary_large_image\" \/>\n<meta name=\"twitter:label1\" content=\"Gesch\u00e4tzte Lesezeit\" \/>\n\t<meta name=\"twitter:data1\" content=\"7\u00a0Minuten\" \/>\n<script type=\"application\/ld+json\" class=\"yoast-schema-graph\">{\"@context\":\"https:\/\/schema.org\",\"@graph\":[{\"@type\":\"WebPage\",\"@id\":\"https:\/\/www.campaniaincammino.it\/privacy-policy\/\",\"url\":\"https:\/\/www.campaniaincammino.it\/privacy-policy\/\",\"name\":\"Privacy Policy - Campania in Cammino\",\"isPartOf\":{\"@id\":\"https:\/\/www.campaniaincammino.it\/#website\"},\"primaryImageOfPage\":{\"@id\":\"https:\/\/www.campaniaincammino.it\/privacy-policy\/#primaryimage\"},\"image\":{\"@id\":\"https:\/\/www.campaniaincammino.it\/privacy-policy\/#primaryimage\"},\"thumbnailUrl\":\"https:\/\/www.campaniaincammino.it\/wp-content\/uploads\/2022\/05\/img-slide-privacy-policy.jpg\",\"datePublished\":\"2021-07-02T12:13:21+00:00\",\"dateModified\":\"2022-05-31T08:06:44+00:00\",\"description\":\"Privacy Informativa La presente informativa viene resa da Jump, con sede legale in Via Cesare Cant\u00f9 12, 47891 Dogana (RSM) COE: SM 26792 in qualit\u00e0 di Titolare del trattamento.\",\"breadcrumb\":{\"@id\":\"https:\/\/www.campaniaincammino.it\/privacy-policy\/#breadcrumb\"},\"inLanguage\":\"de\",\"potentialAction\":[{\"@type\":\"ReadAction\",\"target\":[\"https:\/\/www.campaniaincammino.it\/privacy-policy\/\"]}]},{\"@type\":\"ImageObject\",\"inLanguage\":\"de\",\"@id\":\"https:\/\/www.campaniaincammino.it\/privacy-policy\/#primaryimage\",\"url\":\"https:\/\/www.campaniaincammino.it\/wp-content\/uploads\/2022\/05\/img-slide-privacy-policy.jpg\",\"contentUrl\":\"https:\/\/www.campaniaincammino.it\/wp-content\/uploads\/2022\/05\/img-slide-privacy-policy.jpg\",\"width\":1920,\"height\":766},{\"@type\":\"BreadcrumbList\",\"@id\":\"https:\/\/www.campaniaincammino.it\/privacy-policy\/#breadcrumb\",\"itemListElement\":[{\"@type\":\"ListItem\",\"position\":1,\"name\":\"Home\",\"item\":\"https:\/\/www.campaniaincammino.it\/\"},{\"@type\":\"ListItem\",\"position\":2,\"name\":\"Privacy Policy\"}]},{\"@type\":\"WebSite\",\"@id\":\"https:\/\/www.campaniaincammino.it\/#website\",\"url\":\"https:\/\/www.campaniaincammino.it\/\",\"name\":\"Campania in Cammino\",\"description\":\"\",\"publisher\":{\"@id\":\"https:\/\/www.campaniaincammino.it\/#organization\"},\"potentialAction\":[{\"@type\":\"SearchAction\",\"target\":{\"@type\":\"EntryPoint\",\"urlTemplate\":\"https:\/\/www.campaniaincammino.it\/?s={search_term_string}\"},\"query-input\":{\"@type\":\"PropertyValueSpecification\",\"valueRequired\":true,\"valueName\":\"search_term_string\"}}],\"inLanguage\":\"de\"},{\"@type\":\"Organization\",\"@id\":\"https:\/\/www.campaniaincammino.it\/#organization\",\"name\":\"Campania in Cammino\",\"url\":\"https:\/\/www.campaniaincammino.it\/\",\"logo\":{\"@type\":\"ImageObject\",\"inLanguage\":\"de\",\"@id\":\"https:\/\/www.campaniaincammino.it\/#\/schema\/logo\/image\/\",\"url\":\"http:\/\/www.campaniaincammino.it\/wp-content\/uploads\/2021\/07\/logo-campaniaincammino.png\",\"contentUrl\":\"http:\/\/www.campaniaincammino.it\/wp-content\/uploads\/2021\/07\/logo-campaniaincammino.png\",\"width\":500,\"height\":200,\"caption\":\"Campania in Cammino\"},\"image\":{\"@id\":\"https:\/\/www.campaniaincammino.it\/#\/schema\/logo\/image\/\"},\"sameAs\":[\"https:\/\/www.facebook.com\/campania.in.cammino.official\",\"https:\/\/www.instagram.com\/campania_incammino\/\"]}]}<\/script>\n<!-- \/ Yoast SEO plugin. -->","yoast_head_json":{"title":"Privacy Policy - Campania in Cammino","description":"Privacy Informativa La presente informativa viene resa da Jump, con sede legale in Via Cesare Cant\u00f9 12, 47891 Dogana (RSM) COE: SM 26792 in qualit\u00e0 di Titolare del trattamento.","robots":{"index":"index","follow":"follow","max-snippet":"max-snippet:-1","max-image-preview":"max-image-preview:large","max-video-preview":"max-video-preview:-1"},"canonical":"https:\/\/www.campaniaincammino.it\/de\/privacy-policy\/","og_locale":"de_DE","og_type":"article","og_title":"Privacy Policy - Campania in Cammino","og_description":"Privacy Informativa La presente informativa viene resa da Jump, con sede legale in Via Cesare Cant\u00f9 12, 47891 Dogana (RSM) COE: SM 26792 in qualit\u00e0 di Titolare del trattamento.","og_url":"https:\/\/www.campaniaincammino.it\/de\/privacy-policy\/","og_site_name":"Campania in Cammino","article_publisher":"https:\/\/www.facebook.com\/campania.in.cammino.official","article_modified_time":"2022-05-31T08:06:44+00:00","og_image":[{"width":1920,"height":766,"url":"https:\/\/www.campaniaincammino.it\/wp-content\/uploads\/2022\/05\/img-slide-privacy-policy.jpg","type":"image\/jpeg"}],"twitter_card":"summary_large_image","twitter_misc":{"Gesch\u00e4tzte Lesezeit":"7\u00a0Minuten"},"schema":{"@context":"https:\/\/schema.org","@graph":[{"@type":"WebPage","@id":"https:\/\/www.campaniaincammino.it\/privacy-policy\/","url":"https:\/\/www.campaniaincammino.it\/privacy-policy\/","name":"Privacy Policy - Campania in Cammino","isPartOf":{"@id":"https:\/\/www.campaniaincammino.it\/#website"},"primaryImageOfPage":{"@id":"https:\/\/www.campaniaincammino.it\/privacy-policy\/#primaryimage"},"image":{"@id":"https:\/\/www.campaniaincammino.it\/privacy-policy\/#primaryimage"},"thumbnailUrl":"https:\/\/www.campaniaincammino.it\/wp-content\/uploads\/2022\/05\/img-slide-privacy-policy.jpg","datePublished":"2021-07-02T12:13:21+00:00","dateModified":"2022-05-31T08:06:44+00:00","description":"Privacy Informativa La presente informativa viene resa da Jump, con sede legale in Via Cesare Cant\u00f9 12, 47891 Dogana (RSM) COE: SM 26792 in qualit\u00e0 di Titolare del trattamento.","breadcrumb":{"@id":"https:\/\/www.campaniaincammino.it\/privacy-policy\/#breadcrumb"},"inLanguage":"de","potentialAction":[{"@type":"ReadAction","target":["https:\/\/www.campaniaincammino.it\/privacy-policy\/"]}]},{"@type":"ImageObject","inLanguage":"de","@id":"https:\/\/www.campaniaincammino.it\/privacy-policy\/#primaryimage","url":"https:\/\/www.campaniaincammino.it\/wp-content\/uploads\/2022\/05\/img-slide-privacy-policy.jpg","contentUrl":"https:\/\/www.campaniaincammino.it\/wp-content\/uploads\/2022\/05\/img-slide-privacy-policy.jpg","width":1920,"height":766},{"@type":"BreadcrumbList","@id":"https:\/\/www.campaniaincammino.it\/privacy-policy\/#breadcrumb","itemListElement":[{"@type":"ListItem","position":1,"name":"Home","item":"https:\/\/www.campaniaincammino.it\/"},{"@type":"ListItem","position":2,"name":"Privacy Policy"}]},{"@type":"WebSite","@id":"https:\/\/www.campaniaincammino.it\/#website","url":"https:\/\/www.campaniaincammino.it\/","name":"Campania in Cammino","description":"","publisher":{"@id":"https:\/\/www.campaniaincammino.it\/#organization"},"potentialAction":[{"@type":"SearchAction","target":{"@type":"EntryPoint","urlTemplate":"https:\/\/www.campaniaincammino.it\/?s={search_term_string}"},"query-input":{"@type":"PropertyValueSpecification","valueRequired":true,"valueName":"search_term_string"}}],"inLanguage":"de"},{"@type":"Organization","@id":"https:\/\/www.campaniaincammino.it\/#organization","name":"Campania in Cammino","url":"https:\/\/www.campaniaincammino.it\/","logo":{"@type":"ImageObject","inLanguage":"de","@id":"https:\/\/www.campaniaincammino.it\/#\/schema\/logo\/image\/","url":"http:\/\/www.campaniaincammino.it\/wp-content\/uploads\/2021\/07\/logo-campaniaincammino.png","contentUrl":"http:\/\/www.campaniaincammino.it\/wp-content\/uploads\/2021\/07\/logo-campaniaincammino.png","width":500,"height":200,"caption":"Campania in Cammino"},"image":{"@id":"https:\/\/www.campaniaincammino.it\/#\/schema\/logo\/image\/"},"sameAs":["https:\/\/www.facebook.com\/campania.in.cammino.official","https:\/\/www.instagram.com\/campania_incammino\/"]}]}},"_links":{"self":[{"href":"https:\/\/www.campaniaincammino.it\/de\/wp-json\/wp\/v2\/pages\/3","targetHints":{"allow":["GET"]}}],"collection":[{"href":"https:\/\/www.campaniaincammino.it\/de\/wp-json\/wp\/v2\/pages"}],"about":[{"href":"https:\/\/www.campaniaincammino.it\/de\/wp-json\/wp\/v2\/types\/page"}],"author":[{"embeddable":true,"href":"https:\/\/www.campaniaincammino.it\/de\/wp-json\/wp\/v2\/users\/1"}],"replies":[{"embeddable":true,"href":"https:\/\/www.campaniaincammino.it\/de\/wp-json\/wp\/v2\/comments?post=3"}],"version-history":[{"count":4,"href":"https:\/\/www.campaniaincammino.it\/de\/wp-json\/wp\/v2\/pages\/3\/revisions"}],"predecessor-version":[{"id":22463,"href":"https:\/\/www.campaniaincammino.it\/de\/wp-json\/wp\/v2\/pages\/3\/revisions\/22463"}],"wp:featuredmedia":[{"embeddable":true,"href":"https:\/\/www.campaniaincammino.it\/de\/wp-json\/wp\/v2\/media\/22460"}],"wp:attachment":[{"href":"https:\/\/www.campaniaincammino.it\/de\/wp-json\/wp\/v2\/media?parent=3"}],"curies":[{"name":"wp","href":"https:\/\/api.w.org\/{rel}","templated":true}]}}