{"id":20667,"date":"2022-04-20T10:00:58","date_gmt":"2022-04-20T08:00:58","guid":{"rendered":"http:\/\/www.campaniaincammino.it\/?post_type=product&#038;p=20667"},"modified":"2022-06-24T17:23:55","modified_gmt":"2022-06-24T15:23:55","slug":"i-campi-flegrei-sulle-tracce-del-grand-tour","status":"publish","type":"product","link":"https:\/\/www.campaniaincammino.it\/de\/product\/i-campi-flegrei-sulle-tracce-del-grand-tour\/","title":{"rendered":"Die Campi Flegrei, auf den Spuren der Grand Tour"},"content":{"rendered":"<div data-elementor-type=\"wp-post\" data-elementor-id=\"20667\" class=\"elementor elementor-20667\" data-elementor-settings=\"[]\">\n\t\t\t\t\t\t<div class=\"elementor-inner\">\n\t\t\t\t\t\t\t<div class=\"elementor-section-wrap\">\n\t\t\t\t\t\t\t<section class=\"elementor-section elementor-top-section elementor-element elementor-element-ab9f823 elementor-section-boxed elementor-section-height-default elementor-section-height-default\" data-id=\"ab9f823\" data-element_type=\"section\" data-settings=\"{&quot;jet_parallax_layout_list&quot;:[{&quot;_id&quot;:&quot;c0759c2&quot;,&quot;jet_parallax_layout_image&quot;:{&quot;url&quot;:&quot;&quot;,&quot;id&quot;:&quot;&quot;},&quot;jet_parallax_layout_image_tablet&quot;:{&quot;url&quot;:&quot;&quot;,&quot;id&quot;:&quot;&quot;},&quot;jet_parallax_layout_image_mobile&quot;:{&quot;url&quot;:&quot;&quot;,&quot;id&quot;:&quot;&quot;},&quot;jet_parallax_layout_speed&quot;:{&quot;unit&quot;:&quot;%&quot;,&quot;size&quot;:50,&quot;sizes&quot;:[]},&quot;jet_parallax_layout_type&quot;:&quot;scroll&quot;,&quot;jet_parallax_layout_direction&quot;:null,&quot;jet_parallax_layout_fx_direction&quot;:null,&quot;jet_parallax_layout_z_index&quot;:&quot;&quot;,&quot;jet_parallax_layout_bg_x&quot;:50,&quot;jet_parallax_layout_bg_x_tablet&quot;:&quot;&quot;,&quot;jet_parallax_layout_bg_x_mobile&quot;:&quot;&quot;,&quot;jet_parallax_layout_bg_y&quot;:50,&quot;jet_parallax_layout_bg_y_tablet&quot;:&quot;&quot;,&quot;jet_parallax_layout_bg_y_mobile&quot;:&quot;&quot;,&quot;jet_parallax_layout_bg_size&quot;:&quot;auto&quot;,&quot;jet_parallax_layout_bg_size_tablet&quot;:&quot;&quot;,&quot;jet_parallax_layout_bg_size_mobile&quot;:&quot;&quot;,&quot;jet_parallax_layout_animation_prop&quot;:&quot;transform&quot;,&quot;jet_parallax_layout_on&quot;:[&quot;desktop&quot;,&quot;tablet&quot;]}]}\">\n\t\t\t\t\t\t<div class=\"elementor-container elementor-column-gap-default\">\n\t\t\t\t\t\t\t<div class=\"elementor-row\">\n\t\t\t\t\t<div class=\"elementor-column elementor-col-50 elementor-top-column elementor-element elementor-element-272f2c82\" data-id=\"272f2c82\" data-element_type=\"column\">\n\t\t\t<div class=\"elementor-column-wrap elementor-element-populated\">\n\t\t\t\t\t\t\t<div class=\"elementor-widget-wrap\">\n\t\t\t\t\t\t<div class=\"elementor-element elementor-element-7b4d0b6 elementor-widget elementor-widget-dt-shop-product-single-images-carousel\" data-id=\"7b4d0b6\" data-element_type=\"widget\" data-widget_type=\"dt-shop-product-single-images-carousel.default\">\n\t\t\t\t<div class=\"elementor-widget-container\">\n\t\t\tPlease provide product id to display corresponding data!\t\t<\/div>\n\t\t\t\t<\/div>\n\t\t\t\t\t\t<\/div>\n\t\t\t\t\t<\/div>\n\t\t<\/div>\n\t\t\t\t<div class=\"elementor-column elementor-col-50 elementor-top-column elementor-element elementor-element-7106d349\" data-id=\"7106d349\" data-element_type=\"column\">\n\t\t\t<div class=\"elementor-column-wrap elementor-element-populated\">\n\t\t\t\t\t\t\t<div class=\"elementor-widget-wrap\">\n\t\t\t\t\t\t<div class=\"elementor-element elementor-element-1806d943 elementor-widget elementor-widget-dt-shop-product-single-summary\" data-id=\"1806d943\" data-element_type=\"widget\" data-widget_type=\"dt-shop-product-single-summary.default\">\n\t\t\t\t<div class=\"elementor-widget-container\">\n\t\t\tPlease provide product id to display corresponding data!\t\t<\/div>\n\t\t\t\t<\/div>\n\t\t\t\t\t\t<\/div>\n\t\t\t\t\t<\/div>\n\t\t<\/div>\n\t\t\t\t\t\t\t\t<\/div>\n\t\t\t\t\t<\/div>\n\t\t<\/section>\n\t\t\t\t<section class=\"elementor-section elementor-top-section elementor-element elementor-element-ae9e3ca elementor-section-boxed elementor-section-height-default elementor-section-height-default\" data-id=\"ae9e3ca\" data-element_type=\"section\" data-settings=\"{&quot;jet_parallax_layout_list&quot;:[]}\">\n\t\t\t\t\t\t<div class=\"elementor-container elementor-column-gap-default\">\n\t\t\t\t\t\t\t<div class=\"elementor-row\">\n\t\t\t\t\t<div class=\"elementor-column elementor-col-100 elementor-top-column elementor-element elementor-element-40afbf2\" data-id=\"40afbf2\" data-element_type=\"column\">\n\t\t\t<div class=\"elementor-column-wrap elementor-element-populated\">\n\t\t\t\t\t\t\t<div class=\"elementor-widget-wrap\">\n\t\t\t\t\t\t<div class=\"elementor-element elementor-element-78c087a elementor-widget elementor-widget-spacer\" data-id=\"78c087a\" data-element_type=\"widget\" data-widget_type=\"spacer.default\">\n\t\t\t\t<div class=\"elementor-widget-container\">\n\t\t\t\t\t<div class=\"elementor-spacer\">\n\t\t\t<div class=\"elementor-spacer-inner\"><\/div>\n\t\t<\/div>\n\t\t\t\t<\/div>\n\t\t\t\t<\/div>\n\t\t\t\t<div class=\"elementor-element elementor-element-4156c08 elementor-widget elementor-widget-text-editor\" data-id=\"4156c08\" data-element_type=\"widget\" data-widget_type=\"text-editor.default\">\n\t\t\t\t<div class=\"elementor-widget-container\">\n\t\t\t\t\t\t\t\t<div class=\"elementor-text-editor elementor-clearfix\">\n\t\t\t\t<p>Galerie<\/p>\t\t\t\t\t<\/div>\n\t\t\t\t\t\t<\/div>\n\t\t\t\t<\/div>\n\t\t\t\t<div class=\"elementor-element elementor-element-cba9acb elementor-widget-divider--view-line elementor-widget elementor-widget-divider\" data-id=\"cba9acb\" data-element_type=\"widget\" data-widget_type=\"divider.default\">\n\t\t\t\t<div class=\"elementor-widget-container\">\n\t\t\t\t\t<div class=\"elementor-divider\">\n\t\t\t<span class=\"elementor-divider-separator\">\n\t\t\t\t\t\t<\/span>\n\t\t<\/div>\n\t\t\t\t<\/div>\n\t\t\t\t<\/div>\n\t\t\t\t<div class=\"elementor-element elementor-element-6794ad7 elementor-widget elementor-widget-text-editor\" data-id=\"6794ad7\" data-element_type=\"widget\" data-widget_type=\"text-editor.default\">\n\t\t\t\t<div class=\"elementor-widget-container\">\n\t\t\t\t\t\t\t\t<div class=\"elementor-text-editor elementor-clearfix\">\n\t\t\t\t<p style=\"text-align: center;\">\r\n\t\t\t\t\t\n\r\n\t\t\t\t\t<!-- START UNITE GALLERY 1.7.45 -->\r\n\t\t\t\t\t\r\n\t\t\t\t\n\t\t\t<div id='unitegallery_1_1' class='unite-gallery' style='margin:0px auto;'>\n\t\t\t\t\n\n\t\t\t\t\t\t<img decoding=\"async\" alt=\"\"\n\t\t\t\t\t\t     src=\"\" data-image=\"https:\/\/www.campaniaincammino.it\/wp-content\/uploads\/2022\/04\/img-gallery-I-Campi-Flegrei-sulle-tracce-del-Grand-Tour-01.jpg\"\n\t\t\t\t\t\t     data-thumb=\"https:\/\/www.campaniaincammino.it\/wp-content\/uploads\/2022\/04\/img-gallery-I-Campi-Flegrei-sulle-tracce-del-Grand-Tour-01.jpg\"\n\t\t\t\t\t\t     title=\"\"\n\t\t\t\t\t\t     style=\"display:none\">\n\n\t\t\t\t\t\t<img decoding=\"async\" alt=\"\"\n\t\t\t\t\t\t     src=\"\" data-image=\"https:\/\/www.campaniaincammino.it\/wp-content\/uploads\/2022\/04\/img-gallery-I-Campi-Flegrei-sulle-tracce-del-Grand-Tour-02.jpg\"\n\t\t\t\t\t\t     data-thumb=\"https:\/\/www.campaniaincammino.it\/wp-content\/uploads\/2022\/04\/img-gallery-I-Campi-Flegrei-sulle-tracce-del-Grand-Tour-02.jpg\"\n\t\t\t\t\t\t     title=\"\"\n\t\t\t\t\t\t     style=\"display:none\">\n\n\t\t\t\t\t\t<img decoding=\"async\" alt=\"\"\n\t\t\t\t\t\t     src=\"\" data-image=\"https:\/\/www.campaniaincammino.it\/wp-content\/uploads\/2022\/04\/img-gallery-I-Campi-Flegrei-sulle-tracce-del-Grand-Tour-03.jpg\"\n\t\t\t\t\t\t     data-thumb=\"https:\/\/www.campaniaincammino.it\/wp-content\/uploads\/2022\/04\/img-gallery-I-Campi-Flegrei-sulle-tracce-del-Grand-Tour-03.jpg\"\n\t\t\t\t\t\t     title=\"\"\n\t\t\t\t\t\t     style=\"display:none\">\n\n\t\t\t\t\t\t<img decoding=\"async\" alt=\"\"\n\t\t\t\t\t\t     src=\"\" data-image=\"https:\/\/www.campaniaincammino.it\/wp-content\/uploads\/2022\/04\/img-gallery-I-Campi-Flegrei-sulle-tracce-del-Grand-Tour-04.jpg\"\n\t\t\t\t\t\t     data-thumb=\"https:\/\/www.campaniaincammino.it\/wp-content\/uploads\/2022\/04\/img-gallery-I-Campi-Flegrei-sulle-tracce-del-Grand-Tour-04.jpg\"\n\t\t\t\t\t\t     title=\"\"\n\t\t\t\t\t\t     style=\"display:none\">\n\n\t\t\t\t\t\t<img decoding=\"async\" alt=\"\"\n\t\t\t\t\t\t     src=\"\" data-image=\"https:\/\/www.campaniaincammino.it\/wp-content\/uploads\/2022\/04\/img-gallery-I-Campi-Flegrei-sulle-tracce-del-Grand-Tour-05.jpg\"\n\t\t\t\t\t\t     data-thumb=\"https:\/\/www.campaniaincammino.it\/wp-content\/uploads\/2022\/04\/img-gallery-I-Campi-Flegrei-sulle-tracce-del-Grand-Tour-05.jpg\"\n\t\t\t\t\t\t     title=\"\"\n\t\t\t\t\t\t     style=\"display:none\">\n\n\t\t\t\t\t\t<img decoding=\"async\" alt=\"\"\n\t\t\t\t\t\t     src=\"\" data-image=\"https:\/\/www.campaniaincammino.it\/wp-content\/uploads\/2022\/04\/img-gallery-I-Campi-Flegrei-sulle-tracce-del-Grand-Tour-06.jpg\"\n\t\t\t\t\t\t     data-thumb=\"https:\/\/www.campaniaincammino.it\/wp-content\/uploads\/2022\/04\/img-gallery-I-Campi-Flegrei-sulle-tracce-del-Grand-Tour-06.jpg\"\n\t\t\t\t\t\t     title=\"\"\n\t\t\t\t\t\t     style=\"display:none\">\n\t\t\t<\/div>\n\n\t\t\t<script type='text\/javascript'>\n\t\t\t\twindow.onload = function(e) {\n\t\t\t\t\tif(typeof ugCheckForErrors == \"undefined\"){\n\t\t\t\t\t\tdocument.getElementById(\"unitegallery_1_1\").innerHTML = \"<span style='color:red'>Unite Gallery Error - gallery js and css files not included in the footer. Please make sure that wp_footer() function is added to your theme.<\/span>\";}\n\t\t\t\t\telse{ ugCheckForErrors(\"unitegallery_1_1\", \"jquery\");}\n\t\t\t\t};\n\t\t\t<\/script>\n\n\t\t\t<!-- END UNITEGALLERY --><\/p>\t\t\t\t\t<\/div>\n\t\t\t\t\t\t<\/div>\n\t\t\t\t<\/div>\n\t\t\t\t\t\t<\/div>\n\t\t\t\t\t<\/div>\n\t\t<\/div>\n\t\t\t\t\t\t\t\t<\/div>\n\t\t\t\t\t<\/div>\n\t\t<\/section>\n\t\t\t\t\t\t<\/div>\n\t\t\t\t\t\t<\/div>\n\t\t\t\t\t<\/div>","protected":false},"excerpt":{"rendered":"<h3>St\u00e4dtischer gef\u00fchrter Spaziergang<br \/>\nDie Campi Flegrei, auf den Spuren der Grand Tour<\/h3>\n<p><strong>SONNTAG, 15. MAI 2022<\/strong><\/p>\n<p>Im Geiste der Grand Tour machen wir einen Halt in Bacoli, wo wir vom Miseno-See aus die Stra\u00dfen der phlegr\u00e4ischen Stadt betreten, um das Wandbild des bekannten zeitgen\u00f6ssischen Stra\u00dfenk\u00fcnstlers Jorit zu bewundern und das historische Zentrum mit dem zu sch\u00e4tzen wissen Urspr\u00fcngliche Stadt, in der sich die Patronatskirche befindet, die Sant'Anna gewidmet ist, und die pr\u00e4chtige Wandmalerei, die Procida gewidmet ist.<br \/>\nVon der antiken Stadt aus erreichen wir die Piscina Mirabilis, die gr\u00f6\u00dfte r\u00f6mische Zisterne der Antike, die als Kathedrale des Wassers bezeichnet wird, und schlie\u00dfen dann mit einer Verkostung \/ einem Brunch im Keller ab, begleitet von der Unterhaltung der Folkloregruppe Artemide.<\/p>\n<p>&nbsp;<\/p>\n<p><strong>PROGRAMM<\/strong><\/p>\n<ul>\n<li><strong>9:30 Uhr<\/strong> - Treffen der Teilnehmer in Bacoli<\/li>\n<li><strong>10:00 Uhr<\/strong> - gef\u00fchrte Wanderung laut Programm<\/li>\n<li><strong>13:00 Uhr<\/strong> - Verkostung im Weinkeller mit rotem Nudel-Omelett, Nerano-Nudel-Omelett, Arancino mit Butter, Zitrone und Fiordilatte, Kartoffelkroketten mit Salami und Mozzarella, Wein und Unterhaltung mit Musikshow der Artemide-Gruppe<\/li>\n<\/ul>\n<h4><span style=\"color: #ff0000;\">Teilnahmegeb\u00fchr pro Person: 35,00 \u20ac<\/span><br \/>\n<span style=\"color: #ff0000;\">Geb\u00fchr f\u00fcr Kinder: \u20ac 15,00<\/span><\/h4>\n<p>&nbsp;<\/p>\n<p><strong>INFORMATION<\/strong><\/p>\n<p><em>Die Geb\u00fchr beinhaltet:<\/em><\/p>\n<ul>\n<li><strong>Lizenzierter Reiseleiter und Begleitservice<\/strong><\/li>\n<li><strong>Verkostung im Keller<\/strong><\/li>\n<li><strong>Musikalische Unterhaltung und Versicherung<\/strong><\/li>\n<\/ul>\n<p><em>Die Geb\u00fchr beinhaltet nicht:<\/em><\/p>\n<ul>\n<li><strong>Eintritt ins Schwimmbad Mirabilis<\/strong><\/li>\n<\/ul>\n<p>&nbsp;<\/p>\n<p>Weg f\u00fcr jedermann geeignet, Wanderkleidung empfohlen<\/p>\n<p>Alle Aktivit\u00e4ten finden in voller \u00dcbereinstimmung mit den aktuellen Anti-COVID19-Vorschriften und -Protokollen statt<\/p>","protected":false},"featured_media":22323,"template":"","meta":{"_exactmetrics_skip_tracking":false,"_exactmetrics_sitenote_active":false,"_exactmetrics_sitenote_note":"","_exactmetrics_sitenote_category":0},"product_brand":[],"product_cat":[82],"product_tag":[],"class_list":{"0":"post-20667","1":"product","2":"type-product","3":"status-publish","4":"has-post-thumbnail","6":"product_cat-eventi","8":"first","9":"instock","10":"shipping-taxable","11":"purchasable","12":"product-type-variable","13":"has-default-attributes"},"yoast_head":"<!-- This site is optimized with the Yoast SEO plugin v25.3 - https:\/\/yoast.com\/wordpress\/plugins\/seo\/ -->\n<title>I Campi Flegrei, sulle tracce del Grand Tour - Campania in Cammino<\/title>\n<meta name=\"robots\" content=\"index, follow, max-snippet:-1, max-image-preview:large, max-video-preview:-1\" \/>\n<link rel=\"canonical\" href=\"https:\/\/www.campaniaincammino.it\/de\/product\/i-campi-flegrei-sulle-tracce-del-grand-tour\/\" \/>\n<meta property=\"og:locale\" content=\"de_DE\" \/>\n<meta property=\"og:type\" content=\"article\" \/>\n<meta property=\"og:title\" content=\"I Campi Flegrei, sulle tracce del Grand Tour - Campania in Cammino\" \/>\n<meta property=\"og:description\" content=\"Passeggiata guidata urbana I Campi Flegrei, sulle tracce del Grand Tour DOMENICA 15 MAGGIO 2022  Nello spirito del Grand tour faremo tappa a Bacoli dove, a partire dal lago Miseno, ci inoltreremo tra le strade della cittadina flegrea per ammirare il murale del noto street artist contemporaneo Jorit e apprezzare il centro storico con l&#039;originario abitato dove sorge la chiesa patronale dedicata a Sant&#039;Anna e il magnifico murales dedicato a Procida. Dall&#039;antico abitato raggiungeremo Piscina Mirabilis, la pi\u00f9 grande cisterna romana dell&#039;antichit\u00e0, definita la cattedrale dell&#039;acqua per concludere poi con una degustazione\/brunch in cantina accompagnati dall&#039;intrattenimento del gruppo folkloristico Artemide  &nbsp;  PROGRAMMA   Ore 9:30 - ritrovo dei partecipanti a Bacoli  Ore 10:00 - passeggiata guidata come da programma  Ore 13:00 - degustazione in cantina con frittata di pasta rossa, frittata di pasta alla Nerano, arancino al burro, limone e fiordilatte, crocch\u00e8 di patate con salame e mozzarella, vino e intrattenimento con spettacolo musicale a cura del gruppo Artemide  Quota di partecipazione a persona: \u20ac 35,00 Quota bambini: \u20ac 15,00 &nbsp;  INFORMAZIONI  La quota include:   Guida abilitata e servizio di accompagnamento  Degustazione in cantina  Animazione musicale e assicurazione  La quota non include:   Ingresso alla piscina Mirabilis  &nbsp;  Percorso adatto a tutti, consigliato abbigliamento da passeggio  Tutte le attivit\u00e0 si svolgeranno nel pieno rispetto delle vigenti normative e protocolli anti-COVID19\" \/>\n<meta property=\"og:url\" content=\"https:\/\/www.campaniaincammino.it\/de\/product\/i-campi-flegrei-sulle-tracce-del-grand-tour\/\" \/>\n<meta property=\"og:site_name\" content=\"Campania in Cammino\" \/>\n<meta property=\"article:publisher\" content=\"https:\/\/www.facebook.com\/campania.in.cammino.official\" \/>\n<meta property=\"article:modified_time\" content=\"2022-06-24T15:23:55+00:00\" \/>\n<meta property=\"og:image\" content=\"https:\/\/www.campaniaincammino.it\/wp-content\/uploads\/2022\/05\/Locandina-15-Maggio-2022.jpg\" \/>\n\t<meta property=\"og:image:width\" content=\"1200\" \/>\n\t<meta property=\"og:image:height\" content=\"1697\" \/>\n\t<meta property=\"og:image:type\" content=\"image\/jpeg\" \/>\n<meta name=\"twitter:card\" content=\"summary_large_image\" \/>\n<meta name=\"twitter:label1\" content=\"Gesch\u00e4tzte Lesezeit\" \/>\n\t<meta name=\"twitter:data1\" content=\"4\u00a0Minuten\" \/>\n<script type=\"application\/ld+json\" class=\"yoast-schema-graph\">{\"@context\":\"https:\/\/schema.org\",\"@graph\":[{\"@type\":\"WebPage\",\"@id\":\"https:\/\/www.campaniaincammino.it\/product\/i-campi-flegrei-sulle-tracce-del-grand-tour\/\",\"url\":\"https:\/\/www.campaniaincammino.it\/product\/i-campi-flegrei-sulle-tracce-del-grand-tour\/\",\"name\":\"I Campi Flegrei, sulle tracce del Grand Tour - Campania in Cammino\",\"isPartOf\":{\"@id\":\"https:\/\/www.campaniaincammino.it\/#website\"},\"primaryImageOfPage\":{\"@id\":\"https:\/\/www.campaniaincammino.it\/product\/i-campi-flegrei-sulle-tracce-del-grand-tour\/#primaryimage\"},\"image\":{\"@id\":\"https:\/\/www.campaniaincammino.it\/product\/i-campi-flegrei-sulle-tracce-del-grand-tour\/#primaryimage\"},\"thumbnailUrl\":\"https:\/\/www.campaniaincammino.it\/wp-content\/uploads\/2022\/05\/Locandina-15-Maggio-2022.jpg\",\"datePublished\":\"2022-04-20T08:00:58+00:00\",\"dateModified\":\"2022-06-24T15:23:55+00:00\",\"breadcrumb\":{\"@id\":\"https:\/\/www.campaniaincammino.it\/product\/i-campi-flegrei-sulle-tracce-del-grand-tour\/#breadcrumb\"},\"inLanguage\":\"de\",\"potentialAction\":[{\"@type\":\"ReadAction\",\"target\":[\"https:\/\/www.campaniaincammino.it\/product\/i-campi-flegrei-sulle-tracce-del-grand-tour\/\"]}]},{\"@type\":\"ImageObject\",\"inLanguage\":\"de\",\"@id\":\"https:\/\/www.campaniaincammino.it\/product\/i-campi-flegrei-sulle-tracce-del-grand-tour\/#primaryimage\",\"url\":\"https:\/\/www.campaniaincammino.it\/wp-content\/uploads\/2022\/05\/Locandina-15-Maggio-2022.jpg\",\"contentUrl\":\"https:\/\/www.campaniaincammino.it\/wp-content\/uploads\/2022\/05\/Locandina-15-Maggio-2022.jpg\",\"width\":1200,\"height\":1697},{\"@type\":\"BreadcrumbList\",\"@id\":\"https:\/\/www.campaniaincammino.it\/product\/i-campi-flegrei-sulle-tracce-del-grand-tour\/#breadcrumb\",\"itemListElement\":[{\"@type\":\"ListItem\",\"position\":1,\"name\":\"Home\",\"item\":\"https:\/\/www.campaniaincammino.it\/\"},{\"@type\":\"ListItem\",\"position\":2,\"name\":\"Shop\",\"item\":\"https:\/\/www.campaniaincammino.it\/shop\/\"},{\"@type\":\"ListItem\",\"position\":3,\"name\":\"I Campi Flegrei, sulle tracce del Grand Tour\"}]},{\"@type\":\"WebSite\",\"@id\":\"https:\/\/www.campaniaincammino.it\/#website\",\"url\":\"https:\/\/www.campaniaincammino.it\/\",\"name\":\"Campania in Cammino\",\"description\":\"\",\"publisher\":{\"@id\":\"https:\/\/www.campaniaincammino.it\/#organization\"},\"potentialAction\":[{\"@type\":\"SearchAction\",\"target\":{\"@type\":\"EntryPoint\",\"urlTemplate\":\"https:\/\/www.campaniaincammino.it\/?s={search_term_string}\"},\"query-input\":{\"@type\":\"PropertyValueSpecification\",\"valueRequired\":true,\"valueName\":\"search_term_string\"}}],\"inLanguage\":\"de\"},{\"@type\":\"Organization\",\"@id\":\"https:\/\/www.campaniaincammino.it\/#organization\",\"name\":\"Campania in Cammino\",\"url\":\"https:\/\/www.campaniaincammino.it\/\",\"logo\":{\"@type\":\"ImageObject\",\"inLanguage\":\"de\",\"@id\":\"https:\/\/www.campaniaincammino.it\/#\/schema\/logo\/image\/\",\"url\":\"http:\/\/www.campaniaincammino.it\/wp-content\/uploads\/2021\/07\/logo-campaniaincammino.png\",\"contentUrl\":\"http:\/\/www.campaniaincammino.it\/wp-content\/uploads\/2021\/07\/logo-campaniaincammino.png\",\"width\":500,\"height\":200,\"caption\":\"Campania in Cammino\"},\"image\":{\"@id\":\"https:\/\/www.campaniaincammino.it\/#\/schema\/logo\/image\/\"},\"sameAs\":[\"https:\/\/www.facebook.com\/campania.in.cammino.official\",\"https:\/\/www.instagram.com\/campania_incammino\/\"]}]}<\/script>\n<!-- \/ Yoast SEO plugin. -->","yoast_head_json":{"title":"I Campi Flegrei, sulle tracce del Grand Tour - Campania in Cammino","robots":{"index":"index","follow":"follow","max-snippet":"max-snippet:-1","max-image-preview":"max-image-preview:large","max-video-preview":"max-video-preview:-1"},"canonical":"https:\/\/www.campaniaincammino.it\/de\/product\/i-campi-flegrei-sulle-tracce-del-grand-tour\/","og_locale":"de_DE","og_type":"article","og_title":"I Campi Flegrei, sulle tracce del Grand Tour - Campania in Cammino","og_description":"Passeggiata guidata urbana I Campi Flegrei, sulle tracce del Grand Tour DOMENICA 15 MAGGIO 2022  Nello spirito del Grand tour faremo tappa a Bacoli dove, a partire dal lago Miseno, ci inoltreremo tra le strade della cittadina flegrea per ammirare il murale del noto street artist contemporaneo Jorit e apprezzare il centro storico con l'originario abitato dove sorge la chiesa patronale dedicata a Sant'Anna e il magnifico murales dedicato a Procida. Dall'antico abitato raggiungeremo Piscina Mirabilis, la pi\u00f9 grande cisterna romana dell'antichit\u00e0, definita la cattedrale dell'acqua per concludere poi con una degustazione\/brunch in cantina accompagnati dall'intrattenimento del gruppo folkloristico Artemide  &nbsp;  PROGRAMMA   Ore 9:30 - ritrovo dei partecipanti a Bacoli  Ore 10:00 - passeggiata guidata come da programma  Ore 13:00 - degustazione in cantina con frittata di pasta rossa, frittata di pasta alla Nerano, arancino al burro, limone e fiordilatte, crocch\u00e8 di patate con salame e mozzarella, vino e intrattenimento con spettacolo musicale a cura del gruppo Artemide  Quota di partecipazione a persona: \u20ac 35,00 Quota bambini: \u20ac 15,00 &nbsp;  INFORMAZIONI  La quota include:   Guida abilitata e servizio di accompagnamento  Degustazione in cantina  Animazione musicale e assicurazione  La quota non include:   Ingresso alla piscina Mirabilis  &nbsp;  Percorso adatto a tutti, consigliato abbigliamento da passeggio  Tutte le attivit\u00e0 si svolgeranno nel pieno rispetto delle vigenti normative e protocolli anti-COVID19","og_url":"https:\/\/www.campaniaincammino.it\/de\/product\/i-campi-flegrei-sulle-tracce-del-grand-tour\/","og_site_name":"Campania in Cammino","article_publisher":"https:\/\/www.facebook.com\/campania.in.cammino.official","article_modified_time":"2022-06-24T15:23:55+00:00","og_image":[{"width":1200,"height":1697,"url":"https:\/\/www.campaniaincammino.it\/wp-content\/uploads\/2022\/05\/Locandina-15-Maggio-2022.jpg","type":"image\/jpeg"}],"twitter_card":"summary_large_image","twitter_misc":{"Gesch\u00e4tzte Lesezeit":"4\u00a0Minuten"},"schema":{"@context":"https:\/\/schema.org","@graph":[{"@type":"WebPage","@id":"https:\/\/www.campaniaincammino.it\/product\/i-campi-flegrei-sulle-tracce-del-grand-tour\/","url":"https:\/\/www.campaniaincammino.it\/product\/i-campi-flegrei-sulle-tracce-del-grand-tour\/","name":"I Campi Flegrei, sulle tracce del Grand Tour - Campania in Cammino","isPartOf":{"@id":"https:\/\/www.campaniaincammino.it\/#website"},"primaryImageOfPage":{"@id":"https:\/\/www.campaniaincammino.it\/product\/i-campi-flegrei-sulle-tracce-del-grand-tour\/#primaryimage"},"image":{"@id":"https:\/\/www.campaniaincammino.it\/product\/i-campi-flegrei-sulle-tracce-del-grand-tour\/#primaryimage"},"thumbnailUrl":"https:\/\/www.campaniaincammino.it\/wp-content\/uploads\/2022\/05\/Locandina-15-Maggio-2022.jpg","datePublished":"2022-04-20T08:00:58+00:00","dateModified":"2022-06-24T15:23:55+00:00","breadcrumb":{"@id":"https:\/\/www.campaniaincammino.it\/product\/i-campi-flegrei-sulle-tracce-del-grand-tour\/#breadcrumb"},"inLanguage":"de","potentialAction":[{"@type":"ReadAction","target":["https:\/\/www.campaniaincammino.it\/product\/i-campi-flegrei-sulle-tracce-del-grand-tour\/"]}]},{"@type":"ImageObject","inLanguage":"de","@id":"https:\/\/www.campaniaincammino.it\/product\/i-campi-flegrei-sulle-tracce-del-grand-tour\/#primaryimage","url":"https:\/\/www.campaniaincammino.it\/wp-content\/uploads\/2022\/05\/Locandina-15-Maggio-2022.jpg","contentUrl":"https:\/\/www.campaniaincammino.it\/wp-content\/uploads\/2022\/05\/Locandina-15-Maggio-2022.jpg","width":1200,"height":1697},{"@type":"BreadcrumbList","@id":"https:\/\/www.campaniaincammino.it\/product\/i-campi-flegrei-sulle-tracce-del-grand-tour\/#breadcrumb","itemListElement":[{"@type":"ListItem","position":1,"name":"Home","item":"https:\/\/www.campaniaincammino.it\/"},{"@type":"ListItem","position":2,"name":"Shop","item":"https:\/\/www.campaniaincammino.it\/shop\/"},{"@type":"ListItem","position":3,"name":"I Campi Flegrei, sulle tracce del Grand Tour"}]},{"@type":"WebSite","@id":"https:\/\/www.campaniaincammino.it\/#website","url":"https:\/\/www.campaniaincammino.it\/","name":"Campania in Cammino","description":"","publisher":{"@id":"https:\/\/www.campaniaincammino.it\/#organization"},"potentialAction":[{"@type":"SearchAction","target":{"@type":"EntryPoint","urlTemplate":"https:\/\/www.campaniaincammino.it\/?s={search_term_string}"},"query-input":{"@type":"PropertyValueSpecification","valueRequired":true,"valueName":"search_term_string"}}],"inLanguage":"de"},{"@type":"Organization","@id":"https:\/\/www.campaniaincammino.it\/#organization","name":"Campania in Cammino","url":"https:\/\/www.campaniaincammino.it\/","logo":{"@type":"ImageObject","inLanguage":"de","@id":"https:\/\/www.campaniaincammino.it\/#\/schema\/logo\/image\/","url":"http:\/\/www.campaniaincammino.it\/wp-content\/uploads\/2021\/07\/logo-campaniaincammino.png","contentUrl":"http:\/\/www.campaniaincammino.it\/wp-content\/uploads\/2021\/07\/logo-campaniaincammino.png","width":500,"height":200,"caption":"Campania in Cammino"},"image":{"@id":"https:\/\/www.campaniaincammino.it\/#\/schema\/logo\/image\/"},"sameAs":["https:\/\/www.facebook.com\/campania.in.cammino.official","https:\/\/www.instagram.com\/campania_incammino\/"]}]}},"_links":{"self":[{"href":"https:\/\/www.campaniaincammino.it\/de\/wp-json\/wp\/v2\/product\/20667","targetHints":{"allow":["GET"]}}],"collection":[{"href":"https:\/\/www.campaniaincammino.it\/de\/wp-json\/wp\/v2\/product"}],"about":[{"href":"https:\/\/www.campaniaincammino.it\/de\/wp-json\/wp\/v2\/types\/product"}],"version-history":[{"count":43,"href":"https:\/\/www.campaniaincammino.it\/de\/wp-json\/wp\/v2\/product\/20667\/revisions"}],"predecessor-version":[{"id":22175,"href":"https:\/\/www.campaniaincammino.it\/de\/wp-json\/wp\/v2\/product\/20667\/revisions\/22175"}],"wp:featuredmedia":[{"embeddable":true,"href":"https:\/\/www.campaniaincammino.it\/de\/wp-json\/wp\/v2\/media\/22323"}],"wp:attachment":[{"href":"https:\/\/www.campaniaincammino.it\/de\/wp-json\/wp\/v2\/media?parent=20667"}],"wp:term":[{"taxonomy":"product_brand","embeddable":true,"href":"https:\/\/www.campaniaincammino.it\/de\/wp-json\/wp\/v2\/product_brand?post=20667"},{"taxonomy":"product_cat","embeddable":true,"href":"https:\/\/www.campaniaincammino.it\/de\/wp-json\/wp\/v2\/product_cat?post=20667"},{"taxonomy":"product_tag","embeddable":true,"href":"https:\/\/www.campaniaincammino.it\/de\/wp-json\/wp\/v2\/product_tag?post=20667"}],"curies":[{"name":"wp","href":"https:\/\/api.w.org\/{rel}","templated":true}]}}