{"id":21235,"date":"2022-04-14T15:42:07","date_gmt":"2022-04-14T13:42:07","guid":{"rendered":"http:\/\/www.campaniaincammino.it\/?page_id=21235"},"modified":"2022-05-06T17:18:56","modified_gmt":"2022-05-06T15:18:56","slug":"trekking-urbano","status":"publish","type":"page","link":"https:\/\/www.campaniaincammino.it\/en\/trekking-urbano\/","title":{"rendered":"Urban Trekking"},"content":{"rendered":"<div data-elementor-type=\"wp-page\" data-elementor-id=\"21235\" class=\"elementor elementor-21235\" data-elementor-settings=\"[]\">\n\t\t\t\t\t\t<div class=\"elementor-inner\">\n\t\t\t\t\t\t\t<div class=\"elementor-section-wrap\">\n\t\t\t\t\t\t\t<section class=\"elementor-section elementor-top-section elementor-element elementor-element-0c99607 elementor-section-boxed elementor-section-height-default elementor-section-height-default\" data-id=\"0c99607\" data-element_type=\"section\" data-settings=\"{&quot;jet_parallax_layout_list&quot;:[]}\">\n\t\t\t\t\t\t<div class=\"elementor-container elementor-column-gap-default\">\n\t\t\t\t\t\t\t<div class=\"elementor-row\">\n\t\t\t\t\t<div class=\"elementor-column elementor-col-50 elementor-top-column elementor-element elementor-element-8ca0dbe\" data-id=\"8ca0dbe\" data-element_type=\"column\">\n\t\t\t<div class=\"elementor-column-wrap elementor-element-populated\">\n\t\t\t\t\t\t\t<div class=\"elementor-widget-wrap\">\n\t\t\t\t\t\t<div class=\"elementor-element elementor-element-6249292 dt-sc-custom-heading dt-sc-custom-underline-decor elementor-widget elementor-widget-heading\" data-id=\"6249292\" data-element_type=\"widget\" data-widget_type=\"heading.default\">\n\t\t\t\t<div class=\"elementor-widget-container\">\n\t\t\t<h3 class=\"elementor-heading-title elementor-size-default\">Urban Trekking<\/h3>\t\t<\/div>\n\t\t\t\t<\/div>\n\t\t\t\t<div class=\"elementor-element elementor-element-dca68f3 elementor-widget elementor-widget-text-editor\" data-id=\"dca68f3\" data-element_type=\"widget\" data-widget_type=\"text-editor.default\">\n\t\t\t\t<div class=\"elementor-widget-container\">\n\t\t\t\t\t\t\t\t<div class=\"elementor-text-editor elementor-clearfix\">\n\t\t\t\t<p>Urban Trekking is a new way to explore cities. It is a freer, less structured practice than the other types of trekking and is designed to visit places far from the most popular circuits. It is a type of tourism full of surprises that favors the most hidden and least known corners of the Italian cities of art. The itineraries are organized in different levels of difficulty in order to be traveled by both trained and less experienced people.<\/p>\t\t\t\t\t<\/div>\n\t\t\t\t\t\t<\/div>\n\t\t\t\t<\/div>\n\t\t\t\t\t\t<\/div>\n\t\t\t\t\t<\/div>\n\t\t<\/div>\n\t\t\t\t<div class=\"elementor-column elementor-col-50 elementor-top-column elementor-element elementor-element-3df0da5\" data-id=\"3df0da5\" data-element_type=\"column\">\n\t\t\t<div class=\"elementor-column-wrap elementor-element-populated\">\n\t\t\t\t\t\t\t<div class=\"elementor-widget-wrap\">\n\t\t\t\t\t\t<div class=\"elementor-element elementor-element-2926124 elementor-position-right dt-sc-custom-activities-image-decor animated-slow elementor-vertical-align-top elementor-invisible elementor-widget elementor-widget-image-box\" data-id=\"2926124\" data-element_type=\"widget\" data-settings=\"{&quot;_animation&quot;:&quot;fadeIn&quot;}\" data-widget_type=\"image-box.default\">\n\t\t\t\t<div class=\"elementor-widget-container\">\n\t\t\t<div class=\"elementor-image-box-wrapper\"><figure class=\"elementor-image-box-img\"><img loading=\"lazy\" decoding=\"async\" width=\"1200\" height=\"800\" src=\"https:\/\/www.campaniaincammino.it\/wp-content\/uploads\/2022\/04\/img-big-trekking-urbano.jpg\" class=\"attachment-full size-full\" alt=\"\" \/><\/figure><\/div>\t\t<\/div>\n\t\t\t\t<\/div>\n\t\t\t\t\t\t<\/div>\n\t\t\t\t\t<\/div>\n\t\t<\/div>\n\t\t\t\t\t\t\t\t<\/div>\n\t\t\t\t\t<\/div>\n\t\t<\/section>\n\t\t\t\t<section class=\"elementor-section elementor-top-section elementor-element elementor-element-1a53445 elementor-section-stretched elementor-section-boxed elementor-section-height-default elementor-section-height-default\" data-id=\"1a53445\" data-element_type=\"section\" data-settings=\"{&quot;stretch_section&quot;:&quot;section-stretched&quot;,&quot;jet_parallax_layout_list&quot;:[{&quot;jet_parallax_layout_image&quot;:{&quot;url&quot;:&quot;&quot;,&quot;id&quot;:&quot;&quot;},&quot;_id&quot;:&quot;f5b285c&quot;,&quot;jet_parallax_layout_image_tablet&quot;:{&quot;url&quot;:&quot;&quot;,&quot;id&quot;:&quot;&quot;},&quot;jet_parallax_layout_image_mobile&quot;:{&quot;url&quot;:&quot;&quot;,&quot;id&quot;:&quot;&quot;},&quot;jet_parallax_layout_speed&quot;:{&quot;unit&quot;:&quot;%&quot;,&quot;size&quot;:50,&quot;sizes&quot;:[]},&quot;jet_parallax_layout_type&quot;:&quot;scroll&quot;,&quot;jet_parallax_layout_direction&quot;:null,&quot;jet_parallax_layout_fx_direction&quot;:null,&quot;jet_parallax_layout_z_index&quot;:&quot;&quot;,&quot;jet_parallax_layout_bg_x&quot;:50,&quot;jet_parallax_layout_bg_x_tablet&quot;:&quot;&quot;,&quot;jet_parallax_layout_bg_x_mobile&quot;:&quot;&quot;,&quot;jet_parallax_layout_bg_y&quot;:50,&quot;jet_parallax_layout_bg_y_tablet&quot;:&quot;&quot;,&quot;jet_parallax_layout_bg_y_mobile&quot;:&quot;&quot;,&quot;jet_parallax_layout_bg_size&quot;:&quot;auto&quot;,&quot;jet_parallax_layout_bg_size_tablet&quot;:&quot;&quot;,&quot;jet_parallax_layout_bg_size_mobile&quot;:&quot;&quot;,&quot;jet_parallax_layout_animation_prop&quot;:&quot;transform&quot;,&quot;jet_parallax_layout_on&quot;:[&quot;desktop&quot;,&quot;tablet&quot;]}],&quot;background_background&quot;:&quot;classic&quot;}\">\n\t\t\t\t\t\t<div class=\"elementor-container elementor-column-gap-no\">\n\t\t\t\t\t\t\t<div class=\"elementor-row\">\n\t\t\t\t\t<div class=\"elementor-column elementor-col-100 elementor-top-column elementor-element elementor-element-3e42c7a\" data-id=\"3e42c7a\" data-element_type=\"column\">\n\t\t\t<div class=\"elementor-column-wrap elementor-element-populated\">\n\t\t\t\t\t\t\t<div class=\"elementor-widget-wrap\">\n\t\t\t\t\t\t<div class=\"elementor-element elementor-element-ed7142e elementor-widget elementor-widget-spacer\" data-id=\"ed7142e\" data-element_type=\"widget\" data-widget_type=\"spacer.default\">\n\t\t\t\t<div class=\"elementor-widget-container\">\n\t\t\t\t\t<div class=\"elementor-spacer\">\n\t\t\t<div class=\"elementor-spacer-inner\"><\/div>\n\t\t<\/div>\n\t\t\t\t<\/div>\n\t\t\t\t<\/div>\n\t\t\t\t<div class=\"elementor-element elementor-element-a4b47b6 dt-sc-custom-advance-carousel elementor-widget elementor-widget-jet-carousel\" data-id=\"a4b47b6\" data-element_type=\"widget\" data-settings=\"{&quot;slides_to_show&quot;:&quot;3&quot;,&quot;slides_to_scroll&quot;:&quot;1&quot;}\" data-widget_type=\"jet-carousel.default\">\n\t\t\t\t<div class=\"elementor-widget-container\">\n\t\t\t<div class=\"elementor-jet-carousel jet-elements\"><div class=\"jet-carousel-wrap\">\n\t<div class=\"jet-carousel\" data-slider_options=\"{&quot;autoplaySpeed&quot;:5000,&quot;autoplay&quot;:true,&quot;infinite&quot;:true,&quot;centerMode&quot;:false,&quot;pauseOnHover&quot;:false,&quot;speed&quot;:500,&quot;arrows&quot;:true,&quot;dots&quot;:false,&quot;variableWidth&quot;:false,&quot;prevArrow&quot;:&quot;.jet-carousel__prev-arrow-a4b47b6&quot;,&quot;nextArrow&quot;:&quot;.jet-carousel__next-arrow-a4b47b6&quot;,&quot;rtl&quot;:false,&quot;fractionNav&quot;:false}\" dir=\"ltr\">\n\t<div class=\"elementor-slick-slider\">\n\n<div class=\"jet-carousel__item\">\n\t<div class=\"jet-carousel__item-inner\"><a href=\"http:\/\/www.campaniaincammino.it\/wp-content\/uploads\/2022\/04\/img-gallery-trekking-urbano-01.jpg\" class=\"jet-carousel__item-link\" data-elementor-open-lightbox=\"yes\" data-elementor-lightbox-slideshow=\"a4b47b6\"><img decoding=\"async\" src=\"http:\/\/www.campaniaincammino.it\/wp-content\/uploads\/2022\/04\/img-gallery-trekking-urbano-01.jpg\" class=\"jet-carousel__item-img\" alt=\"img-gallery-trekking-urbano-01\" loading=\"lazy\"><\/a><div class=\"jet-carousel__content\"><\/div><\/div>\n<\/div>\n\n<div class=\"jet-carousel__item\">\n\t<div class=\"jet-carousel__item-inner\"><a href=\"http:\/\/www.campaniaincammino.it\/wp-content\/uploads\/2022\/04\/img-gallery-trekking-urbano-02.jpg\" class=\"jet-carousel__item-link\" data-elementor-open-lightbox=\"yes\" data-elementor-lightbox-slideshow=\"a4b47b6\"><img decoding=\"async\" src=\"http:\/\/www.campaniaincammino.it\/wp-content\/uploads\/2022\/04\/img-gallery-trekking-urbano-02.jpg\" class=\"jet-carousel__item-img\" alt=\"img-gallery-trekking-urbano-02\" loading=\"lazy\"><\/a><div class=\"jet-carousel__content\"><\/div><\/div>\n<\/div>\n\n<div class=\"jet-carousel__item\">\n\t<div class=\"jet-carousel__item-inner\"><a href=\"http:\/\/www.campaniaincammino.it\/wp-content\/uploads\/2022\/04\/img-gallery-trekking-urbano-03.jpg\" class=\"jet-carousel__item-link\" data-elementor-open-lightbox=\"yes\" data-elementor-lightbox-slideshow=\"a4b47b6\"><img decoding=\"async\" src=\"http:\/\/www.campaniaincammino.it\/wp-content\/uploads\/2022\/04\/img-gallery-trekking-urbano-03.jpg\" class=\"jet-carousel__item-img\" alt=\"img-gallery-trekking-urbano-03\" loading=\"lazy\"><\/a><div class=\"jet-carousel__content\"><\/div><\/div>\n<\/div>\n\n<div class=\"jet-carousel__item\">\n\t<div class=\"jet-carousel__item-inner\"><a href=\"http:\/\/www.campaniaincammino.it\/wp-content\/uploads\/2022\/04\/img-gallery-trekking-urbano-04.jpg\" class=\"jet-carousel__item-link\" data-elementor-open-lightbox=\"yes\" data-elementor-lightbox-slideshow=\"a4b47b6\"><img decoding=\"async\" src=\"http:\/\/www.campaniaincammino.it\/wp-content\/uploads\/2022\/04\/img-gallery-trekking-urbano-04.jpg\" class=\"jet-carousel__item-img\" alt=\"img-gallery-trekking-urbano-04\" loading=\"lazy\"><\/a><div class=\"jet-carousel__content\"><\/div><\/div>\n<\/div>\n\n<div class=\"jet-carousel__item\">\n\t<div class=\"jet-carousel__item-inner\"><a href=\"http:\/\/www.campaniaincammino.it\/wp-content\/uploads\/2022\/04\/img-gallery-trekking-urbano-05.jpg\" class=\"jet-carousel__item-link\" data-elementor-open-lightbox=\"yes\" data-elementor-lightbox-slideshow=\"a4b47b6\"><img decoding=\"async\" src=\"http:\/\/www.campaniaincammino.it\/wp-content\/uploads\/2022\/04\/img-gallery-trekking-urbano-05.jpg\" class=\"jet-carousel__item-img\" alt=\"img-gallery-trekking-urbano-05\" loading=\"lazy\"><\/a><div class=\"jet-carousel__content\"><\/div><\/div>\n<\/div>\n\n<div class=\"jet-carousel__item\">\n\t<div class=\"jet-carousel__item-inner\"><a href=\"http:\/\/www.campaniaincammino.it\/wp-content\/uploads\/2022\/04\/img-gallery-trekking-urbano-06.jpg\" class=\"jet-carousel__item-link\" data-elementor-open-lightbox=\"yes\" data-elementor-lightbox-slideshow=\"a4b47b6\"><img decoding=\"async\" src=\"http:\/\/www.campaniaincammino.it\/wp-content\/uploads\/2022\/04\/img-gallery-trekking-urbano-06.jpg\" class=\"jet-carousel__item-img\" alt=\"img-gallery-trekking-urbano-06\" loading=\"lazy\"><\/a><div class=\"jet-carousel__content\"><\/div><\/div>\n<\/div>\n<\/div><div class=\"jet-carousel__prev-arrow-a4b47b6 jet-arrow prev-arrow\"><i aria-hidden=\"true\" class=\"fas fa-arrow-left\"><\/i><\/div><div class=\"jet-carousel__next-arrow-a4b47b6 jet-arrow next-arrow\"><i aria-hidden=\"true\" class=\"fas fa-arrow-right\"><\/i><\/div><\/div>\n<\/div>\n<\/div>\t\t<\/div>\n\t\t\t\t<\/div>\n\t\t\t\t<div class=\"elementor-element elementor-element-b9153b3 elementor-widget elementor-widget-spacer\" data-id=\"b9153b3\" data-element_type=\"widget\" data-widget_type=\"spacer.default\">\n\t\t\t\t<div class=\"elementor-widget-container\">\n\t\t\t\t\t<div class=\"elementor-spacer\">\n\t\t\t<div class=\"elementor-spacer-inner\"><\/div>\n\t\t<\/div>\n\t\t\t\t<\/div>\n\t\t\t\t<\/div>\n\t\t\t\t\t\t<\/div>\n\t\t\t\t\t<\/div>\n\t\t<\/div>\n\t\t\t\t\t\t\t\t<\/div>\n\t\t\t\t\t<\/div>\n\t\t<\/section>\n\t\t\t\t\t\t<\/div>\n\t\t\t\t\t\t<\/div>\n\t\t\t\t\t<\/div>","protected":false},"excerpt":{"rendered":"<p>Trekking Urbano Il Trekking Urbano \u00e8 un nuovo modo di esplorare le citt\u00e0. \u00c8 una pratica pi\u00f9 libera, meno strutturata degli altri tipi di trekking ed \u00e8 pensata per visitare luoghi lontani dai circuiti pi\u00f9 conosciuti. \u00c8 un tipo di turismo ricco di sorprese che privilegia gli angoli pi\u00f9 nascosti e meno noti delle citt\u00e0 [&hellip;]<\/p>","protected":false},"author":1,"featured_media":21540,"parent":0,"menu_order":0,"comment_status":"closed","ping_status":"closed","template":"","meta":{"_exactmetrics_skip_tracking":false,"_exactmetrics_sitenote_active":false,"_exactmetrics_sitenote_note":"","_exactmetrics_sitenote_category":0,"footnotes":""},"class_list":["post-21235","page","type-page","status-publish","has-post-thumbnail","hentry"],"yoast_head":"<!-- This site is optimized with the Yoast SEO plugin v25.3 - https:\/\/yoast.com\/wordpress\/plugins\/seo\/ -->\n<title>Trekking Urbano - Campania in Cammino<\/title>\n<meta name=\"description\" content=\"Il Trekking Urbano \u00e8 un nuovo modo di esplorare le citt\u00e0. \u00c8 una pratica pi\u00f9 libera, meno strutturata degli altri tipi di trekking ed \u00e8 pensata per visitare luoghi lontani dai circuiti pi\u00f9 conosciuti.\" \/>\n<meta name=\"robots\" content=\"index, follow, max-snippet:-1, max-image-preview:large, max-video-preview:-1\" \/>\n<link rel=\"canonical\" href=\"https:\/\/www.campaniaincammino.it\/en\/trekking-urbano\/\" \/>\n<meta property=\"og:locale\" content=\"en_GB\" \/>\n<meta property=\"og:type\" content=\"article\" \/>\n<meta property=\"og:title\" content=\"Trekking Urbano - Campania in Cammino\" \/>\n<meta property=\"og:description\" content=\"Il Trekking Urbano \u00e8 un nuovo modo di esplorare le citt\u00e0. \u00c8 una pratica pi\u00f9 libera, meno strutturata degli altri tipi di trekking ed \u00e8 pensata per visitare luoghi lontani dai circuiti pi\u00f9 conosciuti.\" \/>\n<meta property=\"og:url\" content=\"https:\/\/www.campaniaincammino.it\/en\/trekking-urbano\/\" \/>\n<meta property=\"og:site_name\" content=\"Campania in Cammino\" \/>\n<meta property=\"article:publisher\" content=\"https:\/\/www.facebook.com\/campania.in.cammino.official\" \/>\n<meta property=\"article:modified_time\" content=\"2022-05-06T15:18:56+00:00\" \/>\n<meta property=\"og:image\" content=\"https:\/\/www.campaniaincammino.it\/wp-content\/uploads\/2022\/04\/img-slide-trekking-urbano.jpg\" \/>\n\t<meta property=\"og:image:width\" content=\"1920\" \/>\n\t<meta property=\"og:image:height\" content=\"766\" \/>\n\t<meta property=\"og:image:type\" content=\"image\/jpeg\" \/>\n<meta name=\"twitter:card\" content=\"summary_large_image\" \/>\n<meta name=\"twitter:label1\" content=\"Estimated reading time\" \/>\n\t<meta name=\"twitter:data1\" content=\"2 minutes\" \/>\n<script type=\"application\/ld+json\" class=\"yoast-schema-graph\">{\"@context\":\"https:\/\/schema.org\",\"@graph\":[{\"@type\":\"WebPage\",\"@id\":\"https:\/\/www.campaniaincammino.it\/trekking-urbano\/\",\"url\":\"https:\/\/www.campaniaincammino.it\/trekking-urbano\/\",\"name\":\"Trekking Urbano - Campania in Cammino\",\"isPartOf\":{\"@id\":\"https:\/\/www.campaniaincammino.it\/#website\"},\"primaryImageOfPage\":{\"@id\":\"https:\/\/www.campaniaincammino.it\/trekking-urbano\/#primaryimage\"},\"image\":{\"@id\":\"https:\/\/www.campaniaincammino.it\/trekking-urbano\/#primaryimage\"},\"thumbnailUrl\":\"https:\/\/www.campaniaincammino.it\/wp-content\/uploads\/2022\/04\/img-slide-trekking-urbano.jpg\",\"datePublished\":\"2022-04-14T13:42:07+00:00\",\"dateModified\":\"2022-05-06T15:18:56+00:00\",\"description\":\"Il Trekking Urbano \u00e8 un nuovo modo di esplorare le citt\u00e0. \u00c8 una pratica pi\u00f9 libera, meno strutturata degli altri tipi di trekking ed \u00e8 pensata per visitare luoghi lontani dai circuiti pi\u00f9 conosciuti.\",\"breadcrumb\":{\"@id\":\"https:\/\/www.campaniaincammino.it\/trekking-urbano\/#breadcrumb\"},\"inLanguage\":\"en-GB\",\"potentialAction\":[{\"@type\":\"ReadAction\",\"target\":[\"https:\/\/www.campaniaincammino.it\/trekking-urbano\/\"]}]},{\"@type\":\"ImageObject\",\"inLanguage\":\"en-GB\",\"@id\":\"https:\/\/www.campaniaincammino.it\/trekking-urbano\/#primaryimage\",\"url\":\"https:\/\/www.campaniaincammino.it\/wp-content\/uploads\/2022\/04\/img-slide-trekking-urbano.jpg\",\"contentUrl\":\"https:\/\/www.campaniaincammino.it\/wp-content\/uploads\/2022\/04\/img-slide-trekking-urbano.jpg\",\"width\":1920,\"height\":766},{\"@type\":\"BreadcrumbList\",\"@id\":\"https:\/\/www.campaniaincammino.it\/trekking-urbano\/#breadcrumb\",\"itemListElement\":[{\"@type\":\"ListItem\",\"position\":1,\"name\":\"Home\",\"item\":\"https:\/\/www.campaniaincammino.it\/\"},{\"@type\":\"ListItem\",\"position\":2,\"name\":\"Trekking Urbano\"}]},{\"@type\":\"WebSite\",\"@id\":\"https:\/\/www.campaniaincammino.it\/#website\",\"url\":\"https:\/\/www.campaniaincammino.it\/\",\"name\":\"Campania in Cammino\",\"description\":\"\",\"publisher\":{\"@id\":\"https:\/\/www.campaniaincammino.it\/#organization\"},\"potentialAction\":[{\"@type\":\"SearchAction\",\"target\":{\"@type\":\"EntryPoint\",\"urlTemplate\":\"https:\/\/www.campaniaincammino.it\/?s={search_term_string}\"},\"query-input\":{\"@type\":\"PropertyValueSpecification\",\"valueRequired\":true,\"valueName\":\"search_term_string\"}}],\"inLanguage\":\"en-GB\"},{\"@type\":\"Organization\",\"@id\":\"https:\/\/www.campaniaincammino.it\/#organization\",\"name\":\"Campania in Cammino\",\"url\":\"https:\/\/www.campaniaincammino.it\/\",\"logo\":{\"@type\":\"ImageObject\",\"inLanguage\":\"en-GB\",\"@id\":\"https:\/\/www.campaniaincammino.it\/#\/schema\/logo\/image\/\",\"url\":\"http:\/\/www.campaniaincammino.it\/wp-content\/uploads\/2021\/07\/logo-campaniaincammino.png\",\"contentUrl\":\"http:\/\/www.campaniaincammino.it\/wp-content\/uploads\/2021\/07\/logo-campaniaincammino.png\",\"width\":500,\"height\":200,\"caption\":\"Campania in Cammino\"},\"image\":{\"@id\":\"https:\/\/www.campaniaincammino.it\/#\/schema\/logo\/image\/\"},\"sameAs\":[\"https:\/\/www.facebook.com\/campania.in.cammino.official\",\"https:\/\/www.instagram.com\/campania_incammino\/\"]}]}<\/script>\n<!-- \/ Yoast SEO plugin. -->","yoast_head_json":{"title":"Trekking Urbano - Campania in Cammino","description":"Il Trekking Urbano \u00e8 un nuovo modo di esplorare le citt\u00e0. \u00c8 una pratica pi\u00f9 libera, meno strutturata degli altri tipi di trekking ed \u00e8 pensata per visitare luoghi lontani dai circuiti pi\u00f9 conosciuti.","robots":{"index":"index","follow":"follow","max-snippet":"max-snippet:-1","max-image-preview":"max-image-preview:large","max-video-preview":"max-video-preview:-1"},"canonical":"https:\/\/www.campaniaincammino.it\/en\/trekking-urbano\/","og_locale":"en_GB","og_type":"article","og_title":"Trekking Urbano - Campania in Cammino","og_description":"Il Trekking Urbano \u00e8 un nuovo modo di esplorare le citt\u00e0. \u00c8 una pratica pi\u00f9 libera, meno strutturata degli altri tipi di trekking ed \u00e8 pensata per visitare luoghi lontani dai circuiti pi\u00f9 conosciuti.","og_url":"https:\/\/www.campaniaincammino.it\/en\/trekking-urbano\/","og_site_name":"Campania in Cammino","article_publisher":"https:\/\/www.facebook.com\/campania.in.cammino.official","article_modified_time":"2022-05-06T15:18:56+00:00","og_image":[{"width":1920,"height":766,"url":"https:\/\/www.campaniaincammino.it\/wp-content\/uploads\/2022\/04\/img-slide-trekking-urbano.jpg","type":"image\/jpeg"}],"twitter_card":"summary_large_image","twitter_misc":{"Estimated reading time":"2 minutes"},"schema":{"@context":"https:\/\/schema.org","@graph":[{"@type":"WebPage","@id":"https:\/\/www.campaniaincammino.it\/trekking-urbano\/","url":"https:\/\/www.campaniaincammino.it\/trekking-urbano\/","name":"Trekking Urbano - Campania in Cammino","isPartOf":{"@id":"https:\/\/www.campaniaincammino.it\/#website"},"primaryImageOfPage":{"@id":"https:\/\/www.campaniaincammino.it\/trekking-urbano\/#primaryimage"},"image":{"@id":"https:\/\/www.campaniaincammino.it\/trekking-urbano\/#primaryimage"},"thumbnailUrl":"https:\/\/www.campaniaincammino.it\/wp-content\/uploads\/2022\/04\/img-slide-trekking-urbano.jpg","datePublished":"2022-04-14T13:42:07+00:00","dateModified":"2022-05-06T15:18:56+00:00","description":"Il Trekking Urbano \u00e8 un nuovo modo di esplorare le citt\u00e0. \u00c8 una pratica pi\u00f9 libera, meno strutturata degli altri tipi di trekking ed \u00e8 pensata per visitare luoghi lontani dai circuiti pi\u00f9 conosciuti.","breadcrumb":{"@id":"https:\/\/www.campaniaincammino.it\/trekking-urbano\/#breadcrumb"},"inLanguage":"en-GB","potentialAction":[{"@type":"ReadAction","target":["https:\/\/www.campaniaincammino.it\/trekking-urbano\/"]}]},{"@type":"ImageObject","inLanguage":"en-GB","@id":"https:\/\/www.campaniaincammino.it\/trekking-urbano\/#primaryimage","url":"https:\/\/www.campaniaincammino.it\/wp-content\/uploads\/2022\/04\/img-slide-trekking-urbano.jpg","contentUrl":"https:\/\/www.campaniaincammino.it\/wp-content\/uploads\/2022\/04\/img-slide-trekking-urbano.jpg","width":1920,"height":766},{"@type":"BreadcrumbList","@id":"https:\/\/www.campaniaincammino.it\/trekking-urbano\/#breadcrumb","itemListElement":[{"@type":"ListItem","position":1,"name":"Home","item":"https:\/\/www.campaniaincammino.it\/"},{"@type":"ListItem","position":2,"name":"Trekking Urbano"}]},{"@type":"WebSite","@id":"https:\/\/www.campaniaincammino.it\/#website","url":"https:\/\/www.campaniaincammino.it\/","name":"Campania in Cammino","description":"","publisher":{"@id":"https:\/\/www.campaniaincammino.it\/#organization"},"potentialAction":[{"@type":"SearchAction","target":{"@type":"EntryPoint","urlTemplate":"https:\/\/www.campaniaincammino.it\/?s={search_term_string}"},"query-input":{"@type":"PropertyValueSpecification","valueRequired":true,"valueName":"search_term_string"}}],"inLanguage":"en-GB"},{"@type":"Organization","@id":"https:\/\/www.campaniaincammino.it\/#organization","name":"Campania in Cammino","url":"https:\/\/www.campaniaincammino.it\/","logo":{"@type":"ImageObject","inLanguage":"en-GB","@id":"https:\/\/www.campaniaincammino.it\/#\/schema\/logo\/image\/","url":"http:\/\/www.campaniaincammino.it\/wp-content\/uploads\/2021\/07\/logo-campaniaincammino.png","contentUrl":"http:\/\/www.campaniaincammino.it\/wp-content\/uploads\/2021\/07\/logo-campaniaincammino.png","width":500,"height":200,"caption":"Campania in Cammino"},"image":{"@id":"https:\/\/www.campaniaincammino.it\/#\/schema\/logo\/image\/"},"sameAs":["https:\/\/www.facebook.com\/campania.in.cammino.official","https:\/\/www.instagram.com\/campania_incammino\/"]}]}},"_links":{"self":[{"href":"https:\/\/www.campaniaincammino.it\/en\/wp-json\/wp\/v2\/pages\/21235","targetHints":{"allow":["GET"]}}],"collection":[{"href":"https:\/\/www.campaniaincammino.it\/en\/wp-json\/wp\/v2\/pages"}],"about":[{"href":"https:\/\/www.campaniaincammino.it\/en\/wp-json\/wp\/v2\/types\/page"}],"author":[{"embeddable":true,"href":"https:\/\/www.campaniaincammino.it\/en\/wp-json\/wp\/v2\/users\/1"}],"replies":[{"embeddable":true,"href":"https:\/\/www.campaniaincammino.it\/en\/wp-json\/wp\/v2\/comments?post=21235"}],"version-history":[{"count":57,"href":"https:\/\/www.campaniaincammino.it\/en\/wp-json\/wp\/v2\/pages\/21235\/revisions"}],"predecessor-version":[{"id":22239,"href":"https:\/\/www.campaniaincammino.it\/en\/wp-json\/wp\/v2\/pages\/21235\/revisions\/22239"}],"wp:featuredmedia":[{"embeddable":true,"href":"https:\/\/www.campaniaincammino.it\/en\/wp-json\/wp\/v2\/media\/21540"}],"wp:attachment":[{"href":"https:\/\/www.campaniaincammino.it\/en\/wp-json\/wp\/v2\/media?parent=21235"}],"curies":[{"name":"wp","href":"https:\/\/api.w.org\/{rel}","templated":true}]}}