{"id":22546,"date":"2022-06-21T14:31:19","date_gmt":"2022-06-21T12:31:19","guid":{"rendered":"http:\/\/www.campaniaincammino.it\/?page_id=22546"},"modified":"2022-06-21T14:51:20","modified_gmt":"2022-06-21T12:51:20","slug":"termini-condizioni","status":"publish","type":"page","link":"https:\/\/www.campaniaincammino.it\/en\/termini-condizioni\/","title":{"rendered":"Terms &amp; Conditions"},"content":{"rendered":"<div data-elementor-type=\"wp-page\" data-elementor-id=\"22546\" class=\"elementor elementor-22546\" data-elementor-settings=\"[]\">\n\t\t\t\t\t\t<div class=\"elementor-inner\">\n\t\t\t\t\t\t\t<div class=\"elementor-section-wrap\">\n\t\t\t\t\t\t\t<section class=\"elementor-section elementor-top-section elementor-element elementor-element-367d0b05 elementor-section-boxed elementor-section-height-default elementor-section-height-default\" data-id=\"367d0b05\" data-element_type=\"section\" data-settings=\"{&quot;jet_parallax_layout_list&quot;:[]}\">\n\t\t\t\t\t\t<div class=\"elementor-container elementor-column-gap-default\">\n\t\t\t\t\t\t\t<div class=\"elementor-row\">\n\t\t\t\t\t<div class=\"elementor-column elementor-col-100 elementor-top-column elementor-element elementor-element-242bda00\" data-id=\"242bda00\" data-element_type=\"column\">\n\t\t\t<div class=\"elementor-column-wrap elementor-element-populated\">\n\t\t\t\t\t\t\t<div class=\"elementor-widget-wrap\">\n\t\t\t\t\t\t<div class=\"elementor-element elementor-element-73e0488 elementor-widget elementor-widget-text-editor\" data-id=\"73e0488\" data-element_type=\"widget\" data-widget_type=\"text-editor.default\">\n\t\t\t\t<div class=\"elementor-widget-container\">\n\t\t\t\t\t\t\t\t<div class=\"elementor-text-editor elementor-clearfix\">\n\t\t\t\t<h3 id=\"j_id_1q_4z:modalTitle\" class=\"c-modal__header u-font-weight--bold u-font-size--middle mb-20\">Terms &amp; Conditions<\/h3><div id=\"privacy_policy\" class=\"privacy_policy\"><p>Any cancellation of the services requested by the customer must be notified at least 24 hours before the agreed date. Only in this case the entire cost of the tour will be refunded. In all other cases, nothing will be due.<br \/>The Company reserves the right to change itineraries and \/ or timetables due to force majeure (adverse weather conditions, rough seas, etc.).<br \/>The Company is not responsible for any closures of museums, archaeological sites and is not responsible for strikes, delays, irregularities in city traffic or of any other type, damage caused by third parties or force majeure.<br \/>The Company is not responsible for any changes in the prices of inputs or increases in the cost of services. In the event that such exceptional circumstances prohibit the execution of the service, the Company will refund the customer all the money paid, but no other compensation will be.<br \/>The Company is not responsible for any loss or theft of guest property during the tours.<\/p><p><strong>THE PRICE OF AN EXCURSION INCLUDES: what is indicated in the single product sheet.<\/strong><\/p><\/div><h3>\u00a0<\/h3><h3 id=\"j_id_1q_4z:modalTitle\" class=\"c-modal__header u-font-weight--bold u-font-size--middle mb-20\">Booking Cancellation Policy<\/h3><div id=\"privacy_policy\" class=\"privacy_policy\">The payment for the requested service will be charged to the credit card indicated in the booking procedure 3 days before the service. Up to this date and time it is not a deposit. Once the deadline of 3 days before the transfer has expired, the latter must be paid even in the event of non-execution. In the event that the booking of the transfer should take place in less than 3 days from the same, the payment will be immediate. The customer can cancel his reservation completely free of charge no later than 3 days after the start of the service. Cancellations received after this deadline will be subject to payment of the cost of the service. The cancellation of the reservation must be done by e-mail. CO.A.VE confirms this cancellation by e-mail. In case of non-receipt of the e-mail confirming the cancellation of the service, contact the Booking Office CO.A.VE.<br \/>THE SERVICES WILL BE ACCEPTED WITH ADVANCE PAYMENT OR FULL DEPOSIT BY CREDIT CARD, bank transfer or cash.<br \/>The services can be booked 18 hours before the REQUEST FOR POLICY DATA FOR CANCELLATION:<\/div><ul><li class=\"privacy_policy\"><strong>FULL REFUND 24 HOURS BEFORE THE DATE OF THE SERVICE.<\/strong><\/li><li class=\"privacy_policy\"><strong>REFUND of 50% of or DEPOSIT 12 hours prior to the SERVICE date.<\/strong><\/li><li class=\"privacy_policy\"><strong>IT IS COMPULSORY TO CANCEL A SERVICE VIA E-MAIL.<\/strong><\/li><\/ul>\t\t\t\t\t<\/div>\n\t\t\t\t\t\t<\/div>\n\t\t\t\t<\/div>\n\t\t\t\t\t\t<\/div>\n\t\t\t\t\t<\/div>\n\t\t<\/div>\n\t\t\t\t\t\t\t\t<\/div>\n\t\t\t\t\t<\/div>\n\t\t<\/section>\n\t\t\t\t\t\t<\/div>\n\t\t\t\t\t\t<\/div>\n\t\t\t\t\t<\/div>","protected":false},"excerpt":{"rendered":"<p>Termini e condizioni d\u2019uso Un\u2019eventuale cancellazione dei servizi richiesti dal cliente deve essere notificata almeno 24 ore prima della data concordata. Solo in questo caso l\u2019intero costo del tour sar\u00e0 rimborsato. In tutti gli altri casi, nulla sar\u00e0 dovuto. La Societ\u00e0 si riserva il diritto di modificare itinerari e \/ o orari per cause di [&hellip;]<\/p>","protected":false},"author":1,"featured_media":22554,"parent":0,"menu_order":0,"comment_status":"closed","ping_status":"closed","template":"","meta":{"_exactmetrics_skip_tracking":false,"_exactmetrics_sitenote_active":false,"_exactmetrics_sitenote_note":"","_exactmetrics_sitenote_category":0,"footnotes":""},"class_list":["post-22546","page","type-page","status-publish","has-post-thumbnail","hentry"],"yoast_head":"<!-- This site is optimized with the Yoast SEO plugin v25.3 - https:\/\/yoast.com\/wordpress\/plugins\/seo\/ -->\n<title>Termini &amp; Condizioni - Campania in Cammino<\/title>\n<meta name=\"description\" content=\"Termini e condizioni d\u2019uso - Un\u2019eventuale cancellazione dei servizi richiesti dal cliente deve essere notificata almeno 24 ore prima della data concordata. Solo in questo caso l\u2019intero costo del tour sar\u00e0 rimborsato.\" \/>\n<meta name=\"robots\" content=\"index, follow, max-snippet:-1, max-image-preview:large, max-video-preview:-1\" \/>\n<link rel=\"canonical\" href=\"https:\/\/www.campaniaincammino.it\/en\/termini-condizioni\/\" \/>\n<meta property=\"og:locale\" content=\"en_GB\" \/>\n<meta property=\"og:type\" content=\"article\" \/>\n<meta property=\"og:title\" content=\"Termini &amp; Condizioni - Campania in Cammino\" \/>\n<meta property=\"og:description\" content=\"Termini e condizioni d\u2019uso - Un\u2019eventuale cancellazione dei servizi richiesti dal cliente deve essere notificata almeno 24 ore prima della data concordata. Solo in questo caso l\u2019intero costo del tour sar\u00e0 rimborsato.\" \/>\n<meta property=\"og:url\" content=\"https:\/\/www.campaniaincammino.it\/en\/termini-condizioni\/\" \/>\n<meta property=\"og:site_name\" content=\"Campania in Cammino\" \/>\n<meta property=\"article:publisher\" content=\"https:\/\/www.facebook.com\/campania.in.cammino.official\" \/>\n<meta property=\"article:modified_time\" content=\"2022-06-21T12:51:20+00:00\" \/>\n<meta property=\"og:image\" content=\"https:\/\/www.campaniaincammino.it\/wp-content\/uploads\/2022\/06\/img-slide-termini-e-condizioni.jpg\" \/>\n\t<meta property=\"og:image:width\" content=\"1920\" \/>\n\t<meta property=\"og:image:height\" content=\"766\" \/>\n\t<meta property=\"og:image:type\" content=\"image\/jpeg\" \/>\n<meta name=\"twitter:card\" content=\"summary_large_image\" \/>\n<meta name=\"twitter:label1\" content=\"Estimated reading time\" \/>\n\t<meta name=\"twitter:data1\" content=\"3 minutes\" \/>\n<script type=\"application\/ld+json\" class=\"yoast-schema-graph\">{\"@context\":\"https:\/\/schema.org\",\"@graph\":[{\"@type\":\"WebPage\",\"@id\":\"https:\/\/www.campaniaincammino.it\/termini-condizioni\/\",\"url\":\"https:\/\/www.campaniaincammino.it\/termini-condizioni\/\",\"name\":\"Termini & Condizioni - Campania in Cammino\",\"isPartOf\":{\"@id\":\"https:\/\/www.campaniaincammino.it\/#website\"},\"primaryImageOfPage\":{\"@id\":\"https:\/\/www.campaniaincammino.it\/termini-condizioni\/#primaryimage\"},\"image\":{\"@id\":\"https:\/\/www.campaniaincammino.it\/termini-condizioni\/#primaryimage\"},\"thumbnailUrl\":\"https:\/\/www.campaniaincammino.it\/wp-content\/uploads\/2022\/06\/img-slide-termini-e-condizioni.jpg\",\"datePublished\":\"2022-06-21T12:31:19+00:00\",\"dateModified\":\"2022-06-21T12:51:20+00:00\",\"description\":\"Termini e condizioni d\u2019uso - Un\u2019eventuale cancellazione dei servizi richiesti dal cliente deve essere notificata almeno 24 ore prima della data concordata. Solo in questo caso l\u2019intero costo del tour sar\u00e0 rimborsato.\",\"breadcrumb\":{\"@id\":\"https:\/\/www.campaniaincammino.it\/termini-condizioni\/#breadcrumb\"},\"inLanguage\":\"en-GB\",\"potentialAction\":[{\"@type\":\"ReadAction\",\"target\":[\"https:\/\/www.campaniaincammino.it\/termini-condizioni\/\"]}]},{\"@type\":\"ImageObject\",\"inLanguage\":\"en-GB\",\"@id\":\"https:\/\/www.campaniaincammino.it\/termini-condizioni\/#primaryimage\",\"url\":\"https:\/\/www.campaniaincammino.it\/wp-content\/uploads\/2022\/06\/img-slide-termini-e-condizioni.jpg\",\"contentUrl\":\"https:\/\/www.campaniaincammino.it\/wp-content\/uploads\/2022\/06\/img-slide-termini-e-condizioni.jpg\",\"width\":1920,\"height\":766},{\"@type\":\"BreadcrumbList\",\"@id\":\"https:\/\/www.campaniaincammino.it\/termini-condizioni\/#breadcrumb\",\"itemListElement\":[{\"@type\":\"ListItem\",\"position\":1,\"name\":\"Home\",\"item\":\"https:\/\/www.campaniaincammino.it\/\"},{\"@type\":\"ListItem\",\"position\":2,\"name\":\"Termini &#038; Condizioni\"}]},{\"@type\":\"WebSite\",\"@id\":\"https:\/\/www.campaniaincammino.it\/#website\",\"url\":\"https:\/\/www.campaniaincammino.it\/\",\"name\":\"Campania in Cammino\",\"description\":\"\",\"publisher\":{\"@id\":\"https:\/\/www.campaniaincammino.it\/#organization\"},\"potentialAction\":[{\"@type\":\"SearchAction\",\"target\":{\"@type\":\"EntryPoint\",\"urlTemplate\":\"https:\/\/www.campaniaincammino.it\/?s={search_term_string}\"},\"query-input\":{\"@type\":\"PropertyValueSpecification\",\"valueRequired\":true,\"valueName\":\"search_term_string\"}}],\"inLanguage\":\"en-GB\"},{\"@type\":\"Organization\",\"@id\":\"https:\/\/www.campaniaincammino.it\/#organization\",\"name\":\"Campania in Cammino\",\"url\":\"https:\/\/www.campaniaincammino.it\/\",\"logo\":{\"@type\":\"ImageObject\",\"inLanguage\":\"en-GB\",\"@id\":\"https:\/\/www.campaniaincammino.it\/#\/schema\/logo\/image\/\",\"url\":\"http:\/\/www.campaniaincammino.it\/wp-content\/uploads\/2021\/07\/logo-campaniaincammino.png\",\"contentUrl\":\"http:\/\/www.campaniaincammino.it\/wp-content\/uploads\/2021\/07\/logo-campaniaincammino.png\",\"width\":500,\"height\":200,\"caption\":\"Campania in Cammino\"},\"image\":{\"@id\":\"https:\/\/www.campaniaincammino.it\/#\/schema\/logo\/image\/\"},\"sameAs\":[\"https:\/\/www.facebook.com\/campania.in.cammino.official\",\"https:\/\/www.instagram.com\/campania_incammino\/\"]}]}<\/script>\n<!-- \/ Yoast SEO plugin. -->","yoast_head_json":{"title":"Termini & Condizioni - Campania in Cammino","description":"Termini e condizioni d\u2019uso - Un\u2019eventuale cancellazione dei servizi richiesti dal cliente deve essere notificata almeno 24 ore prima della data concordata. Solo in questo caso l\u2019intero costo del tour sar\u00e0 rimborsato.","robots":{"index":"index","follow":"follow","max-snippet":"max-snippet:-1","max-image-preview":"max-image-preview:large","max-video-preview":"max-video-preview:-1"},"canonical":"https:\/\/www.campaniaincammino.it\/en\/termini-condizioni\/","og_locale":"en_GB","og_type":"article","og_title":"Termini & Condizioni - Campania in Cammino","og_description":"Termini e condizioni d\u2019uso - Un\u2019eventuale cancellazione dei servizi richiesti dal cliente deve essere notificata almeno 24 ore prima della data concordata. Solo in questo caso l\u2019intero costo del tour sar\u00e0 rimborsato.","og_url":"https:\/\/www.campaniaincammino.it\/en\/termini-condizioni\/","og_site_name":"Campania in Cammino","article_publisher":"https:\/\/www.facebook.com\/campania.in.cammino.official","article_modified_time":"2022-06-21T12:51:20+00:00","og_image":[{"width":1920,"height":766,"url":"https:\/\/www.campaniaincammino.it\/wp-content\/uploads\/2022\/06\/img-slide-termini-e-condizioni.jpg","type":"image\/jpeg"}],"twitter_card":"summary_large_image","twitter_misc":{"Estimated reading time":"3 minutes"},"schema":{"@context":"https:\/\/schema.org","@graph":[{"@type":"WebPage","@id":"https:\/\/www.campaniaincammino.it\/termini-condizioni\/","url":"https:\/\/www.campaniaincammino.it\/termini-condizioni\/","name":"Termini & Condizioni - Campania in Cammino","isPartOf":{"@id":"https:\/\/www.campaniaincammino.it\/#website"},"primaryImageOfPage":{"@id":"https:\/\/www.campaniaincammino.it\/termini-condizioni\/#primaryimage"},"image":{"@id":"https:\/\/www.campaniaincammino.it\/termini-condizioni\/#primaryimage"},"thumbnailUrl":"https:\/\/www.campaniaincammino.it\/wp-content\/uploads\/2022\/06\/img-slide-termini-e-condizioni.jpg","datePublished":"2022-06-21T12:31:19+00:00","dateModified":"2022-06-21T12:51:20+00:00","description":"Termini e condizioni d\u2019uso - Un\u2019eventuale cancellazione dei servizi richiesti dal cliente deve essere notificata almeno 24 ore prima della data concordata. Solo in questo caso l\u2019intero costo del tour sar\u00e0 rimborsato.","breadcrumb":{"@id":"https:\/\/www.campaniaincammino.it\/termini-condizioni\/#breadcrumb"},"inLanguage":"en-GB","potentialAction":[{"@type":"ReadAction","target":["https:\/\/www.campaniaincammino.it\/termini-condizioni\/"]}]},{"@type":"ImageObject","inLanguage":"en-GB","@id":"https:\/\/www.campaniaincammino.it\/termini-condizioni\/#primaryimage","url":"https:\/\/www.campaniaincammino.it\/wp-content\/uploads\/2022\/06\/img-slide-termini-e-condizioni.jpg","contentUrl":"https:\/\/www.campaniaincammino.it\/wp-content\/uploads\/2022\/06\/img-slide-termini-e-condizioni.jpg","width":1920,"height":766},{"@type":"BreadcrumbList","@id":"https:\/\/www.campaniaincammino.it\/termini-condizioni\/#breadcrumb","itemListElement":[{"@type":"ListItem","position":1,"name":"Home","item":"https:\/\/www.campaniaincammino.it\/"},{"@type":"ListItem","position":2,"name":"Termini &#038; Condizioni"}]},{"@type":"WebSite","@id":"https:\/\/www.campaniaincammino.it\/#website","url":"https:\/\/www.campaniaincammino.it\/","name":"Campania in Cammino","description":"","publisher":{"@id":"https:\/\/www.campaniaincammino.it\/#organization"},"potentialAction":[{"@type":"SearchAction","target":{"@type":"EntryPoint","urlTemplate":"https:\/\/www.campaniaincammino.it\/?s={search_term_string}"},"query-input":{"@type":"PropertyValueSpecification","valueRequired":true,"valueName":"search_term_string"}}],"inLanguage":"en-GB"},{"@type":"Organization","@id":"https:\/\/www.campaniaincammino.it\/#organization","name":"Campania in Cammino","url":"https:\/\/www.campaniaincammino.it\/","logo":{"@type":"ImageObject","inLanguage":"en-GB","@id":"https:\/\/www.campaniaincammino.it\/#\/schema\/logo\/image\/","url":"http:\/\/www.campaniaincammino.it\/wp-content\/uploads\/2021\/07\/logo-campaniaincammino.png","contentUrl":"http:\/\/www.campaniaincammino.it\/wp-content\/uploads\/2021\/07\/logo-campaniaincammino.png","width":500,"height":200,"caption":"Campania in Cammino"},"image":{"@id":"https:\/\/www.campaniaincammino.it\/#\/schema\/logo\/image\/"},"sameAs":["https:\/\/www.facebook.com\/campania.in.cammino.official","https:\/\/www.instagram.com\/campania_incammino\/"]}]}},"_links":{"self":[{"href":"https:\/\/www.campaniaincammino.it\/en\/wp-json\/wp\/v2\/pages\/22546","targetHints":{"allow":["GET"]}}],"collection":[{"href":"https:\/\/www.campaniaincammino.it\/en\/wp-json\/wp\/v2\/pages"}],"about":[{"href":"https:\/\/www.campaniaincammino.it\/en\/wp-json\/wp\/v2\/types\/page"}],"author":[{"embeddable":true,"href":"https:\/\/www.campaniaincammino.it\/en\/wp-json\/wp\/v2\/users\/1"}],"replies":[{"embeddable":true,"href":"https:\/\/www.campaniaincammino.it\/en\/wp-json\/wp\/v2\/comments?post=22546"}],"version-history":[{"count":9,"href":"https:\/\/www.campaniaincammino.it\/en\/wp-json\/wp\/v2\/pages\/22546\/revisions"}],"predecessor-version":[{"id":22557,"href":"https:\/\/www.campaniaincammino.it\/en\/wp-json\/wp\/v2\/pages\/22546\/revisions\/22557"}],"wp:featuredmedia":[{"embeddable":true,"href":"https:\/\/www.campaniaincammino.it\/en\/wp-json\/wp\/v2\/media\/22554"}],"wp:attachment":[{"href":"https:\/\/www.campaniaincammino.it\/en\/wp-json\/wp\/v2\/media?parent=22546"}],"curies":[{"name":"wp","href":"https:\/\/api.w.org\/{rel}","templated":true}]}}