{"id":22638,"date":"2022-06-23T17:14:54","date_gmt":"2022-06-23T15:14:54","guid":{"rendered":"http:\/\/www.campaniaincammino.it\/?post_type=product&#038;p=22638"},"modified":"2022-06-24T09:38:33","modified_gmt":"2022-06-24T07:38:33","slug":"irpinia","status":"publish","type":"product","link":"https:\/\/www.campaniaincammino.it\/en\/product\/irpinia\/","title":{"rendered":"Irpinia"},"content":{"rendered":"<div data-elementor-type=\"wp-post\" data-elementor-id=\"22638\" class=\"elementor elementor-22638\" data-elementor-settings=\"[]\">\n\t\t\t\t\t\t<div class=\"elementor-inner\">\n\t\t\t\t\t\t\t<div class=\"elementor-section-wrap\">\n\t\t\t\t\t\t\t<section class=\"elementor-section elementor-top-section elementor-element elementor-element-ab9f823 elementor-section-boxed elementor-section-height-default elementor-section-height-default\" data-id=\"ab9f823\" data-element_type=\"section\" data-settings=\"{&quot;jet_parallax_layout_list&quot;:[{&quot;_id&quot;:&quot;c0759c2&quot;,&quot;jet_parallax_layout_image&quot;:{&quot;url&quot;:&quot;&quot;,&quot;id&quot;:&quot;&quot;},&quot;jet_parallax_layout_image_tablet&quot;:{&quot;url&quot;:&quot;&quot;,&quot;id&quot;:&quot;&quot;},&quot;jet_parallax_layout_image_mobile&quot;:{&quot;url&quot;:&quot;&quot;,&quot;id&quot;:&quot;&quot;},&quot;jet_parallax_layout_speed&quot;:{&quot;unit&quot;:&quot;%&quot;,&quot;size&quot;:50,&quot;sizes&quot;:[]},&quot;jet_parallax_layout_type&quot;:&quot;scroll&quot;,&quot;jet_parallax_layout_direction&quot;:null,&quot;jet_parallax_layout_fx_direction&quot;:null,&quot;jet_parallax_layout_z_index&quot;:&quot;&quot;,&quot;jet_parallax_layout_bg_x&quot;:50,&quot;jet_parallax_layout_bg_x_tablet&quot;:&quot;&quot;,&quot;jet_parallax_layout_bg_x_mobile&quot;:&quot;&quot;,&quot;jet_parallax_layout_bg_y&quot;:50,&quot;jet_parallax_layout_bg_y_tablet&quot;:&quot;&quot;,&quot;jet_parallax_layout_bg_y_mobile&quot;:&quot;&quot;,&quot;jet_parallax_layout_bg_size&quot;:&quot;auto&quot;,&quot;jet_parallax_layout_bg_size_tablet&quot;:&quot;&quot;,&quot;jet_parallax_layout_bg_size_mobile&quot;:&quot;&quot;,&quot;jet_parallax_layout_animation_prop&quot;:&quot;transform&quot;,&quot;jet_parallax_layout_on&quot;:[&quot;desktop&quot;,&quot;tablet&quot;]}]}\">\n\t\t\t\t\t\t<div class=\"elementor-container elementor-column-gap-default\">\n\t\t\t\t\t\t\t<div class=\"elementor-row\">\n\t\t\t\t\t<div class=\"elementor-column elementor-col-50 elementor-top-column elementor-element elementor-element-272f2c82\" data-id=\"272f2c82\" data-element_type=\"column\">\n\t\t\t<div class=\"elementor-column-wrap elementor-element-populated\">\n\t\t\t\t\t\t\t<div class=\"elementor-widget-wrap\">\n\t\t\t\t\t\t<div class=\"elementor-element elementor-element-7b4d0b6 elementor-widget elementor-widget-dt-shop-product-single-images-carousel\" data-id=\"7b4d0b6\" data-element_type=\"widget\" data-widget_type=\"dt-shop-product-single-images-carousel.default\">\n\t\t\t\t<div class=\"elementor-widget-container\">\n\t\t\tPlease provide product id to display corresponding data!\t\t<\/div>\n\t\t\t\t<\/div>\n\t\t\t\t\t\t<\/div>\n\t\t\t\t\t<\/div>\n\t\t<\/div>\n\t\t\t\t<div class=\"elementor-column elementor-col-50 elementor-top-column elementor-element elementor-element-7106d349\" data-id=\"7106d349\" data-element_type=\"column\">\n\t\t\t<div class=\"elementor-column-wrap elementor-element-populated\">\n\t\t\t\t\t\t\t<div class=\"elementor-widget-wrap\">\n\t\t\t\t\t\t<div class=\"elementor-element elementor-element-1806d943 elementor-widget elementor-widget-dt-shop-product-single-summary\" data-id=\"1806d943\" data-element_type=\"widget\" data-widget_type=\"dt-shop-product-single-summary.default\">\n\t\t\t\t<div class=\"elementor-widget-container\">\n\t\t\tPlease provide product id to display corresponding data!\t\t<\/div>\n\t\t\t\t<\/div>\n\t\t\t\t\t\t<\/div>\n\t\t\t\t\t<\/div>\n\t\t<\/div>\n\t\t\t\t\t\t\t\t<\/div>\n\t\t\t\t\t<\/div>\n\t\t<\/section>\n\t\t\t\t<section class=\"elementor-section elementor-top-section elementor-element elementor-element-ae9e3ca elementor-section-boxed elementor-section-height-default elementor-section-height-default\" data-id=\"ae9e3ca\" data-element_type=\"section\" data-settings=\"{&quot;jet_parallax_layout_list&quot;:[]}\">\n\t\t\t\t\t\t<div class=\"elementor-container elementor-column-gap-default\">\n\t\t\t\t\t\t\t<div class=\"elementor-row\">\n\t\t\t\t\t<div class=\"elementor-column elementor-col-100 elementor-top-column elementor-element elementor-element-40afbf2\" data-id=\"40afbf2\" data-element_type=\"column\">\n\t\t\t<div class=\"elementor-column-wrap elementor-element-populated\">\n\t\t\t\t\t\t\t<div class=\"elementor-widget-wrap\">\n\t\t\t\t\t\t<div class=\"elementor-element elementor-element-78c087a elementor-widget elementor-widget-spacer\" data-id=\"78c087a\" data-element_type=\"widget\" data-widget_type=\"spacer.default\">\n\t\t\t\t<div class=\"elementor-widget-container\">\n\t\t\t\t\t<div class=\"elementor-spacer\">\n\t\t\t<div class=\"elementor-spacer-inner\"><\/div>\n\t\t<\/div>\n\t\t\t\t<\/div>\n\t\t\t\t<\/div>\n\t\t\t\t<div class=\"elementor-element elementor-element-4156c08 elementor-widget elementor-widget-text-editor\" data-id=\"4156c08\" data-element_type=\"widget\" data-widget_type=\"text-editor.default\">\n\t\t\t\t<div class=\"elementor-widget-container\">\n\t\t\t\t\t\t\t\t<div class=\"elementor-text-editor elementor-clearfix\">\n\t\t\t\t<p>Gallery<\/p>\t\t\t\t\t<\/div>\n\t\t\t\t\t\t<\/div>\n\t\t\t\t<\/div>\n\t\t\t\t<div class=\"elementor-element elementor-element-cba9acb elementor-widget-divider--view-line elementor-widget elementor-widget-divider\" data-id=\"cba9acb\" data-element_type=\"widget\" data-widget_type=\"divider.default\">\n\t\t\t\t<div class=\"elementor-widget-container\">\n\t\t\t\t\t<div class=\"elementor-divider\">\n\t\t\t<span class=\"elementor-divider-separator\">\n\t\t\t\t\t\t<\/span>\n\t\t<\/div>\n\t\t\t\t<\/div>\n\t\t\t\t<\/div>\n\t\t\t\t<div class=\"elementor-element elementor-element-6794ad7 elementor-widget elementor-widget-text-editor\" data-id=\"6794ad7\" data-element_type=\"widget\" data-widget_type=\"text-editor.default\">\n\t\t\t\t<div class=\"elementor-widget-container\">\n\t\t\t\t\t\t\t\t<div class=\"elementor-text-editor elementor-clearfix\">\n\t\t\t\t<p style=\"text-align: center;\">\r\n\t\t\t\t\t\n\r\n\t\t\t\t\t<!-- START UNITE GALLERY 1.7.45 -->\r\n\t\t\t\t\t\r\n\t\t\t\t\n\t\t\t<div id='unitegallery_5_1' class='unite-gallery' style='margin:0px auto;'>\n\t\t\t\t\n\n\t\t\t\t\t\t<img decoding=\"async\" alt=\"\"\n\t\t\t\t\t\t     src=\"\" data-image=\"https:\/\/www.campaniaincammino.it\/wp-content\/uploads\/2022\/06\/img-gallery-monte-cervialto-001.jpg\"\n\t\t\t\t\t\t     data-thumb=\"https:\/\/www.campaniaincammino.it\/wp-content\/uploads\/2022\/06\/img-gallery-monte-cervialto-001.jpg\"\n\t\t\t\t\t\t     title=\"\"\n\t\t\t\t\t\t     style=\"display:none\">\n\n\t\t\t\t\t\t<img decoding=\"async\" alt=\"\"\n\t\t\t\t\t\t     src=\"\" data-image=\"https:\/\/www.campaniaincammino.it\/wp-content\/uploads\/2022\/06\/img-gallery-monte-cervialto-002.jpg\"\n\t\t\t\t\t\t     data-thumb=\"https:\/\/www.campaniaincammino.it\/wp-content\/uploads\/2022\/06\/img-gallery-monte-cervialto-002.jpg\"\n\t\t\t\t\t\t     title=\"\"\n\t\t\t\t\t\t     style=\"display:none\">\n\n\t\t\t\t\t\t<img decoding=\"async\" alt=\"\"\n\t\t\t\t\t\t     src=\"\" data-image=\"https:\/\/www.campaniaincammino.it\/wp-content\/uploads\/2022\/06\/img-gallery-monte-cervialto-003.jpg\"\n\t\t\t\t\t\t     data-thumb=\"https:\/\/www.campaniaincammino.it\/wp-content\/uploads\/2022\/06\/img-gallery-monte-cervialto-003.jpg\"\n\t\t\t\t\t\t     title=\"\"\n\t\t\t\t\t\t     style=\"display:none\">\n\n\t\t\t\t\t\t<img decoding=\"async\" alt=\"\"\n\t\t\t\t\t\t     src=\"\" data-image=\"https:\/\/www.campaniaincammino.it\/wp-content\/uploads\/2022\/06\/img-gallery-monte-cervialto-004.jpg\"\n\t\t\t\t\t\t     data-thumb=\"https:\/\/www.campaniaincammino.it\/wp-content\/uploads\/2022\/06\/img-gallery-monte-cervialto-004.jpg\"\n\t\t\t\t\t\t     title=\"\"\n\t\t\t\t\t\t     style=\"display:none\">\n\n\t\t\t\t\t\t<img decoding=\"async\" alt=\"\"\n\t\t\t\t\t\t     src=\"\" data-image=\"https:\/\/www.campaniaincammino.it\/wp-content\/uploads\/2022\/06\/img-gallery-monte-cervialto-005.jpg\"\n\t\t\t\t\t\t     data-thumb=\"https:\/\/www.campaniaincammino.it\/wp-content\/uploads\/2022\/06\/img-gallery-monte-cervialto-005.jpg\"\n\t\t\t\t\t\t     title=\"\"\n\t\t\t\t\t\t     style=\"display:none\">\n\n\t\t\t\t\t\t<img decoding=\"async\" alt=\"\"\n\t\t\t\t\t\t     src=\"\" data-image=\"https:\/\/www.campaniaincammino.it\/wp-content\/uploads\/2022\/06\/img-gallery-monte-cervialto-006.jpg\"\n\t\t\t\t\t\t     data-thumb=\"https:\/\/www.campaniaincammino.it\/wp-content\/uploads\/2022\/06\/img-gallery-monte-cervialto-006.jpg\"\n\t\t\t\t\t\t     title=\"\"\n\t\t\t\t\t\t     style=\"display:none\">\n\n\t\t\t\t\t\t<img decoding=\"async\" alt=\"\"\n\t\t\t\t\t\t     src=\"\" data-image=\"https:\/\/www.campaniaincammino.it\/wp-content\/uploads\/2022\/06\/img-gallery-monte-cervialto-007.jpg\"\n\t\t\t\t\t\t     data-thumb=\"https:\/\/www.campaniaincammino.it\/wp-content\/uploads\/2022\/06\/img-gallery-monte-cervialto-007.jpg\"\n\t\t\t\t\t\t     title=\"\"\n\t\t\t\t\t\t     style=\"display:none\">\n\n\t\t\t\t\t\t<img decoding=\"async\" alt=\"\"\n\t\t\t\t\t\t     src=\"\" data-image=\"https:\/\/www.campaniaincammino.it\/wp-content\/uploads\/2022\/06\/img-gallery-monte-cervialto-008.jpg\"\n\t\t\t\t\t\t     data-thumb=\"https:\/\/www.campaniaincammino.it\/wp-content\/uploads\/2022\/06\/img-gallery-monte-cervialto-008.jpg\"\n\t\t\t\t\t\t     title=\"\"\n\t\t\t\t\t\t     style=\"display:none\">\n\n\t\t\t\t\t\t<img decoding=\"async\" alt=\"\"\n\t\t\t\t\t\t     src=\"\" data-image=\"https:\/\/www.campaniaincammino.it\/wp-content\/uploads\/2022\/06\/img-gallery-monte-cervialto-009.jpg\"\n\t\t\t\t\t\t     data-thumb=\"https:\/\/www.campaniaincammino.it\/wp-content\/uploads\/2022\/06\/img-gallery-monte-cervialto-009.jpg\"\n\t\t\t\t\t\t     title=\"\"\n\t\t\t\t\t\t     style=\"display:none\">\n\t\t\t<\/div>\n\n\t\t\t<script type='text\/javascript'>\n\t\t\t\twindow.onload = function(e) {\n\t\t\t\t\tif(typeof ugCheckForErrors == \"undefined\"){\n\t\t\t\t\t\tdocument.getElementById(\"unitegallery_5_1\").innerHTML = \"<span style='color:red'>Unite Gallery Error - gallery js and css files not included in the footer. Please make sure that wp_footer() function is added to your theme.<\/span>\";}\n\t\t\t\t\telse{ ugCheckForErrors(\"unitegallery_5_1\", \"jquery\");}\n\t\t\t\t};\n\t\t\t<\/script>\n\n\t\t\t<!-- END UNITEGALLERY --><\/p>\t\t\t\t\t<\/div>\n\t\t\t\t\t\t<\/div>\n\t\t\t\t<\/div>\n\t\t\t\t\t\t<\/div>\n\t\t\t\t\t<\/div>\n\t\t<\/div>\n\t\t\t\t\t\t\t\t<\/div>\n\t\t\t\t\t<\/div>\n\t\t<\/section>\n\t\t\t\t\t\t<\/div>\n\t\t\t\t\t\t<\/div>\n\t\t\t\t\t<\/div>","protected":false},"excerpt":{"rendered":"<h3><strong>Escursione in risalita verso il Monte Cervialto<\/strong><\/h3>\n<p>Questo percorso \u00e8 un fuori pista senza sentiero e ricco di spunti fotografici e panoramici. Partendo dalla piana del Migliato, in risalita lungo una dorsale di cresta che conduce quasi in localit\u00e0 Toppa dei Canti, anzich\u00e9 girare verso Monte Cervarulo, si segue una dorsale boschiva che prosegue verso una delle creste pi\u00f9 panoramiche ed entusiasmanti del Cervialto.<br \/>\nRaggiunta la in vetta e ammirato lo straordinario spettacolo della natura, si scende lungo una nuova direttissima di cresta che conduce fino ad un bosco misto di cerro, faggio e acero dove un canalone di foglie porta alla strada principale per il piano Migliato.<\/p>\n<p>Length: <strong>8 km<\/strong><br \/>\nDifficolt\u00e0: <strong>media<br \/>\n<\/strong>Dislivello: <strong>644 metri<br \/>\n<\/strong>Durata: <strong>5 h<\/strong><\/p>\n<p>&nbsp;<\/p>\n<p><strong>Costi<\/strong><\/p>\n<ul>\n<li><strong>\u20ac 180,00<\/strong> &#8211; per minimo 2 persone<\/li>\n<\/ul>\n<p><strong><em>Il percorso pu\u00f2 essere svolto in maniera privata, secondo le tariffe indicate, oppure in aggregazione ad un gruppo con tariffa diversa (da quotare).<\/em><\/strong><\/p>\n<p>&nbsp;<\/p>","protected":false},"featured_media":22581,"template":"","meta":{"_exactmetrics_skip_tracking":false,"_exactmetrics_sitenote_active":false,"_exactmetrics_sitenote_note":"","_exactmetrics_sitenote_category":0},"product_brand":[],"product_cat":[59],"product_tag":[],"class_list":{"0":"post-22638","1":"product","2":"type-product","3":"status-publish","4":"has-post-thumbnail","6":"product_cat-escursioni","8":"first","9":"instock","10":"shipping-taxable","11":"purchasable","12":"product-type-simple"},"yoast_head":"<!-- This site is optimized with the Yoast SEO plugin v25.3 - https:\/\/yoast.com\/wordpress\/plugins\/seo\/ -->\n<title>Irpinia - Campania in Cammino<\/title>\n<meta name=\"description\" content=\"Questo percorso \u00e8 un fuori pista senza sentiero e ricco di spunti fotografici e panoramici. Partendo dalla piana del Migliato, in risalita lungo una dorsale di cresta che conduce quasi in localit\u00e0 Toppa dei Canti\" \/>\n<meta name=\"robots\" content=\"index, follow, max-snippet:-1, max-image-preview:large, max-video-preview:-1\" \/>\n<link rel=\"canonical\" href=\"https:\/\/www.campaniaincammino.it\/en\/product\/irpinia\/\" \/>\n<meta property=\"og:locale\" content=\"en_GB\" \/>\n<meta property=\"og:type\" content=\"article\" \/>\n<meta property=\"og:title\" content=\"Irpinia - Campania in Cammino\" \/>\n<meta property=\"og:description\" content=\"Questo percorso \u00e8 un fuori pista senza sentiero e ricco di spunti fotografici e panoramici. Partendo dalla piana del Migliato, in risalita lungo una dorsale di cresta che conduce quasi in localit\u00e0 Toppa dei Canti\" \/>\n<meta property=\"og:url\" content=\"https:\/\/www.campaniaincammino.it\/en\/product\/irpinia\/\" \/>\n<meta property=\"og:site_name\" content=\"Campania in Cammino\" \/>\n<meta property=\"article:publisher\" content=\"https:\/\/www.facebook.com\/campania.in.cammino.official\" \/>\n<meta property=\"article:modified_time\" content=\"2022-06-24T07:38:33+00:00\" \/>\n<meta property=\"og:image\" content=\"https:\/\/www.campaniaincammino.it\/wp-content\/uploads\/2022\/06\/img-irpinia.jpg\" \/>\n\t<meta property=\"og:image:width\" content=\"600\" \/>\n\t<meta property=\"og:image:height\" content=\"500\" \/>\n\t<meta property=\"og:image:type\" content=\"image\/jpeg\" \/>\n<meta name=\"twitter:card\" content=\"summary_large_image\" \/>\n<meta name=\"twitter:label1\" content=\"Estimated reading time\" \/>\n\t<meta name=\"twitter:data1\" content=\"2 minutes\" \/>\n<script type=\"application\/ld+json\" class=\"yoast-schema-graph\">{\"@context\":\"https:\/\/schema.org\",\"@graph\":[{\"@type\":\"WebPage\",\"@id\":\"https:\/\/www.campaniaincammino.it\/product\/irpinia\/\",\"url\":\"https:\/\/www.campaniaincammino.it\/product\/irpinia\/\",\"name\":\"Irpinia - Campania in Cammino\",\"isPartOf\":{\"@id\":\"https:\/\/www.campaniaincammino.it\/#website\"},\"primaryImageOfPage\":{\"@id\":\"https:\/\/www.campaniaincammino.it\/product\/irpinia\/#primaryimage\"},\"image\":{\"@id\":\"https:\/\/www.campaniaincammino.it\/product\/irpinia\/#primaryimage\"},\"thumbnailUrl\":\"https:\/\/www.campaniaincammino.it\/wp-content\/uploads\/2022\/06\/img-irpinia.jpg\",\"datePublished\":\"2022-06-23T15:14:54+00:00\",\"dateModified\":\"2022-06-24T07:38:33+00:00\",\"description\":\"Questo percorso \u00e8 un fuori pista senza sentiero e ricco di spunti fotografici e panoramici. Partendo dalla piana del Migliato, in risalita lungo una dorsale di cresta che conduce quasi in localit\u00e0 Toppa dei Canti\",\"breadcrumb\":{\"@id\":\"https:\/\/www.campaniaincammino.it\/product\/irpinia\/#breadcrumb\"},\"inLanguage\":\"en-GB\",\"potentialAction\":[{\"@type\":\"ReadAction\",\"target\":[\"https:\/\/www.campaniaincammino.it\/product\/irpinia\/\"]}]},{\"@type\":\"ImageObject\",\"inLanguage\":\"en-GB\",\"@id\":\"https:\/\/www.campaniaincammino.it\/product\/irpinia\/#primaryimage\",\"url\":\"https:\/\/www.campaniaincammino.it\/wp-content\/uploads\/2022\/06\/img-irpinia.jpg\",\"contentUrl\":\"https:\/\/www.campaniaincammino.it\/wp-content\/uploads\/2022\/06\/img-irpinia.jpg\",\"width\":600,\"height\":500},{\"@type\":\"BreadcrumbList\",\"@id\":\"https:\/\/www.campaniaincammino.it\/product\/irpinia\/#breadcrumb\",\"itemListElement\":[{\"@type\":\"ListItem\",\"position\":1,\"name\":\"Home\",\"item\":\"https:\/\/www.campaniaincammino.it\/\"},{\"@type\":\"ListItem\",\"position\":2,\"name\":\"Shop\",\"item\":\"https:\/\/www.campaniaincammino.it\/shop\/\"},{\"@type\":\"ListItem\",\"position\":3,\"name\":\"Irpinia\"}]},{\"@type\":\"WebSite\",\"@id\":\"https:\/\/www.campaniaincammino.it\/#website\",\"url\":\"https:\/\/www.campaniaincammino.it\/\",\"name\":\"Campania in Cammino\",\"description\":\"\",\"publisher\":{\"@id\":\"https:\/\/www.campaniaincammino.it\/#organization\"},\"potentialAction\":[{\"@type\":\"SearchAction\",\"target\":{\"@type\":\"EntryPoint\",\"urlTemplate\":\"https:\/\/www.campaniaincammino.it\/?s={search_term_string}\"},\"query-input\":{\"@type\":\"PropertyValueSpecification\",\"valueRequired\":true,\"valueName\":\"search_term_string\"}}],\"inLanguage\":\"en-GB\"},{\"@type\":\"Organization\",\"@id\":\"https:\/\/www.campaniaincammino.it\/#organization\",\"name\":\"Campania in Cammino\",\"url\":\"https:\/\/www.campaniaincammino.it\/\",\"logo\":{\"@type\":\"ImageObject\",\"inLanguage\":\"en-GB\",\"@id\":\"https:\/\/www.campaniaincammino.it\/#\/schema\/logo\/image\/\",\"url\":\"http:\/\/www.campaniaincammino.it\/wp-content\/uploads\/2021\/07\/logo-campaniaincammino.png\",\"contentUrl\":\"http:\/\/www.campaniaincammino.it\/wp-content\/uploads\/2021\/07\/logo-campaniaincammino.png\",\"width\":500,\"height\":200,\"caption\":\"Campania in Cammino\"},\"image\":{\"@id\":\"https:\/\/www.campaniaincammino.it\/#\/schema\/logo\/image\/\"},\"sameAs\":[\"https:\/\/www.facebook.com\/campania.in.cammino.official\",\"https:\/\/www.instagram.com\/campania_incammino\/\"]}]}<\/script>\n<!-- \/ Yoast SEO plugin. -->","yoast_head_json":{"title":"Irpinia - Campania in Cammino","description":"Questo percorso \u00e8 un fuori pista senza sentiero e ricco di spunti fotografici e panoramici. Partendo dalla piana del Migliato, in risalita lungo una dorsale di cresta che conduce quasi in localit\u00e0 Toppa dei Canti","robots":{"index":"index","follow":"follow","max-snippet":"max-snippet:-1","max-image-preview":"max-image-preview:large","max-video-preview":"max-video-preview:-1"},"canonical":"https:\/\/www.campaniaincammino.it\/en\/product\/irpinia\/","og_locale":"en_GB","og_type":"article","og_title":"Irpinia - Campania in Cammino","og_description":"Questo percorso \u00e8 un fuori pista senza sentiero e ricco di spunti fotografici e panoramici. Partendo dalla piana del Migliato, in risalita lungo una dorsale di cresta che conduce quasi in localit\u00e0 Toppa dei Canti","og_url":"https:\/\/www.campaniaincammino.it\/en\/product\/irpinia\/","og_site_name":"Campania in Cammino","article_publisher":"https:\/\/www.facebook.com\/campania.in.cammino.official","article_modified_time":"2022-06-24T07:38:33+00:00","og_image":[{"width":600,"height":500,"url":"https:\/\/www.campaniaincammino.it\/wp-content\/uploads\/2022\/06\/img-irpinia.jpg","type":"image\/jpeg"}],"twitter_card":"summary_large_image","twitter_misc":{"Estimated reading time":"2 minutes"},"schema":{"@context":"https:\/\/schema.org","@graph":[{"@type":"WebPage","@id":"https:\/\/www.campaniaincammino.it\/product\/irpinia\/","url":"https:\/\/www.campaniaincammino.it\/product\/irpinia\/","name":"Irpinia - Campania in Cammino","isPartOf":{"@id":"https:\/\/www.campaniaincammino.it\/#website"},"primaryImageOfPage":{"@id":"https:\/\/www.campaniaincammino.it\/product\/irpinia\/#primaryimage"},"image":{"@id":"https:\/\/www.campaniaincammino.it\/product\/irpinia\/#primaryimage"},"thumbnailUrl":"https:\/\/www.campaniaincammino.it\/wp-content\/uploads\/2022\/06\/img-irpinia.jpg","datePublished":"2022-06-23T15:14:54+00:00","dateModified":"2022-06-24T07:38:33+00:00","description":"Questo percorso \u00e8 un fuori pista senza sentiero e ricco di spunti fotografici e panoramici. Partendo dalla piana del Migliato, in risalita lungo una dorsale di cresta che conduce quasi in localit\u00e0 Toppa dei Canti","breadcrumb":{"@id":"https:\/\/www.campaniaincammino.it\/product\/irpinia\/#breadcrumb"},"inLanguage":"en-GB","potentialAction":[{"@type":"ReadAction","target":["https:\/\/www.campaniaincammino.it\/product\/irpinia\/"]}]},{"@type":"ImageObject","inLanguage":"en-GB","@id":"https:\/\/www.campaniaincammino.it\/product\/irpinia\/#primaryimage","url":"https:\/\/www.campaniaincammino.it\/wp-content\/uploads\/2022\/06\/img-irpinia.jpg","contentUrl":"https:\/\/www.campaniaincammino.it\/wp-content\/uploads\/2022\/06\/img-irpinia.jpg","width":600,"height":500},{"@type":"BreadcrumbList","@id":"https:\/\/www.campaniaincammino.it\/product\/irpinia\/#breadcrumb","itemListElement":[{"@type":"ListItem","position":1,"name":"Home","item":"https:\/\/www.campaniaincammino.it\/"},{"@type":"ListItem","position":2,"name":"Shop","item":"https:\/\/www.campaniaincammino.it\/shop\/"},{"@type":"ListItem","position":3,"name":"Irpinia"}]},{"@type":"WebSite","@id":"https:\/\/www.campaniaincammino.it\/#website","url":"https:\/\/www.campaniaincammino.it\/","name":"Campania in Cammino","description":"","publisher":{"@id":"https:\/\/www.campaniaincammino.it\/#organization"},"potentialAction":[{"@type":"SearchAction","target":{"@type":"EntryPoint","urlTemplate":"https:\/\/www.campaniaincammino.it\/?s={search_term_string}"},"query-input":{"@type":"PropertyValueSpecification","valueRequired":true,"valueName":"search_term_string"}}],"inLanguage":"en-GB"},{"@type":"Organization","@id":"https:\/\/www.campaniaincammino.it\/#organization","name":"Campania in Cammino","url":"https:\/\/www.campaniaincammino.it\/","logo":{"@type":"ImageObject","inLanguage":"en-GB","@id":"https:\/\/www.campaniaincammino.it\/#\/schema\/logo\/image\/","url":"http:\/\/www.campaniaincammino.it\/wp-content\/uploads\/2021\/07\/logo-campaniaincammino.png","contentUrl":"http:\/\/www.campaniaincammino.it\/wp-content\/uploads\/2021\/07\/logo-campaniaincammino.png","width":500,"height":200,"caption":"Campania in Cammino"},"image":{"@id":"https:\/\/www.campaniaincammino.it\/#\/schema\/logo\/image\/"},"sameAs":["https:\/\/www.facebook.com\/campania.in.cammino.official","https:\/\/www.instagram.com\/campania_incammino\/"]}]}},"_links":{"self":[{"href":"https:\/\/www.campaniaincammino.it\/en\/wp-json\/wp\/v2\/product\/22638","targetHints":{"allow":["GET"]}}],"collection":[{"href":"https:\/\/www.campaniaincammino.it\/en\/wp-json\/wp\/v2\/product"}],"about":[{"href":"https:\/\/www.campaniaincammino.it\/en\/wp-json\/wp\/v2\/types\/product"}],"version-history":[{"count":5,"href":"https:\/\/www.campaniaincammino.it\/en\/wp-json\/wp\/v2\/product\/22638\/revisions"}],"predecessor-version":[{"id":22652,"href":"https:\/\/www.campaniaincammino.it\/en\/wp-json\/wp\/v2\/product\/22638\/revisions\/22652"}],"wp:featuredmedia":[{"embeddable":true,"href":"https:\/\/www.campaniaincammino.it\/en\/wp-json\/wp\/v2\/media\/22581"}],"wp:attachment":[{"href":"https:\/\/www.campaniaincammino.it\/en\/wp-json\/wp\/v2\/media?parent=22638"}],"wp:term":[{"taxonomy":"product_brand","embeddable":true,"href":"https:\/\/www.campaniaincammino.it\/en\/wp-json\/wp\/v2\/product_brand?post=22638"},{"taxonomy":"product_cat","embeddable":true,"href":"https:\/\/www.campaniaincammino.it\/en\/wp-json\/wp\/v2\/product_cat?post=22638"},{"taxonomy":"product_tag","embeddable":true,"href":"https:\/\/www.campaniaincammino.it\/en\/wp-json\/wp\/v2\/product_tag?post=22638"}],"curies":[{"name":"wp","href":"https:\/\/api.w.org\/{rel}","templated":true}]}}